{"id":389,"date":"2024-09-13T18:49:05","date_gmt":"2024-09-13T18:49:05","guid":{"rendered":"https:\/\/lofimusic.com.es\/index.php\/producto\/b0cgvdcl65_de\/"},"modified":"2024-09-13T18:49:05","modified_gmt":"2024-09-13T18:49:05","slug":"b0cgvdcl65_de","status":"publish","type":"product","link":"https:\/\/lofimusic.com.es\/index.php\/producto\/b0cgvdcl65_de\/","title":{"rendered":"B0CGVDCL65_DE"},"content":{"rendered":"<p>&#8211; \ud83d\udc26\u3010250W Heizung\u3011Diese Vogelbadheizung verwendet 120V Spannung und hat eine Heizleistung von 250W, dann passt die Heizung oder K\u00fchlung an, um die gew\u00fcnschte konstante Temperatur zu halten.Die Vogelbadheizung Enteiser f\u00fcr drau\u00dfen im Winter mit eingebauter thermostatischer Kontrollfunktion und 3,3ft Steckerkabel erm\u00f6glicht es Ihnen.<br \/>\n&#8211; \ud83d\udc26\u3010Vogelbad Enteiser mit Wasserpumpe\u3011Das Vogelbad Enteiser erm\u00f6glicht es Tieren, Wasser zu trinken oder f\u00fcr einen Moment im Winter auszuruhen,Und mit einer Wasserpumpe k\u00f6nnen Sie das Wasser im Winter auch sch\u00f6nes Wasser spr\u00fchen lassen, f\u00fcgen Sie eine Landschaft zu Ihrem Gartenhof hinzu.<br \/>\n&#8211; \ud83d\udc26\u3010Stecken und Spielen\u3011Dieses beheizte Vogelbad ist sehr bequem zu bedienen, legen Sie einfach das Wasser unter das beheizte Vogelbad, und dann stecken Sie es ein, um es zu verwenden. Schlie\u00dfen Sie einfach das Kabel an die Stromquelle an und Ihr Vogel oder Nutztier kann in wenigen Minuten warmes Wasser.<br \/>\n&#8211; \ud83d\udc26\u3010Pr\u00e4venting Icing\u3011 Bewahren Sie Ihr Vogelbad vor dem Einfrieren im Winter mit diesem leistungsstarken Vogelbad-Enteiser.Die Vogelbadheizung ist aus strapazierf\u00e4higem Aluminiumguss gefertigt. Tipp: Lassen Sie die Heizung nicht ohne Wasser arbeiten.<br \/>\n&#8211; \ud83d\udc26\u3010Das ideale Geschenk f\u00fcr V\u00f6gel\u3011Dieser Vogelbad-Enteiser hilft V\u00f6geln und anderen Kleintieren, auch im Winter eine flie\u00dfende Wasserquelle zu haben, was ihnen hilft, einen warmen Winter zu haben, was es zu einem idealen Geschenk f\u00fcr sie macht.<\/p>\n","protected":false},"excerpt":{"rendered":"<p>Werbung<br \/>\nikuchelife Vogeltr\u00e4nken-Heizung mit Wasserpumpe 250W Wasser-Enteiser f\u00fcr Vogeltr\u00e4nken mit thermostatischer Steuerung und 1M langem Kabel, beheizter Vogeltr\u00e4nken-Enteiser geeignet f\u00fcr Vogeltr\u00e4nken<\/p>\n","protected":false},"featured_media":387,"comment_status":"open","ping_status":"closed","template":"","meta":[],"product_cat":[15],"product_tag":[],"class_list":{"0":"post-389","1":"product","2":"type-product","3":"status-publish","4":"has-post-thumbnail","6":"product_cat-sin-categorizar","7":"nodate","8":"item-wrap","10":"first","11":"instock","12":"shipping-taxable","13":"product-type-external"},"_links":{"self":[{"href":"https:\/\/lofimusic.com.es\/index.php\/wp-json\/wp\/v2\/product\/389","targetHints":{"allow":["GET"]}}],"collection":[{"href":"https:\/\/lofimusic.com.es\/index.php\/wp-json\/wp\/v2\/product"}],"about":[{"href":"https:\/\/lofimusic.com.es\/index.php\/wp-json\/wp\/v2\/types\/product"}],"replies":[{"embeddable":true,"href":"https:\/\/lofimusic.com.es\/index.php\/wp-json\/wp\/v2\/comments?post=389"}],"wp:featuredmedia":[{"embeddable":true,"href":"https:\/\/lofimusic.com.es\/index.php\/wp-json\/wp\/v2\/media\/387"}],"wp:attachment":[{"href":"https:\/\/lofimusic.com.es\/index.php\/wp-json\/wp\/v2\/media?parent=389"}],"wp:term":[{"taxonomy":"product_cat","embeddable":true,"href":"https:\/\/lofimusic.com.es\/index.php\/wp-json\/wp\/v2\/product_cat?post=389"},{"taxonomy":"product_tag","embeddable":true,"href":"https:\/\/lofimusic.com.es\/index.php\/wp-json\/wp\/v2\/product_tag?post=389"}],"curies":[{"name":"wp","href":"https:\/\/api.w.org\/{rel}","templated":true}]}}