{"id":388,"date":"2024-09-13T18:49:05","date_gmt":"2024-09-13T18:49:05","guid":{"rendered":"https:\/\/lofimusic.com.es\/index.php\/producto\/b0d46hmjcc_fr\/"},"modified":"2024-09-13T18:49:05","modified_gmt":"2024-09-13T18:49:05","slug":"b0d46hmjcc_fr","status":"publish","type":"product","link":"https:\/\/lofimusic.com.es\/index.php\/producto\/b0d46hmjcc_fr\/","title":{"rendered":"B0D46HMJCC_FR"},"content":{"rendered":"<p>&#8211; \u2728Ces r\u00e9pulsifs sp\u00e9cialis\u00e9s pour animaux nocturnes sont dot\u00e9s de deux flashs LED rouges qui renforcent la capacit\u00e9 \u00e0 repousser efficacement les animaux nocturnes. Il \u00e9loigne les ratons laveurs, dissuade les coyotes, sert de r\u00e9pulsif solaire pour les cerfs, \u00e9loigne les mouffettes et prot\u00e8ge votre famille gr\u00e2ce \u00e0 la technologie Solar Predator Eye.<br \/>\n&#8211; \u2728Nos r\u00e9pulsifs solaires pour coyotes utilisent le chargement solaire direct pour fournir une solution pratique et \u00e9cologique. Le capteur de jardin utilise des batteries solaires rechargeables pour garantir un fonctionnement enti\u00e8rement automatique et sans souci. Ce r\u00e9pulsif \u00e0 renard convient \u00e0 de nombreux endroits, notamment les fermes, les jardins, les pelouses, les p\u00e9pini\u00e8res et les vergers.<br \/>\n&#8211; \u2728HUMANE &#8211; La dissuasion oculaire des pr\u00e9dateurs est une m\u00e9thode innovante, \u00e9conomique et humaine de lutte antiparasitaire. Ne contient aucun produit chimique toxique, est sans danger pour les enfants ou les animaux domestiques.<br \/>\n&#8211; \u2728R\u00c9PULSIF AUTOMATIQUE POUR PR\u00c9DATEURS DE NUIT &#8211; Ce r\u00e9pulsif pour chats est \u00e9cologique et \u00e9conomique, fonctionne \u00e0 l&#8217;\u00e9nergie solaire et commence \u00e0 fonctionner automatiquement la nuit pour dissuader les parasites.<br \/>\n&#8211; \u2728Le r\u00e9pulseur d&#8217;animaux \u00e0 ultrasons aliment\u00e9 par l&#8217;\u00e9nergie solaire est fabriqu\u00e9 avec des mat\u00e9riaux de haute qualit\u00e9 pour garantir une durabilit\u00e9 \u00e0 long terme et des performances fiables. Il peut r\u00e9sister \u00e0 l&#8217;environnement ext\u00e9rieur et conserver son efficacit\u00e9 au fil du temps, vous offrant ainsi une solution durable.<\/p>\n","protected":false},"excerpt":{"rendered":"<p>publicit\u00e9<br \/>\nHONGXIAN Oeil de Pr\u00e9dateur, lumi\u00e8re LED Rouge, R\u00e9pulsif pour Animaux d&#8217;ext\u00e9rieur \u00e0 \u00e9nergie Solaire, Que Les ratons laveurs, Les chevreuils, Les Renards, Les sangliers, etc.<\/p>\n","protected":false},"featured_media":386,"comment_status":"open","ping_status":"closed","template":"","meta":[],"product_cat":[15],"product_tag":[],"class_list":{"0":"post-388","1":"product","2":"type-product","3":"status-publish","4":"has-post-thumbnail","6":"product_cat-sin-categorizar","7":"nodate","8":"item-wrap","10":"first","11":"instock","12":"shipping-taxable","13":"product-type-external"},"_links":{"self":[{"href":"https:\/\/lofimusic.com.es\/index.php\/wp-json\/wp\/v2\/product\/388","targetHints":{"allow":["GET"]}}],"collection":[{"href":"https:\/\/lofimusic.com.es\/index.php\/wp-json\/wp\/v2\/product"}],"about":[{"href":"https:\/\/lofimusic.com.es\/index.php\/wp-json\/wp\/v2\/types\/product"}],"replies":[{"embeddable":true,"href":"https:\/\/lofimusic.com.es\/index.php\/wp-json\/wp\/v2\/comments?post=388"}],"wp:featuredmedia":[{"embeddable":true,"href":"https:\/\/lofimusic.com.es\/index.php\/wp-json\/wp\/v2\/media\/386"}],"wp:attachment":[{"href":"https:\/\/lofimusic.com.es\/index.php\/wp-json\/wp\/v2\/media?parent=388"}],"wp:term":[{"taxonomy":"product_cat","embeddable":true,"href":"https:\/\/lofimusic.com.es\/index.php\/wp-json\/wp\/v2\/product_cat?post=388"},{"taxonomy":"product_tag","embeddable":true,"href":"https:\/\/lofimusic.com.es\/index.php\/wp-json\/wp\/v2\/product_tag?post=388"}],"curies":[{"name":"wp","href":"https:\/\/api.w.org\/{rel}","templated":true}]}}