{"id":383,"date":"2024-09-13T18:45:06","date_gmt":"2024-09-13T18:45:06","guid":{"rendered":"https:\/\/lofimusic.com.es\/index.php\/producto\/b0db52m2jd_fr\/"},"modified":"2024-09-13T18:45:06","modified_gmt":"2024-09-13T18:45:06","slug":"b0db52m2jd_fr","status":"publish","type":"product","link":"https:\/\/lofimusic.com.es\/index.php\/producto\/b0db52m2jd_fr\/","title":{"rendered":"B0DB52M2JD_FR"},"content":{"rendered":"<p>&#8211; \u26a1\u3010Efficace pour les insectes volants\u3011la lampe \u00e9lectrique anti-moustique est dot\u00e9e d&#8217;une lampe UV FSL 20 W haute intensit\u00e9 \u00e0 dissipation thermique rapide, sans stroboscope, \u00e0 lumi\u00e8re uniforme et douce qui \u00e9met une onde lumineuse bionique de 365 nm, dont il a \u00e9t\u00e9 prouv\u00e9 qu&#8217;elle attire massivement les moustiques, les mouches, les mites et autres insectes volants phototropiques. La lampe FSL a une conception \u00e9conome en \u00e9nergie, une faible puissance, une dur\u00e9e de vie allant jusqu&#8217;\u00e0 3 000 heures.<br \/>\n&#8211; \u26a1\u3010Nouvelle de Lampe Anti Moustique &#8211; Avec LED Lampe \u3011La base de la lampe anti-moustique est \u00e9quip\u00e9e d&#8217;une 9W LED lumi\u00e8re. Il repousse non seulement les moustiques, mais fournit \u00e9galement un \u00e9clairage. Il peut \u00eatre utilis\u00e9 dans diff\u00e9rents endroits, notamment \u00e0 la maison, dans, \u00e0 la ferme, sur le balcon, sur la terrasse, dans la cour, sur la pergola, lors de f\u00eates, de barbecues, en camping et bien plus encore.<br \/>\n&#8211; \u26a1\u3010Facile \u00e0 nettoyer : pour nettoyer les moustiques morts\u3011 Assurez-vous que l&#8217;appareil est d\u00e9branch\u00e9 d&#8217;une prise de courant, puis ouvrez le couvercle de protection contre les moustiques. Utilisez un tournevis pour toucher la plaque m\u00e9tallique afin de lib\u00e9rer l&#8217;\u00e9lectricit\u00e9 statique. Utilisez le mouchoir ou la petite brosse pour retirer les insectes morts du destructeur d&#8217;insectes d&#8217;int\u00e9rieur.<br \/>\n&#8211; \u26a1\u3010Sans produits chimiques, sans danger pour les humains et les animaux de compagnie\u3011Zappeur de moustiques en mat\u00e9riau respectueux de l&#8217;environnement. D\u00e9barrassez-vous rapidement des moustiques sans poisons ou sprays collants et salissants. Utilisez une m\u00e9thode physique naturelle pour vous d\u00e9barrasser des mouches. Destructeur d&#8217;insectes d&#8217;int\u00e9rieur, id\u00e9al pour les endroits o\u00f9 les pesticides ne peuvent pas \u00eatre pulv\u00e9ris\u00e9s, Compl\u00e8tement sans danger pour les humains et les animaux.<br \/>\n&#8211; \u26a1\u3010Service de qualit\u00e9\u3011 les derniers produits prot\u00e8gent votre espace de vie contre les insectes nuisibles. Nous offrons un service en ligne de 24 heures et une dur\u00e9e de conservation de 6 mois. Si vous avez des questions, veuillez nous contacter.<\/p>\n","protected":false},"excerpt":{"rendered":"<p>publicit\u00e9<br \/>\nAILEDA Lampe Anti Moustique,Lampe Anti Moustique Exterieur avec LED Lampe 2 in 1(4 PCS),Non Toxique et inodore,Insectes Moustique Tueur Lampe pour Maison Patio Jardin Cour Arri\u00e8re(Electrostimulateur)<\/p>\n","protected":false},"featured_media":382,"comment_status":"open","ping_status":"closed","template":"","meta":[],"product_cat":[15],"product_tag":[],"class_list":{"0":"post-383","1":"product","2":"type-product","3":"status-publish","4":"has-post-thumbnail","6":"product_cat-sin-categorizar","7":"nodate","8":"item-wrap","10":"first","11":"instock","12":"shipping-taxable","13":"product-type-external"},"_links":{"self":[{"href":"https:\/\/lofimusic.com.es\/index.php\/wp-json\/wp\/v2\/product\/383","targetHints":{"allow":["GET"]}}],"collection":[{"href":"https:\/\/lofimusic.com.es\/index.php\/wp-json\/wp\/v2\/product"}],"about":[{"href":"https:\/\/lofimusic.com.es\/index.php\/wp-json\/wp\/v2\/types\/product"}],"replies":[{"embeddable":true,"href":"https:\/\/lofimusic.com.es\/index.php\/wp-json\/wp\/v2\/comments?post=383"}],"wp:featuredmedia":[{"embeddable":true,"href":"https:\/\/lofimusic.com.es\/index.php\/wp-json\/wp\/v2\/media\/382"}],"wp:attachment":[{"href":"https:\/\/lofimusic.com.es\/index.php\/wp-json\/wp\/v2\/media?parent=383"}],"wp:term":[{"taxonomy":"product_cat","embeddable":true,"href":"https:\/\/lofimusic.com.es\/index.php\/wp-json\/wp\/v2\/product_cat?post=383"},{"taxonomy":"product_tag","embeddable":true,"href":"https:\/\/lofimusic.com.es\/index.php\/wp-json\/wp\/v2\/product_tag?post=383"}],"curies":[{"name":"wp","href":"https:\/\/api.w.org\/{rel}","templated":true}]}}