{"id":375,"date":"2024-09-13T18:41:04","date_gmt":"2024-09-13T18:41:04","guid":{"rendered":"https:\/\/lofimusic.com.es\/index.php\/producto\/b0d4pt7lz5_fr\/"},"modified":"2024-09-13T18:41:04","modified_gmt":"2024-09-13T18:41:04","slug":"b0d4pt7lz5_fr","status":"publish","type":"product","link":"https:\/\/lofimusic.com.es\/index.php\/producto\/b0d4pt7lz5_fr\/","title":{"rendered":"B0D4PT7LZ5_FR"},"content":{"rendered":"<p>&#8211; \ud83d\udd25 Performance: Gr\u00e2ce au d\u00e9tecteur infrarouge de mouvement intelligent, ce r\u00e9pulsif multifonctions est puissant pour \u00e9loigner un plus grand nombre d&#8217;animaux : le renard, le chat, le chien, les rongeurs, le pigeon, l&#8217;\u00e9cureuil, le lapins, le cerf, le pigeon, les rats, les souris, la mouffette, le chauves-souris, le lynx, le raton laveur, le blaireau, le taupe, le serpent et autres animaux.<br \/>\n&#8211; \ud83d\udd25 Meilleure qualit\u00e9 : le r\u00e9pulsif de qualit\u00e9 sup\u00e9rieur est solide et r\u00e9sistant \u00e0 l\u2019eau (waterproof IP66) , poss\u00e8de un grand panneau solaire pour une meilleure absorption de la lumi\u00e8re, fonctionne h24, recharge solaire ou USB, fixation sol ou m\u00fbr et offre une large gamme de r\u00e9glages d\u2019onde ultrasonique pour s&#8217;adapter \u00e0 diff\u00e9rents animaux et situations.<br \/>\n&#8211; \ud83d\udd25Facile \u00e0 installer: L&#8217;installation se compl\u00e8te simplement en l&#8217;ins\u00e9rant dans le sol. Parce qu&#8217;il est compact et pratique \u00e0 transporter. Vous pouvez facilement installer des r\u00e9pulsifs dans diff\u00e9rents endroits. Prot\u00e8ge diverses choses comme les jardins d&#8217;h\u00f4tel, les jardins de villas, les fermes, les rizi\u00e8res et les champs agricoles des taupes.<br \/>\n&#8211; \ud83d\udd25Respectueux de l&#8217;environnement et s\u00fbr : le rongeur creus\u00e9 est presque aveugle, mais il est extr\u00eamement sensible aux sons et aux vibrations. Notre r\u00e9pulsif anti-taupes \u00e9met des impulsions sonores et des ondes ultrasoniques, n&#8217;utilise pas de produits chimiques nocifs ou toxiques et est sans danger pour les enfants, les animaux domestiques et les humains. Ne pollue pas votre jardin et vos plantes agricoles ou cultures.<br \/>\n&#8211; \ud83d\udd25Couverture \u00e9tendue: R\u00e9pulsifs solaires \u00e0 ultrasons a un rayon d&#8217;environ 15 m\u00e8tres et couvre dans un motif circulaire jusqu&#8217;\u00e0 650 pieds carr\u00e9s.Il est recommand\u00e9 d&#8217;utiliser plusieurs appareils pour obtenir un chevauchement. Habituellement, il faut 2 semaines ou plus pour que les parasites quittent la zone. Ce r\u00e9pulsif ultrasonique ravageur produit des ondes sonores de basse fr\u00e9quence 400-1000 HZ pour p\u00e9n\u00e9trer le sol et \u00e9loigner la taupe, le gopher et la d\u00e9fensive.<\/p>\n","protected":false},"excerpt":{"rendered":"<p>publicit\u00e9<br \/>\nWUGEIN Repulsif Chat Exterieur Ultrason,Repulsif Ultrason Souris et Rats,R\u00e9pulsif pour Anti Taupe, R\u00e9pulsif Serpent Ultrason,Taupes \u00e0 \u00e9nergie Solaire pour Campagnols,Gophers et Autres Animaux<\/p>\n","protected":false},"featured_media":374,"comment_status":"open","ping_status":"closed","template":"","meta":[],"product_cat":[15],"product_tag":[],"class_list":{"0":"post-375","1":"product","2":"type-product","3":"status-publish","4":"has-post-thumbnail","6":"product_cat-sin-categorizar","7":"nodate","8":"item-wrap","10":"first","11":"instock","12":"shipping-taxable","13":"product-type-external"},"_links":{"self":[{"href":"https:\/\/lofimusic.com.es\/index.php\/wp-json\/wp\/v2\/product\/375","targetHints":{"allow":["GET"]}}],"collection":[{"href":"https:\/\/lofimusic.com.es\/index.php\/wp-json\/wp\/v2\/product"}],"about":[{"href":"https:\/\/lofimusic.com.es\/index.php\/wp-json\/wp\/v2\/types\/product"}],"replies":[{"embeddable":true,"href":"https:\/\/lofimusic.com.es\/index.php\/wp-json\/wp\/v2\/comments?post=375"}],"wp:featuredmedia":[{"embeddable":true,"href":"https:\/\/lofimusic.com.es\/index.php\/wp-json\/wp\/v2\/media\/374"}],"wp:attachment":[{"href":"https:\/\/lofimusic.com.es\/index.php\/wp-json\/wp\/v2\/media?parent=375"}],"wp:term":[{"taxonomy":"product_cat","embeddable":true,"href":"https:\/\/lofimusic.com.es\/index.php\/wp-json\/wp\/v2\/product_cat?post=375"},{"taxonomy":"product_tag","embeddable":true,"href":"https:\/\/lofimusic.com.es\/index.php\/wp-json\/wp\/v2\/product_tag?post=375"}],"curies":[{"name":"wp","href":"https:\/\/api.w.org\/{rel}","templated":true}]}}