{"id":373,"date":"2024-09-13T18:39:05","date_gmt":"2024-09-13T18:39:05","guid":{"rendered":"https:\/\/lofimusic.com.es\/index.php\/producto\/b09qbpn34x_de\/"},"modified":"2024-09-13T18:39:05","modified_gmt":"2024-09-13T18:39:05","slug":"b09qbpn34x_de","status":"publish","type":"product","link":"https:\/\/lofimusic.com.es\/index.php\/producto\/b09qbpn34x_de\/","title":{"rendered":"B09QBPN34X_DE"},"content":{"rendered":"<p>&#8211; \u3010HchwertigesAktualisiertes Material\u3011Solarpaneele heben sich durch hohe Qualit\u00e4t und ausgezeichnete Haltbarkeit vom Markt ab, Kann Sonnenenergie besser in Strom f\u00fcr Wasserpumpenarbeiten umwandeln, da sich besser an raue Umgebungen anpassen k\u00f6nnen. Es ist nicht leicht zu brechen, was Ihnen eine lange Lebensdauer garantiert.<br \/>\n&#8211; \u3010Umweltfreundlichen 3,5W Solar panel\u3011Diese schwimmende Solarbrunnen wasserpumpe wird auf 3,5W hochwertige Solarpanele erh\u00f6ht, Es wird komplett mit Solarenergie gesteuert, ben\u00f6tigt weder Batterie noch Strom. Keine Batterie darin, eine wirklich umweltfreundliche Solarpumpe.Platzieren Sie einfach die Solar-Font\u00e4nenpumpe in das Wasser und die Pumpe arbeitet automatisch in 3 Sekunden, sobald sie ausreichendem Sonnenlicht ausgesetzt ist.<br \/>\n&#8211; \u3010Einfache Installation und Bedienung\u3011Legen Sie die Pumpe lediglich ins Wasser, den Rest erledigt die Sonne. Je heller es das Sonnenlicht empf\u00e4ngt, desto besser funktioniert es.Sie sollten die Pumpe regelm\u00e4\u00dfig reinigen, um zu verhindern, dass die Pumpe durch Staub verstopft wird.<br \/>\n&#8211; \u3010Verschiedene Wasserspr\u00fch-Effekte\u301110 verschiedene D\u00fcsen k\u00f6nnen Ihre unterschiedlichen Anforderungen an die Strahlh\u00f6he oder Strahlform erf\u00fcllen. Die H\u00f6he kann durch Wechseln der D\u00fcsen eingestellt werden, um ein Versch\u00fctten aus dem Becken zu vermeiden. Sie k\u00f6nnen den Spr\u00fchkopf leicht wechseln.<br \/>\n&#8211; \u3010Mehrere Anwendungen\u3011Diese umweltfreundliche Solarpumpe ist ideal f\u00fcr Vogelbad, Fischbecken, kleinen Teich, Pool, Garten, Wasserzirkulation f\u00fcr Sauerstoff.Ihr Garten w\u00fcrde auf jeden Fall die Aufmerksamkeit der Passanten auf sich ziehen. Lassen Sie Ihren Garten von der Solarwasserpumpe so am\u00fcsant dekoriert aussehen.Wenn Sie Fragen haben, k\u00f6nnen Sie sich gerne an uns wenden. Wir werden Ihnen innerhalb von 24 Stunden antworten.<\/p>\n","protected":false},"excerpt":{"rendered":"<p>Werbung<br \/>\nAMZtime Solar Springbrunnen f\u00fcr Au\u00dfen 2024 Upgrade 3.5W Solarbrunnen f\u00fcr Draussen,Solar Teichpumpe mit 10 Effekte Wasserpumpe schwimmender Font\u00e4ne Pumpe f\u00fcr Garten teich Vogel-Bad Fisch-Beh\u00e4lter<\/p>\n","protected":false},"featured_media":372,"comment_status":"open","ping_status":"closed","template":"","meta":[],"product_cat":[15],"product_tag":[],"class_list":{"0":"post-373","1":"product","2":"type-product","3":"status-publish","4":"has-post-thumbnail","6":"product_cat-sin-categorizar","7":"nodate","8":"item-wrap","10":"first","11":"instock","12":"shipping-taxable","13":"product-type-external"},"_links":{"self":[{"href":"https:\/\/lofimusic.com.es\/index.php\/wp-json\/wp\/v2\/product\/373","targetHints":{"allow":["GET"]}}],"collection":[{"href":"https:\/\/lofimusic.com.es\/index.php\/wp-json\/wp\/v2\/product"}],"about":[{"href":"https:\/\/lofimusic.com.es\/index.php\/wp-json\/wp\/v2\/types\/product"}],"replies":[{"embeddable":true,"href":"https:\/\/lofimusic.com.es\/index.php\/wp-json\/wp\/v2\/comments?post=373"}],"wp:featuredmedia":[{"embeddable":true,"href":"https:\/\/lofimusic.com.es\/index.php\/wp-json\/wp\/v2\/media\/372"}],"wp:attachment":[{"href":"https:\/\/lofimusic.com.es\/index.php\/wp-json\/wp\/v2\/media?parent=373"}],"wp:term":[{"taxonomy":"product_cat","embeddable":true,"href":"https:\/\/lofimusic.com.es\/index.php\/wp-json\/wp\/v2\/product_cat?post=373"},{"taxonomy":"product_tag","embeddable":true,"href":"https:\/\/lofimusic.com.es\/index.php\/wp-json\/wp\/v2\/product_tag?post=373"}],"curies":[{"name":"wp","href":"https:\/\/api.w.org\/{rel}","templated":true}]}}