{"id":369,"date":"2024-09-13T18:37:04","date_gmt":"2024-09-13T18:37:04","guid":{"rendered":"https:\/\/lofimusic.com.es\/index.php\/producto\/b0d2l2bd2h_fr\/"},"modified":"2024-09-13T18:37:04","modified_gmt":"2024-09-13T18:37:04","slug":"b0d2l2bd2h_fr","status":"publish","type":"product","link":"https:\/\/lofimusic.com.es\/index.php\/producto\/b0d2l2bd2h_fr\/","title":{"rendered":"B0D2L2BD2H_FR"},"content":{"rendered":"<p>&#8211; \u00c9cran Tactile HD 1.91&#8243; et Cadran Personnalis\u00e9: Montre connect\u00e9e est \u00e9quip\u00e9e d&#8217;un \u00e9cran couleur HD TFT enti\u00e8rement tactile de 1,91\u00bb avec une r\u00e9solution de 320*380, am\u00e9liorant consid\u00e9rablement la qualit\u00e9 des image et la r\u00e9activit\u00e9 tactile, vous apportant une exp\u00e9rience visuelle unique et une meilleure exp\u00e9rience interactive. L&#8217;APP \u00abGloryFit\u00bb de la smart watch propose \u00e9galement plus de 100 cadrans personnalis\u00e9s au choix, et vous pouvez m\u00eame personnaliser votre cadran avec vos photos pr\u00e9f\u00e9r\u00e9es.<br \/>\n&#8211; Appel Bluetooth et Notifications Intelligentes: Montre connect\u00e9e femme homme Une fois connect\u00e9e en Bluetooth, avec le microphone int\u00e9gr\u00e9 et le haut-parleur haute fid\u00e9lit\u00e9, vous pouvez directement passer et recevoir des appels, r\u00e9pondre aux appels, synchroniser les contacts et consulter les journaux d&#8217;appels. Lorsque le smartwatch est connect\u00e9 \u00e0 l&#8217;APP \u00abGloryFit\u00bb, la montre vibre pour vous informer des messages SMS et des notifications App (WhatsApp\/Facebook\/Instagram\/Twitter\/Email etc).<br \/>\n&#8211; Fonction Compl\u00e8te de Moniteur de Sant\u00e9: Bracelet montre connect\u00e9e puce de capteur avanc\u00e9e int\u00e9gr\u00e9e et capteur photo\u00e9lectrique PPG de haute pr\u00e9cision, qui vous permet de surveiller la fr\u00e9quence cardiaque\/la saturation en oxyg\u00e8ne du sang\/le sommeil 24 heures, vous permettant de mieux comprendre votre sant\u00e9 physique. Smartwatch femme propose une fonction d&#8217;enregistrement du cycle menstruel sp\u00e9cialement con\u00e7ue pour les femmes, afin de les aider \u00e0 maintenir une vie saine.<br \/>\n&#8211; 100+ Modes Sportifs et Etanche IP68: Montre connect\u00e9e homme offre 100+ modes sportifs, incluant la marche, la course, le v\u00e9lo, l&#8217;halt\u00e9rophilie, le yoga et bien d&#8217;autres. Pendant vos entra\u00eenements, montre enregistrera vos donn\u00e9es sportives en temps r\u00e9el, telles que les pas, les calories br\u00fbl\u00e9es, la distance et la dur\u00e9e de l&#8217;activit\u00e9, rendant votre entra\u00eenement plus scientifique. La montre est con\u00e7ue avec un test d&#8217;\u00e9tanch\u00e9it\u00e9 IP68. Il peut prot\u00e9ger des \u00e9claboussures, de la pluie et de la sueur.<br \/>\n&#8211; Autonomie de Batterie Ultra-Longue et Fonctions plus Pratiques: Montre connect\u00e9e sport dispose d&#8217;une grande batterie de 300 mAh qui dure 5 \u00e0 7 jours avec une charge de 1.5 heures et jusqu&#8217;\u00e0 30 jours en mode veille, prend en charge la charge rapide magn\u00e9tique pour obtenir une dur\u00e9e de vie ultra longue de la batterie. Montre Intelligente propose une gamme de fonctionnalit\u00e9s pratiques au quotidien, telles que l&#8217;alarme, le minuteur, le contr\u00f4le musical, la pr\u00e9vision m\u00e9t\u00e9orologique, et bien d&#8217;autres.<br \/>\n&#8211; Large Compatibilit\u00e9 et 18 Mois de Garantie : La montre intelligente convient \u00e0 presque tous les t\u00e9l\u00e9phones intelligents, elle fonctionne avec le syst\u00e8me iOS 9.0+ ou Android 6.0+. Merci d&#8217;avoir choisi nos produits. Nous offrons une garantie de 18 mois ainsi qu&#8217;un service apr\u00e8s-vente d\u00e9di\u00e9. Apr\u00e8s r\u00e9ception du produit, si vous constatez des accessoires manquants, des probl\u00e8mes de qualit\u00e9 ou des probl\u00e8mes de fonctionnement, veuillez nous consulter.<br \/>\n&#8211; Meilleur Choix de Cadeaux : Notre montre connect\u00e9e T70 est particuli\u00e8rement adapt\u00e9e comme cadeau pour les hommes et les femmes de tous \u00e2ges qui aiment la mode, la sant\u00e9 et le sport. Bien s\u00fbr, il y a les anniversaires, la f\u00eate des m\u00e8res, la f\u00eate des p\u00e8res, Halloween, les mariages, les gar\u00e7ons, les filles et bien plus encore.<\/p>\n","protected":false},"excerpt":{"rendered":"<p>publicit\u00e9<br \/>\nMontre Connect\u00e9e Femme Homme, 1.91&#8243; HD Smartwatch avec Appel Bluetooth, IP68 \u00c9tanche Montre Connectee avec 110+ Sportifs, Moniteur de Fr\u00e9quence Cardiaque\/SpO2\/Sommeil,Montre Podom\u00e8tre pour Android iOS<\/p>\n","protected":false},"featured_media":368,"comment_status":"open","ping_status":"closed","template":"","meta":[],"product_cat":[15],"product_tag":[],"class_list":{"0":"post-369","1":"product","2":"type-product","3":"status-publish","4":"has-post-thumbnail","6":"product_cat-sin-categorizar","7":"nodate","8":"item-wrap","10":"first","11":"instock","12":"shipping-taxable","13":"product-type-external"},"_links":{"self":[{"href":"https:\/\/lofimusic.com.es\/index.php\/wp-json\/wp\/v2\/product\/369","targetHints":{"allow":["GET"]}}],"collection":[{"href":"https:\/\/lofimusic.com.es\/index.php\/wp-json\/wp\/v2\/product"}],"about":[{"href":"https:\/\/lofimusic.com.es\/index.php\/wp-json\/wp\/v2\/types\/product"}],"replies":[{"embeddable":true,"href":"https:\/\/lofimusic.com.es\/index.php\/wp-json\/wp\/v2\/comments?post=369"}],"wp:featuredmedia":[{"embeddable":true,"href":"https:\/\/lofimusic.com.es\/index.php\/wp-json\/wp\/v2\/media\/368"}],"wp:attachment":[{"href":"https:\/\/lofimusic.com.es\/index.php\/wp-json\/wp\/v2\/media?parent=369"}],"wp:term":[{"taxonomy":"product_cat","embeddable":true,"href":"https:\/\/lofimusic.com.es\/index.php\/wp-json\/wp\/v2\/product_cat?post=369"},{"taxonomy":"product_tag","embeddable":true,"href":"https:\/\/lofimusic.com.es\/index.php\/wp-json\/wp\/v2\/product_tag?post=369"}],"curies":[{"name":"wp","href":"https:\/\/api.w.org\/{rel}","templated":true}]}}