{"id":363,"date":"2024-09-13T18:33:05","date_gmt":"2024-09-13T18:33:05","guid":{"rendered":"https:\/\/lofimusic.com.es\/index.php\/producto\/b0d2lly6f7_fr\/"},"modified":"2024-09-13T18:33:05","modified_gmt":"2024-09-13T18:33:05","slug":"b0d2lly6f7_fr","status":"publish","type":"product","link":"https:\/\/lofimusic.com.es\/index.php\/producto\/b0d2lly6f7_fr\/","title":{"rendered":"B0D2LLY6F7_FR"},"content":{"rendered":"<p>&#8211; \u26a1 ACTION DETOX RAPIDE ET FORTE : l&#8217;un des grands bienfaits de notre compl\u00e9ment drainant minceur est son pouvoir d&#8217;\u00e9limination des toxines de notre corps ; en effet, il n&#8217;est pas seulement purifiant pour le foie, mais r\u00e9gule et purifie tout le syst\u00e8me digestif. Drenaslim , gr\u00e2ce \u00e0 sa formule innovante et performante, qui comprend de la Brom\u00e9la\u00efne, du Fenouil, de l&#8217;Orthosiphon, du Pissenlit, du Gymnema et de la Cactin\u00e9e, est id\u00e9ale pour purifier votre corps et atteindre un poids sant\u00e9.<br \/>\n&#8211; \ud83c\udf4dRICHE EN BROM\u00c9LAIN, \u00c0 EFFET ANTI-CELLULITE ET MINCEUR : La Brom\u00e9la\u00efne est un actif pr\u00e9sent dans la Tige d&#8217;Ananas \u00e0 forte activit\u00e9 prot\u00e9olytique (2500 GDU\/g). Il contrecarre les imperfections de la cellulite (coussinets et peau d&#8217;orange), am\u00e9liore la circulation en contribuant \u00e0 la r\u00e9absorption de la r\u00e9tention d&#8217;eau et agit sur le trophisme cutan\u00e9, am\u00e9liorant l&#8217;apparence et la tonicit\u00e9 de la peau, qui est \u00e9galement victime d&#8217;inflammations r\u00e9sultant de la cellulite.<br \/>\n&#8211; \ud83d\udd25 FORT DRAINAGE ET PERTE DE VOLUME : Drenaslim poss\u00e8de de fortes propri\u00e9t\u00e9s diur\u00e9tiques, gr\u00e2ce \u00e0 l&#8217;action cibl\u00e9e de l&#8217;Orthosiphon et du Pissenlit, et est un alli\u00e9 naturel dans un parcours minceur car il favorise la perte de volume : en effet, la diur\u00e8se \u00e9limine les toxines qui pourraient se transformer en graisse . De plus, gr\u00e2ce \u00e0 l&#8217;action du Gymnema, notre compl\u00e9ment peut \u00e9galement \u00eatre utilis\u00e9 comme coupe-faim. Parfait \u00e0 chaque changement de saison ou en cas de suralimentation.<br \/>\n&#8211; \ud83c\udf3f 100% NATUREL, SANS MAGN\u00c9SIUM, ST\u00c9ARATE DE GLUTEN ET DE LACTOSE : Chez Balance, nous ne cr\u00e9ons que des compl\u00e9ments que nous sommes heureux de prendre nous-m\u00eames et de partager avec nos proches. En fait, dans Drenaslim , nous avons des ingr\u00e9dients naturels (non synth\u00e9tiques) et il ne contient pas d&#8217;OGM ni d&#8217;additifs artificiels et est sans gluten ni lactose.<br \/>\n&#8211; \ud83c\uddea\ud83c\uddfa FABRIQU\u00c9 EN EUROPE: Drenaslim de marque Balance est produit en Europe dans des installations sp\u00e9cialis\u00e9es: vous n&#8217;aurez donc pas de suppl\u00e9ment d&#8217;origine douteuse de votre c\u00f4t\u00e9, mais vous pouvez compter sur un suppl\u00e9ment 100% europ\u00e9en, bien structur\u00e9, avec des normes de qualit\u00e9 tr\u00e8s \u00e9lev\u00e9es.<\/p>\n","protected":false},"excerpt":{"rendered":"<p>publicit\u00e9<br \/>\nDRENASLIM\u00ae DETOX (R\u00c9GIME D\u00c9TOX DRAINANT INCLUS) &#8211; 240 COMPRIM\u00c9S | Detox Foie Minceur | Maigrir Rapidement Efficacement I Puissant et Rapide, avec Bromelain, Orthosiphon, Pissenlit, Gymnema et Fenouil<\/p>\n","protected":false},"featured_media":362,"comment_status":"open","ping_status":"closed","template":"","meta":[],"product_cat":[15],"product_tag":[],"class_list":{"0":"post-363","1":"product","2":"type-product","3":"status-publish","4":"has-post-thumbnail","6":"product_cat-sin-categorizar","7":"nodate","8":"item-wrap","10":"first","11":"instock","12":"shipping-taxable","13":"product-type-external"},"_links":{"self":[{"href":"https:\/\/lofimusic.com.es\/index.php\/wp-json\/wp\/v2\/product\/363","targetHints":{"allow":["GET"]}}],"collection":[{"href":"https:\/\/lofimusic.com.es\/index.php\/wp-json\/wp\/v2\/product"}],"about":[{"href":"https:\/\/lofimusic.com.es\/index.php\/wp-json\/wp\/v2\/types\/product"}],"replies":[{"embeddable":true,"href":"https:\/\/lofimusic.com.es\/index.php\/wp-json\/wp\/v2\/comments?post=363"}],"wp:featuredmedia":[{"embeddable":true,"href":"https:\/\/lofimusic.com.es\/index.php\/wp-json\/wp\/v2\/media\/362"}],"wp:attachment":[{"href":"https:\/\/lofimusic.com.es\/index.php\/wp-json\/wp\/v2\/media?parent=363"}],"wp:term":[{"taxonomy":"product_cat","embeddable":true,"href":"https:\/\/lofimusic.com.es\/index.php\/wp-json\/wp\/v2\/product_cat?post=363"},{"taxonomy":"product_tag","embeddable":true,"href":"https:\/\/lofimusic.com.es\/index.php\/wp-json\/wp\/v2\/product_tag?post=363"}],"curies":[{"name":"wp","href":"https:\/\/api.w.org\/{rel}","templated":true}]}}