{"id":357,"date":"2024-09-13T18:29:04","date_gmt":"2024-09-13T18:29:04","guid":{"rendered":"https:\/\/lofimusic.com.es\/index.php\/producto\/b0cy586kcx_de\/"},"modified":"2024-09-13T18:29:04","modified_gmt":"2024-09-13T18:29:04","slug":"b0cy586kcx_de","status":"publish","type":"product","link":"https:\/\/lofimusic.com.es\/index.php\/producto\/b0cy586kcx_de\/","title":{"rendered":"B0CY586KCX_DE"},"content":{"rendered":"<p>&#8211; \u30103,5 W Solarbrunnen\u3011 Der AISITIN 3,5 Watt Solarbrunnen hat monokristalline Silizium-Solarmodule verbessert, die nicht rei\u00dfen oder sich verformen und mehr Sonnenenergie umwandeln k\u00f6nnen, um auch bei wenig Sonnenlicht eine effizientere und stabilere Leistung zu erzielen.<br \/>\n&#8211; Eingebauter Akku: Eingebauter hocheffizienter Lithium-Akku, der automatisch Sonnenenergie bei sonnigem Wetter speichert. Kann nachts oder bei bew\u00f6lktem Wetter verwendet werden. Sie m\u00fcssen sich keine Sorgen mehr machen, dass der Solarbrunnen nachts oder an bew\u00f6lkten Tagen nicht funktioniert.<br \/>\n&#8211; \u30106 verschiedene Arten von D\u00fcsen\u3011 Sie k\u00f6nnen leicht verschiedene Arten von D\u00fcsen wechseln, um sich an verschiedene Aufnahmen und H\u00f6hen anzupassen. Sie k\u00f6nnen die D\u00fcse nach Ihren Bed\u00fcrfnissen w\u00e4hlen. F\u00fcgen Sie Ihrem Garten mehr Spa\u00df hinzu und machen Sie Ihren Garten lebendiger.<br \/>\n&#8211; \u3010Solar Springbrunnen w\u00fcrdig\u3011AISITIN Solarbrunnen ist sehr streng im Produktionsprozess und verpflichtet sich, mehr zufriedene K\u00e4ufer nach Erhalt des Produkts zu bieten. Dies ist das Ziel unserer Bem\u00fchungen, den Solarbrunnen zu verbessern. Sie k\u00f6nnen Ihrem Garten Spa\u00df hinzuf\u00fcgen, der Solarbrunnen ist die perfekte Wahl, um Ihren Garten zu dekorieren.<\/p>\n","protected":false},"excerpt":{"rendered":"<p>Werbung<br \/>\nAISITIN Solar Springbrunnen 3.5W Teichpumpe Eingebauter 1500mAh Akku Wasserpumpe Schwimmende Springbrunnenpumpe mit 6 Arten Gartenbrunnen<\/p>\n","protected":false},"featured_media":356,"comment_status":"open","ping_status":"closed","template":"","meta":[],"product_cat":[15],"product_tag":[],"class_list":{"0":"post-357","1":"product","2":"type-product","3":"status-publish","4":"has-post-thumbnail","6":"product_cat-sin-categorizar","7":"nodate","8":"item-wrap","10":"first","11":"instock","12":"shipping-taxable","13":"product-type-external"},"_links":{"self":[{"href":"https:\/\/lofimusic.com.es\/index.php\/wp-json\/wp\/v2\/product\/357","targetHints":{"allow":["GET"]}}],"collection":[{"href":"https:\/\/lofimusic.com.es\/index.php\/wp-json\/wp\/v2\/product"}],"about":[{"href":"https:\/\/lofimusic.com.es\/index.php\/wp-json\/wp\/v2\/types\/product"}],"replies":[{"embeddable":true,"href":"https:\/\/lofimusic.com.es\/index.php\/wp-json\/wp\/v2\/comments?post=357"}],"wp:featuredmedia":[{"embeddable":true,"href":"https:\/\/lofimusic.com.es\/index.php\/wp-json\/wp\/v2\/media\/356"}],"wp:attachment":[{"href":"https:\/\/lofimusic.com.es\/index.php\/wp-json\/wp\/v2\/media?parent=357"}],"wp:term":[{"taxonomy":"product_cat","embeddable":true,"href":"https:\/\/lofimusic.com.es\/index.php\/wp-json\/wp\/v2\/product_cat?post=357"},{"taxonomy":"product_tag","embeddable":true,"href":"https:\/\/lofimusic.com.es\/index.php\/wp-json\/wp\/v2\/product_tag?post=357"}],"curies":[{"name":"wp","href":"https:\/\/api.w.org\/{rel}","templated":true}]}}