{"id":355,"date":"2024-09-13T18:29:04","date_gmt":"2024-09-13T18:29:04","guid":{"rendered":"https:\/\/lofimusic.com.es\/index.php\/producto\/b0cwnxx3xy_fr\/"},"modified":"2024-09-13T18:29:04","modified_gmt":"2024-09-13T18:29:04","slug":"b0cwnxx3xy_fr","status":"publish","type":"product","link":"https:\/\/lofimusic.com.es\/index.php\/producto\/b0cwnxx3xy_fr\/","title":{"rendered":"B0CWNXX3XY_FR"},"content":{"rendered":"<p>&#8211; \ud83d\udc96\ud83d\udc6a\u3010GARDEZ VOTRE MAISON 24 HEURES\u3011\uff1aLe 2024 dernier Ultrason Rat produit des ultrasons et des ondes \u00e9lectromagn\u00e9tiques, qui stimulent les syst\u00e8mes nerveux et auditif des rongeurs, ils deviendront inconfortables et fuiront la sc\u00e8ne. De plus, des lumi\u00e8res stroboscopiques contr\u00f4l\u00e9es ind\u00e9pendamment les dissuadent \u00e9galement la nuit. Branchez-le simplement, l&#8217;appareil fonctionnera toute la journ\u00e9e, gardant votre maison \u00e0 plein temps.<br \/>\n&#8211; \ud83d\udc01 \u3010S\u00e9curit\u00e9 et Confort\u3011 Contrairement aux pi\u00e8ges et aux poisons traditionnels, anti moustique ultrason utilise uniquement des m\u00e9thodes physiques pour d\u00e9barrasser votre maison des parasites, \u00e9vitant ainsi l&#8217;utilisation de produits chimiques nocifs qui peuvent pr\u00e9senter des risques pour les enfants, les animaux domestiques et la plan\u00e8te. Avec cette solution \u00e9cologique et s\u00e9curitaire, vous pourrez profiter d\u2019une maison sans parasites et avoir les mains libres.<br \/>\n&#8211; \ud83d\udc01 \u3010AUCUNE COUVERTURE D&#8217;ESPACE MORT\u3011Avec une large plage de contr\u00f4le de 120 m\u00e8tres carr\u00e9s et une couverture de 360 degr\u00e9s, le dissuasif de souris peut chasser puissamment les souris dans tous les coins de la pi\u00e8ce, comme une sentinelle fid\u00e8le, prot\u00e9geant toujours votre maison des violations. En m\u00eame temps, les lumi\u00e8res stroboscopiques peuvent avoir un effet plus choquant dans l&#8217;obscurit\u00e9.<br \/>\n&#8211; \ud83d\udeab\ud83d\udc39\u3010 3 MODES DE FONCTIONNEMENT\u3011 Notre prise anti moustique \u00e0 prise anti moustique sont con\u00e7us pour offrir une vari\u00e9t\u00e9 d&#8217;options pour r\u00e9pondre \u00e0 vos besoins d&#8217;entra\u00eenement. Le r\u00e9pulsif contre les rongeurs peut \u00eatre utilis\u00e9 de jour comme de nuit tout en r\u00e9duisant la consommation d&#8217;\u00e9nergie. Selon vos besoins, trois niveaux peuvent \u00eatre ajust\u00e9s pour prot\u00e9ger votre maison 24h\/24 et dire adieu aux souris.<br \/>\n&#8211; \ud83d\udc96\ud83d\ude0a\u3010UN POUR TOUS\u3011R\u00e9pulsif pour Animaux a un effet r\u00e9pulsif et dissuasif important sur les rats, les \u00e9cureuils, les chauves-souris et autres parasites. Le mini r\u00e9pulsif pour souris peut \u00eatre plac\u00e9 dans les greniers, les garages, les sous-sols, les pi\u00e8ces, les d\u00e9barras, etc. et utilis\u00e9 n&#8217;importe o\u00f9 \u00e0 l&#8217;int\u00e9rieur. Choisissez notre r\u00e9pulsif pour souris pour r\u00e9soudre vos probl\u00e8mes de parasites et \u00e9liminer les parasites de votre maison.<\/p>\n","protected":false},"excerpt":{"rendered":"<p>publicit\u00e9<br \/>\nUltrasons Souris \u00e0 Ultrasons et Rats 360 \u00b0,repulsif Souris et Rats Ultrason Puissant,3 Modes Anti Souris R\u00e9pulsif Souris Brancher avec,12 Lumi\u00e8res Stroboscopiques,pour Souris Rat Araign\u00e9e Moth Fourmi<\/p>\n","protected":false},"featured_media":354,"comment_status":"open","ping_status":"closed","template":"","meta":[],"product_cat":[15],"product_tag":[],"class_list":{"0":"post-355","1":"product","2":"type-product","3":"status-publish","4":"has-post-thumbnail","6":"product_cat-sin-categorizar","7":"nodate","8":"item-wrap","10":"first","11":"instock","12":"shipping-taxable","13":"product-type-external"},"_links":{"self":[{"href":"https:\/\/lofimusic.com.es\/index.php\/wp-json\/wp\/v2\/product\/355","targetHints":{"allow":["GET"]}}],"collection":[{"href":"https:\/\/lofimusic.com.es\/index.php\/wp-json\/wp\/v2\/product"}],"about":[{"href":"https:\/\/lofimusic.com.es\/index.php\/wp-json\/wp\/v2\/types\/product"}],"replies":[{"embeddable":true,"href":"https:\/\/lofimusic.com.es\/index.php\/wp-json\/wp\/v2\/comments?post=355"}],"wp:featuredmedia":[{"embeddable":true,"href":"https:\/\/lofimusic.com.es\/index.php\/wp-json\/wp\/v2\/media\/354"}],"wp:attachment":[{"href":"https:\/\/lofimusic.com.es\/index.php\/wp-json\/wp\/v2\/media?parent=355"}],"wp:term":[{"taxonomy":"product_cat","embeddable":true,"href":"https:\/\/lofimusic.com.es\/index.php\/wp-json\/wp\/v2\/product_cat?post=355"},{"taxonomy":"product_tag","embeddable":true,"href":"https:\/\/lofimusic.com.es\/index.php\/wp-json\/wp\/v2\/product_tag?post=355"}],"curies":[{"name":"wp","href":"https:\/\/api.w.org\/{rel}","templated":true}]}}