{"id":35476,"date":"2026-04-18T06:56:30","date_gmt":"2026-04-18T06:56:30","guid":{"rendered":"https:\/\/lofimusic.com.es\/index.php\/producto\/b0gv3r9gdd_fr\/"},"modified":"2026-04-18T06:56:30","modified_gmt":"2026-04-18T06:56:30","slug":"b0gv3r9gdd_fr","status":"publish","type":"product","link":"https:\/\/lofimusic.com.es\/index.php\/producto\/b0gv3r9gdd_fr\/","title":{"rendered":"B0GV3R9GDD_FR"},"content":{"rendered":"<p>&#8211; Ce dissolvant est dot\u00e9 d&#8217;une formule douce qui cible uniquement la couche de vernis gel lorsqu&#8217;il est appliqu\u00e9 sur la surface de l&#8217;ongle, laissant vos ongles avec leur brillance et leur r\u00e9sistance d&#8217;origine apr\u00e8s le retrait.<br \/>\n&#8211; De l&#8217;application au retrait, ce qui r\u00e9duit consid\u00e9rablement le temps d&#8217;attente. Compar\u00e9 \u00e0 la m\u00e9thode traditionnelle d&#8217;emballage sous film, il est beaucoup plus simple \u00e0 utiliser.<br \/>\n&#8211; Le produit est pr\u00e9sent\u00e9 dans un emballage compact et l\u00e9ger, ce qui le rend id\u00e9al \u00e0 emporter avec vous. Que ce soit pour les soins quotidiens \u00e0 la maison ou lors d&#8217;un voyage d&#8217;affaires.<\/p>\n","protected":false},"excerpt":{"rendered":"<p>publicit\u00e9Dissolvant Vernis Semi Permanent, Gel Polish Remover Ultra Rapide, Enl\u00e8ve Facilement le Vernis Gel, Rose<\/p>\n","protected":false},"featured_media":35475,"comment_status":"open","ping_status":"closed","template":"","meta":[],"product_cat":[15],"product_tag":[],"class_list":{"0":"post-35476","1":"product","2":"type-product","3":"status-publish","4":"has-post-thumbnail","6":"product_cat-sin-categorizar","7":"nodate","8":"item-wrap","10":"first","11":"instock","12":"shipping-taxable","13":"product-type-external"},"_links":{"self":[{"href":"https:\/\/lofimusic.com.es\/index.php\/wp-json\/wp\/v2\/product\/35476","targetHints":{"allow":["GET"]}}],"collection":[{"href":"https:\/\/lofimusic.com.es\/index.php\/wp-json\/wp\/v2\/product"}],"about":[{"href":"https:\/\/lofimusic.com.es\/index.php\/wp-json\/wp\/v2\/types\/product"}],"replies":[{"embeddable":true,"href":"https:\/\/lofimusic.com.es\/index.php\/wp-json\/wp\/v2\/comments?post=35476"}],"wp:featuredmedia":[{"embeddable":true,"href":"https:\/\/lofimusic.com.es\/index.php\/wp-json\/wp\/v2\/media\/35475"}],"wp:attachment":[{"href":"https:\/\/lofimusic.com.es\/index.php\/wp-json\/wp\/v2\/media?parent=35476"}],"wp:term":[{"taxonomy":"product_cat","embeddable":true,"href":"https:\/\/lofimusic.com.es\/index.php\/wp-json\/wp\/v2\/product_cat?post=35476"},{"taxonomy":"product_tag","embeddable":true,"href":"https:\/\/lofimusic.com.es\/index.php\/wp-json\/wp\/v2\/product_tag?post=35476"}],"curies":[{"name":"wp","href":"https:\/\/api.w.org\/{rel}","templated":true}]}}