{"id":35474,"date":"2026-04-18T06:53:10","date_gmt":"2026-04-18T06:53:10","guid":{"rendered":"https:\/\/lofimusic.com.es\/index.php\/producto\/b0gv3kv7r1_fr\/"},"modified":"2026-04-18T06:53:10","modified_gmt":"2026-04-18T06:53:10","slug":"b0gv3kv7r1_fr","status":"publish","type":"product","link":"https:\/\/lofimusic.com.es\/index.php\/producto\/b0gv3kv7r1_fr\/","title":{"rendered":"B0GV3KV7R1_FR"},"content":{"rendered":"<p>&#8211; Ce dissolvant p\u00e9n\u00e8tre rapidement pour ramollir la couche de gel \u00e0 la surface de l&#8217;ongle, ce qui vous permet d&#8217;enlever facilement le vernis gel sans avoir \u00e0 limer \u00e0 plusieurs reprises ni \u00e0 laisser tremper longtemps, rendant ainsi le processus de d\u00e9maquillage rapide et efficace.<br \/>\n&#8211; Gr\u00e2ce \u00e0 sa formule douce, il privil\u00e9gie la protection des ongles tout en \u00e9liminant rapidement le vernis, laissant la surface de l&#8217;ongle lisse apr\u00e8s utilisation. Nous vous recommandons de poncer l\u00e9g\u00e8rement la couche de finition avec une lime \u00e0 ongles avant l&#8217;application afin de faciliter la p\u00e9n\u00e9tration du dissolvant.<br \/>\n&#8211; Simple \u00e0 utiliser et adapt\u00e9 \u00e0 un usage domestique, il suffit d&#8217;appliquer le dissolvant uniform\u00e9ment sur la surface de l&#8217;ongle, de laisser agir pendant 3 \u00e0 5 minutes, puis d&#8217;essuyer d\u00e9licatement avec un mouchoir en papier pour retirer le vernis sans effort.<br \/>\n&#8211; Ce kit comprend deux flacons de dissolvant, ainsi qu&#8217;une lime \u00e0 ongles et un grattoir. Il r\u00e9pond aux besoins de d\u00e9maquillage de diff\u00e9rentes formes d&#8217;ongles et convient \u00e0 un usage quotidien \u00e0 domicile, vous faisant gagner du temps, vous \u00e9pargnant des efforts et des tracas.<br \/>\n&#8211; L&#8217;emballage du produit est compact et l\u00e9ger, ce qui le rend id\u00e9al \u00e0 emporter avec vous. Que ce soit pour les soins quotidiens \u00e0 la maison ou lors de voyages d&#8217;affaires, vous pouvez garder vos ongles propres \u00e0 tout moment \u2013 un petit accessoire bien pens\u00e9 pour un style de vie raffin\u00e9.<\/p>\n","protected":false},"excerpt":{"rendered":"<p>publicit\u00e92 Pi\u00e8Ces 15ml Dissolvant Vernis Semi Permanent Set, Professionnel Gel Nail Polish Remover, Retrait Des Ongles En Gel, Dissolvant Rapide De 3 \u00e0 5 Minutes, Avec Lime Ongles Et Grattoir \u00e0 Vernis<\/p>\n","protected":false},"featured_media":35473,"comment_status":"open","ping_status":"closed","template":"","meta":[],"product_cat":[15],"product_tag":[],"class_list":{"0":"post-35474","1":"product","2":"type-product","3":"status-publish","4":"has-post-thumbnail","6":"product_cat-sin-categorizar","7":"nodate","8":"item-wrap","10":"first","11":"instock","12":"shipping-taxable","13":"product-type-external"},"_links":{"self":[{"href":"https:\/\/lofimusic.com.es\/index.php\/wp-json\/wp\/v2\/product\/35474","targetHints":{"allow":["GET"]}}],"collection":[{"href":"https:\/\/lofimusic.com.es\/index.php\/wp-json\/wp\/v2\/product"}],"about":[{"href":"https:\/\/lofimusic.com.es\/index.php\/wp-json\/wp\/v2\/types\/product"}],"replies":[{"embeddable":true,"href":"https:\/\/lofimusic.com.es\/index.php\/wp-json\/wp\/v2\/comments?post=35474"}],"wp:featuredmedia":[{"embeddable":true,"href":"https:\/\/lofimusic.com.es\/index.php\/wp-json\/wp\/v2\/media\/35473"}],"wp:attachment":[{"href":"https:\/\/lofimusic.com.es\/index.php\/wp-json\/wp\/v2\/media?parent=35474"}],"wp:term":[{"taxonomy":"product_cat","embeddable":true,"href":"https:\/\/lofimusic.com.es\/index.php\/wp-json\/wp\/v2\/product_cat?post=35474"},{"taxonomy":"product_tag","embeddable":true,"href":"https:\/\/lofimusic.com.es\/index.php\/wp-json\/wp\/v2\/product_tag?post=35474"}],"curies":[{"name":"wp","href":"https:\/\/api.w.org\/{rel}","templated":true}]}}