{"id":35464,"date":"2026-04-18T06:49:16","date_gmt":"2026-04-18T06:49:16","guid":{"rendered":"https:\/\/lofimusic.com.es\/index.php\/producto\/b0gl1rmz3w_it-2\/"},"modified":"2026-04-18T06:49:16","modified_gmt":"2026-04-18T06:49:16","slug":"b0gl1rmz3w_it-2","status":"publish","type":"product","link":"https:\/\/lofimusic.com.es\/index.php\/producto\/b0gl1rmz3w_it-2\/","title":{"rendered":"B0GL1RMZ3W_IT"},"content":{"rendered":"<p>&#8211; \u00c8 adatta a tutti i tipi di pelle, anche a quelle sensibili, per uomini e donne. I nostri cerotti per gli occhi al collag\u00e8ne sono adatti non solo alla pelle perioculare, ma anche al d\u00e9collet\u00e9, alle rughe del collo, alle guance, al mento e alla fronte.<br \/>\n&#8211; I cerotti per gli occhi sono adatti a tutti i tipi di pelle e perfetti per chi desidera ridurre visibilmente stanchezza, stress e occhiaie. Inoltre, sono un&#8217;idea regalo elegante \u2013 ideale per compleanni, ringraziamenti o semplicemente per momenti di benessere rilassati a casa.<br \/>\n&#8211; Raffredda brevemente i cerotti per gli occhi in frigorifero per attenuare le occhiaie, combinali con la tua crema preferita e usali regolarmente per un maggiore comfort contro borse, linee sottili e zone secche \u2013 senza sensazione appiccicosa.<\/p>\n","protected":false},"excerpt":{"rendered":"<p>pubblicit\u00e0Cura Quotidiana per gli Occhi, Set di Maschere all&#8217;Aloe Vera e con Caffeina, Migliora la Condizione del Contorno Occhi, per le Routine di Cura e Prima di Occasioni Speciali<\/p>\n","protected":false},"featured_media":35462,"comment_status":"open","ping_status":"closed","template":"","meta":[],"product_cat":[15],"product_tag":[],"class_list":{"0":"post-35464","1":"product","2":"type-product","3":"status-publish","4":"has-post-thumbnail","6":"product_cat-sin-categorizar","7":"nodate","8":"item-wrap","10":"first","11":"instock","12":"shipping-taxable","13":"product-type-external"},"_links":{"self":[{"href":"https:\/\/lofimusic.com.es\/index.php\/wp-json\/wp\/v2\/product\/35464","targetHints":{"allow":["GET"]}}],"collection":[{"href":"https:\/\/lofimusic.com.es\/index.php\/wp-json\/wp\/v2\/product"}],"about":[{"href":"https:\/\/lofimusic.com.es\/index.php\/wp-json\/wp\/v2\/types\/product"}],"replies":[{"embeddable":true,"href":"https:\/\/lofimusic.com.es\/index.php\/wp-json\/wp\/v2\/comments?post=35464"}],"wp:featuredmedia":[{"embeddable":true,"href":"https:\/\/lofimusic.com.es\/index.php\/wp-json\/wp\/v2\/media\/35462"}],"wp:attachment":[{"href":"https:\/\/lofimusic.com.es\/index.php\/wp-json\/wp\/v2\/media?parent=35464"}],"wp:term":[{"taxonomy":"product_cat","embeddable":true,"href":"https:\/\/lofimusic.com.es\/index.php\/wp-json\/wp\/v2\/product_cat?post=35464"},{"taxonomy":"product_tag","embeddable":true,"href":"https:\/\/lofimusic.com.es\/index.php\/wp-json\/wp\/v2\/product_tag?post=35464"}],"curies":[{"name":"wp","href":"https:\/\/api.w.org\/{rel}","templated":true}]}}