{"id":35458,"date":"2026-04-18T06:46:57","date_gmt":"2026-04-18T06:46:57","guid":{"rendered":"https:\/\/lofimusic.com.es\/index.php\/producto\/b0gdwz67b7_de\/"},"modified":"2026-04-18T06:46:57","modified_gmt":"2026-04-18T06:46:57","slug":"b0gdwz67b7_de","status":"publish","type":"product","link":"https:\/\/lofimusic.com.es\/index.php\/producto\/b0gdwz67b7_de\/","title":{"rendered":"B0GDWZ67B7_DE"},"content":{"rendered":"<p>&#8211; Hochwertige Materialien: Unsere Nasenklammern zum Schwimmen bestehen aus hochwertigem, weichem Silikon und strapazierf\u00e4higem PC-Kunststoff. Diese hautfreundlichen und umweltfreundlichen Materialien sorgen f\u00fcr eine sichere, angenehme Passform, die die Haut nicht reizt. Dank ihrer perfekten Elastizit\u00e4t behalten die Klammern auch nach wiederholtem Gebrauch ihre Form und bieten eine langlebige Leistung im und au\u00dferhalb des Wassers. Perfekt als Nasenklammer Schwimmen f\u00fcr Erwachsene und Nasenklammer Schwimmen kinder geeignet.<br \/>\n&#8211; Ergonomische und bequeme Passform: Die Nasenklammern sind ergonomisch geformt und passen sich perfekt dem Nasenr\u00fccken an. Sie bieten hervorragende Elastizit\u00e4t und Weichheit. Der sichere Sitz verhindert, dass Wasser in die Nasenl\u00f6cher eindringt, und blockiert gleichzeitig unerw\u00fcnschte Partikel. Schwimmen Sie mit dem sicheren Gef\u00fchl, dass die Nasenklammer fest sitzt und auch bei l\u00e4ngerem Tragen nicht st\u00f6rt.<br \/>\n&#8211; Ideal f\u00fcr Kinder und Erwachsene: Dieses 10er-Set Nasenklammern eignet sich perfekt f\u00fcr Schwimmer, Surfer und Wassersportliebhaber jeden Alters. Egal ob f\u00fcr Erwachsene oder als Nasenklammer Schwimmen Kinder, sie lassen sich einfach tragen und abnehmen und passen bequem den meisten Erwachsenen und Kindern. Hinweis: Aufgrund der Gr\u00f6\u00dfe sind diese Nasenklammern m\u00f6glicherweise nicht f\u00fcr Kinder unter 7 Jahren geeignet.<br \/>\n&#8211; Bunt und ideal zum Teilen: Jede Packung enth\u00e4lt 10 bunte Nasenklammern in verschiedenen Farben \u2013 perfekt, um sie passend zu Ihrem Badeanzug oder Ihrer Stimmung auszuw\u00e4hlen. Ideal zum Teilen mit Freunden, Familie oder dem Schwimmteam. Die Farben sind chlor- und lichtbest\u00e4ndig und bleiben auch bei l\u00e4ngerer Nutzung unter Wasser lebendig.<br \/>\n&#8211; Vielseitiger Einsatz: Ob beim Schwimmen, Surfen oder anderen Wassersportarten \u2013 diese Nasenklammern sind unverzichtbar, um zu verhindern, dass Wasser in die Nase gelangt. Ideal f\u00fcr Bahnenschwimmen, Synchronschwimmen, Wassergymnastik und viele andere Wasseraktivit\u00e4ten. Eine ausgezeichnete Wahl f\u00fcr Anf\u00e4nger und Profis gleicherma\u00dfen.<\/p>\n","protected":false},"excerpt":{"rendered":"<p>Werbung<br \/>\nSTSAIL Nasenklammer Schwimmen \u2013 10 St\u00fcck Silikon Nasenclip F\u00fcr Kinder (Ab 7 Jahren) und Erwachsene, Wasserdichte Nasenklammer Mit Aufbewahrungsbox, Mehrfarbig<\/p>\n","protected":false},"featured_media":35457,"comment_status":"open","ping_status":"closed","template":"","meta":[],"product_cat":[15],"product_tag":[],"class_list":{"0":"post-35458","1":"product","2":"type-product","3":"status-publish","4":"has-post-thumbnail","6":"product_cat-sin-categorizar","7":"nodate","8":"item-wrap","10":"first","11":"instock","12":"shipping-taxable","13":"product-type-external"},"_links":{"self":[{"href":"https:\/\/lofimusic.com.es\/index.php\/wp-json\/wp\/v2\/product\/35458","targetHints":{"allow":["GET"]}}],"collection":[{"href":"https:\/\/lofimusic.com.es\/index.php\/wp-json\/wp\/v2\/product"}],"about":[{"href":"https:\/\/lofimusic.com.es\/index.php\/wp-json\/wp\/v2\/types\/product"}],"replies":[{"embeddable":true,"href":"https:\/\/lofimusic.com.es\/index.php\/wp-json\/wp\/v2\/comments?post=35458"}],"wp:featuredmedia":[{"embeddable":true,"href":"https:\/\/lofimusic.com.es\/index.php\/wp-json\/wp\/v2\/media\/35457"}],"wp:attachment":[{"href":"https:\/\/lofimusic.com.es\/index.php\/wp-json\/wp\/v2\/media?parent=35458"}],"wp:term":[{"taxonomy":"product_cat","embeddable":true,"href":"https:\/\/lofimusic.com.es\/index.php\/wp-json\/wp\/v2\/product_cat?post=35458"},{"taxonomy":"product_tag","embeddable":true,"href":"https:\/\/lofimusic.com.es\/index.php\/wp-json\/wp\/v2\/product_tag?post=35458"}],"curies":[{"name":"wp","href":"https:\/\/api.w.org\/{rel}","templated":true}]}}