{"id":35456,"date":"2026-04-18T06:46:54","date_gmt":"2026-04-18T06:46:54","guid":{"rendered":"https:\/\/lofimusic.com.es\/index.php\/producto\/b0gdwz67b7_fr\/"},"modified":"2026-04-18T06:46:54","modified_gmt":"2026-04-18T06:46:54","slug":"b0gdwz67b7_fr","status":"publish","type":"product","link":"https:\/\/lofimusic.com.es\/index.php\/producto\/b0gdwz67b7_fr\/","title":{"rendered":"B0GDWZ67B7_FR"},"content":{"rendered":"<p>&#8211; Mat\u00e9riaux De Qualit\u00e9 Premium: Fabriqu\u00e9es \u00e0 partir de silicone souple de haute qualit\u00e9 et de plastique PC durable, nos pinces nez natation offrent une s\u00e9curit\u00e9, un confort et une fiabilit\u00e9 exceptionnels. Ces mat\u00e9riaux respectueux de la peau et de l&#8217;environnement assurent un ajustement parfait et doux qui ne provoque aucune irritation. Con\u00e7ues avec une \u00e9lasticit\u00e9 parfaite, les pinces nez natation conservent leur forme m\u00eame apr\u00e8s une utilisation r\u00e9p\u00e9t\u00e9e, offrant des performances durables \u00e0 la fois dans et hors de l&#8217;eau.<br \/>\n&#8211; Ajustement Ergonomique Et Confortable: Con\u00e7ues avec une forme ergonomique pour s&#8217;adapter parfaitement au pont du nez, ces pinces nez natation offrent une \u00e9lasticit\u00e9 et une douceur sup\u00e9rieures. Leur ajustement s\u00e9curis\u00e9 aide \u00e0 emp\u00eacher l&#8217;eau de p\u00e9n\u00e9trer dans les narines, tout en bloquant les d\u00e9bris ind\u00e9sirables. Nagez en toute confiance en sachant que votre pince reste en place sans provoquer d&#8217;inconfort, m\u00eame pendant une utilisation prolong\u00e9e.<br \/>\n&#8211; Id\u00e9ales Pour Les Adultes Et Les Enfants: Ce pack de 10 pinces nez natation est parfait pour les nageurs, surfeurs et passionn\u00e9s de sports nautiques de tous \u00e2ges, que ce soit pour un adulte ou un enfant. Faciles \u00e0 mettre et \u00e0 retirer, elles sont con\u00e7ues pour s&#8217;adapter confortablement \u00e0 la plupart des adultes et des enfants. Remarque: en raison de la taille, ces pinces nez natation ne conviennent pas aux enfants de moins de 7 ans.<br \/>\n&#8211; Color\u00e9es Et Partageables: Chaque pack comprend 10 pinces nez natation vibrantes de couleurs assorties, parfaites pour assortir \u00e0 votre maillot de bain ou \u00e0 votre humeur. Partagez-les avec vos amis, votre famille ou vos \u00e9quipes de natation. Ces pinces sont r\u00e9sistantes \u00e0 la d\u00e9coloration, m\u00eame apr\u00e8s une exposition prolong\u00e9e sous l&#8217;eau, garantissant qu&#8217;elles restent belles et durent longtemps.<br \/>\n&#8211; Utilisation Polyvalente: Que vous fassiez de la natation, du surf ou d&#8217;autres sports aquatiques, ces pinces nez natation sont indispensables pour emp\u00eacher l&#8217;eau de p\u00e9n\u00e9trer dans votre nez. Id\u00e9ales pour la natation en longueur, la natation synchronis\u00e9e, l&#8217;a\u00e9robic aquatique et autres activit\u00e9s aquatiques. Un excellent choix pour les adultes comme pour les enfants, ainsi que pour les d\u00e9butants comme pour les professionnels.<\/p>\n","protected":false},"excerpt":{"rendered":"<p>publicit\u00e9STSAIL Pince Nez De Natation &#8211; 10 Pi\u00e8ces, Pince Nez Natation Adulte et Enfants (\u00c0 Partir De 7 Ans), Avec Bo\u00eete de Rangement, Multicolore<\/p>\n","protected":false},"featured_media":35455,"comment_status":"open","ping_status":"closed","template":"","meta":[],"product_cat":[15],"product_tag":[],"class_list":{"0":"post-35456","1":"product","2":"type-product","3":"status-publish","4":"has-post-thumbnail","6":"product_cat-sin-categorizar","7":"nodate","8":"item-wrap","10":"first","11":"instock","12":"shipping-taxable","13":"product-type-external"},"_links":{"self":[{"href":"https:\/\/lofimusic.com.es\/index.php\/wp-json\/wp\/v2\/product\/35456","targetHints":{"allow":["GET"]}}],"collection":[{"href":"https:\/\/lofimusic.com.es\/index.php\/wp-json\/wp\/v2\/product"}],"about":[{"href":"https:\/\/lofimusic.com.es\/index.php\/wp-json\/wp\/v2\/types\/product"}],"replies":[{"embeddable":true,"href":"https:\/\/lofimusic.com.es\/index.php\/wp-json\/wp\/v2\/comments?post=35456"}],"wp:featuredmedia":[{"embeddable":true,"href":"https:\/\/lofimusic.com.es\/index.php\/wp-json\/wp\/v2\/media\/35455"}],"wp:attachment":[{"href":"https:\/\/lofimusic.com.es\/index.php\/wp-json\/wp\/v2\/media?parent=35456"}],"wp:term":[{"taxonomy":"product_cat","embeddable":true,"href":"https:\/\/lofimusic.com.es\/index.php\/wp-json\/wp\/v2\/product_cat?post=35456"},{"taxonomy":"product_tag","embeddable":true,"href":"https:\/\/lofimusic.com.es\/index.php\/wp-json\/wp\/v2\/product_tag?post=35456"}],"curies":[{"name":"wp","href":"https:\/\/api.w.org\/{rel}","templated":true}]}}