{"id":35452,"date":"2026-04-18T06:44:50","date_gmt":"2026-04-18T06:44:50","guid":{"rendered":"https:\/\/lofimusic.com.es\/index.php\/producto\/b0gdwz67b7_it\/"},"modified":"2026-04-18T06:44:50","modified_gmt":"2026-04-18T06:44:50","slug":"b0gdwz67b7_it","status":"publish","type":"product","link":"https:\/\/lofimusic.com.es\/index.php\/producto\/b0gdwz67b7_it\/","title":{"rendered":"B0GDWZ67B7_IT"},"content":{"rendered":"<p>&#8211; Materiali Di Alta Qualit\u00e0: Realizzati in silicone morbido di alta qualit\u00e0 e plastica PC resistente, i nostri tappo naso piscina offrono una sicurezza, un comfort e un&#8217;affidabilit\u00e0 eccezionali. Questi materiali ecologici e delicati sulla pelle assicurano una vestibilit\u00e0 aderente ma delicata che non provoca irritazioni. Progettati con una perfetta elasticit\u00e0, i tappo naso piscina mantengono la loro forma anche dopo un uso ripetuto, garantendo prestazioni durature sia in acqua che fuori.<br \/>\n&#8211; Vestibilit\u00e0 Ergonomica e Confortevole: Progettati con una forma ergonomica per adattarsi perfettamente al ponte del naso, questi tappo naso piscina offrono un&#8217;elasticit\u00e0 e una morbidezza superiori. La vestibilit\u00e0 sicura aiuta a prevenire l&#8217;ingresso dell&#8217;acqua nelle narici, bloccando anche i detriti indesiderati. Nuota con fiducia sapendo che i tuoi tappo naso piscina resteranno al loro posto senza causare fastidi, anche durante l&#8217;uso prolungato.<br \/>\n&#8211; Ideali Per Adulti e Bambini: Questo pacco da 10 tappo naso piscina \u00e8 perfetto per nuotatori, surfisti e appassionati di sport acquatici di tutte le et\u00e0. Facili da indossare e rimuovere, sono progettati per adattarsi comodamente alla maggior parte degli adulti e dei bambini. Nota: a causa delle dimensioni, questi tappo naso piscina potrebbero non essere adatti ai bambini di et\u00e0 inferiore ai 7 anni.<br \/>\n&#8211; Colorati e Condivisibili: Ogni confezione include 10 tappo naso piscina dai colori vivaci e assortiti, perfetti per abbinarsi al tuo costume da bagno o al tuo umore. Condividili con amici, familiari o squadre di nuoto. Questi tappo naso piscina sono resistenti alla scoloritura, anche dopo un uso prolungato sott&#8217;acqua, garantendo che rimangano belli e duraturi nel tempo.<br \/>\n&#8211; Uso Multifunzione: Che tu stia nuotando, facendo surf o praticando altri sport acquatici, questi tappo naso piscina sono indispensabili per impedire all&#8217;acqua di entrare nel tuo naso. Ideali per il nuoto in corsia, il nuoto sincronizzato, l&#8217;aerobica acquatica e altre attivit\u00e0 acquatiche. Un&#8217;ottima scelta sia per i principianti che per i professionisti.<\/p>\n","protected":false},"excerpt":{"rendered":"<p>pubblicit\u00e0STSAIL Tappanaso Per Piscina &#8211; 10 Pezzi Di Tappa Naso Nuoto In Silicone, Per Bambini (A Partire Dai 7 Anni) e Adulti, Tappo Naso Piscina Con Scatola Portaoggetti, Multicolore<\/p>\n","protected":false},"featured_media":35451,"comment_status":"open","ping_status":"closed","template":"","meta":[],"product_cat":[15],"product_tag":[],"class_list":{"0":"post-35452","1":"product","2":"type-product","3":"status-publish","4":"has-post-thumbnail","6":"product_cat-sin-categorizar","7":"nodate","8":"item-wrap","10":"first","11":"instock","12":"shipping-taxable","13":"product-type-external"},"_links":{"self":[{"href":"https:\/\/lofimusic.com.es\/index.php\/wp-json\/wp\/v2\/product\/35452","targetHints":{"allow":["GET"]}}],"collection":[{"href":"https:\/\/lofimusic.com.es\/index.php\/wp-json\/wp\/v2\/product"}],"about":[{"href":"https:\/\/lofimusic.com.es\/index.php\/wp-json\/wp\/v2\/types\/product"}],"replies":[{"embeddable":true,"href":"https:\/\/lofimusic.com.es\/index.php\/wp-json\/wp\/v2\/comments?post=35452"}],"wp:featuredmedia":[{"embeddable":true,"href":"https:\/\/lofimusic.com.es\/index.php\/wp-json\/wp\/v2\/media\/35451"}],"wp:attachment":[{"href":"https:\/\/lofimusic.com.es\/index.php\/wp-json\/wp\/v2\/media?parent=35452"}],"wp:term":[{"taxonomy":"product_cat","embeddable":true,"href":"https:\/\/lofimusic.com.es\/index.php\/wp-json\/wp\/v2\/product_cat?post=35452"},{"taxonomy":"product_tag","embeddable":true,"href":"https:\/\/lofimusic.com.es\/index.php\/wp-json\/wp\/v2\/product_tag?post=35452"}],"curies":[{"name":"wp","href":"https:\/\/api.w.org\/{rel}","templated":true}]}}