{"id":35450,"date":"2026-04-17T19:11:59","date_gmt":"2026-04-17T19:11:59","guid":{"rendered":"https:\/\/lofimusic.com.es\/index.php\/producto\/b0ghwj3s2s_de\/"},"modified":"2026-04-17T19:11:59","modified_gmt":"2026-04-17T19:11:59","slug":"b0ghwj3s2s_de","status":"publish","type":"product","link":"https:\/\/lofimusic.com.es\/index.php\/producto\/b0ghwj3s2s_de\/","title":{"rendered":"B0GHWJ3S2S_DE"},"content":{"rendered":"<p>&#8211; \u3010\ud835\udff0.\ud835\udfef-\ud835\udded\ud835\uddfc\ud835\uddf9\ud835\uddf9 \ud835\udddb\ud835\uddd7-\ud835\udddc\ud835\udde3\ud835\udde6-\ud835\uddd5\ud835\uddf6\ud835\uddf9\ud835\uddf1\ud835\ude00\ud835\uddf0\ud835\uddf5\ud835\uddf6\ud835\uddff\ud835\uddfa \u2013 \ud835\udde6\ud835\uddfc\ud835\uddf3\ud835\uddfc\ud835\uddff\ud835\ude01\ud835\uddf2\ud835\uddf6\ud835\uddfb\ud835\ude00\ud835\uddee\ud835\ude01\ud835\ude07\u3011 Gro\u00dfes 4,3\u2011Zoll\u2011IPS\u2011Display f\u00fcr gestochen scharfe Bilder in Echtzeit. Kein WLAN, keine App, keine Smartphone\u2011Kopplung \u2013 einfach einschalten und sofort loslegen. Ihr Telefon bleibt sauber und sicher. (Hinweis: Nur Live\u2011Ansicht, keine Foto\u2011\/Videoaufnahme.)<br \/>\n&#8211; \u3010\ud835\udff4 \ud835\ude03\ud835\uddf2\ud835\uddff\ud835\ude00\ud835\ude01\ud835\uddf2\ud835\uddf9\ud835\uddf9\ud835\uddef\ud835\uddee\ud835\uddff\ud835\uddf2 \ud835\udddf\ud835\uddd8\ud835\uddd7\ud835\ude00 &amp; \ud835\udddc\ud835\udde3\ud835\udff2\ud835\udff3-\ud835\ude04\ud835\uddee\ud835\ude00\ud835\ude00\ud835\uddf2\ud835\uddff\ud835\uddf1\ud835\uddf6\ud835\uddf0\ud835\uddf5\ud835\ude01\ud835\uddf2 \ud835\uddde\ud835\uddee\ud835\uddfa\ud835\uddf2\ud835\uddff\ud835\uddee\u3011 Die 8\u202fmm d\u00fcnne Kamera ist mit 8 dimmbaren LEDs ausgestattet, die eine optimale Ausleuchtung dunkler Hohlr\u00e4ume erm\u00f6glichen. Der ideale Fokusbereich liegt bei 2\u201310\u202fcm. Dank IP67 ist die Sonde staub\u2011 und wasserdicht \u2013 perfekt f\u00fcr Rohrinspektionen und feuchte Umgebungen.<br \/>\n&#8211; \u3010\ud835\udff1 \ud835\udde0\ud835\uddf2\ud835\ude01\ud835\uddf2\ud835\uddff \ud835\uddf5\ud835\uddee\ud835\uddf9\ud835\uddef\ud835\ude00\ud835\ude01\ud835\uddee\ud835\uddff\ud835\uddff\ud835\uddf2\ud835\ude00 \ud835\uddde\ud835\uddee\ud835\uddef\ud835\uddf2\ud835\uddf9 \u2013 \ud835\uddf3\ud835\uddfc\ud835\uddff\ud835\uddfa\ud835\ude00\ud835\ude01\ud835\uddee\ud835\uddef\ud835\uddf6\ud835\uddf9\u3011 Das 16,5\u202fFu\u00df (ca. 5\u202fm) lange Semi\u2011Rigid\u2011Kabel l\u00e4sst sich gezielt biegen und beh\u00e4lt seine Form. Ideal f\u00fcr enge R\u00e4ume wie Motorr\u00e4ume, L\u00fcftungskan\u00e4le, Abfl\u00fcsse oder Hohlw\u00e4nde. Kein l\u00e4stiges Zur\u00fcckfedern wie bei weichen Kabeln.<br \/>\n&#8211; \u3010\ud835\uddd8\ud835\uddff\ud835\uddf4\ud835\uddfc\ud835\uddfb\ud835\uddfc\ud835\uddfa\ud835\uddf6\ud835\ude00\ud835\uddf0\ud835\uddf5\ud835\uddf2\ud835\ude00 \ud835\uddda\ud835\uddf2\ud835\uddf5\u00e4\ud835\ude02\ud835\ude00\ud835\uddf2 &amp; \ud835\uddf9\ud835\uddee\ud835\uddfb\ud835\uddf4\ud835\uddf2 \ud835\uddd4\ud835\uddf8\ud835\uddf8\ud835\ude02\ud835\uddf9\ud835\uddee\ud835\ude02\ud835\uddf3\ud835\ude07\ud835\uddf2\ud835\uddf6\ud835\ude01\u3011 Das durchdachte Design erm\u00f6glicht eine komfortable Ein\u2011Hand\u2011Bedienung. Der wiederaufladbare Hochleistungsakku bietet 3\u20134 Stunden Dauerbetrieb und l\u00e4sst sich schnell per USB laden. Im Lieferumfang: Haken, Magnet und Seitenblickspiegel f\u00fcr vielseitige Eins\u00e4tze.<br \/>\n&#8211; \u3010\ud835\uddd7\ud835\uddee\ud835\ude00 \ud835\uddf6\ud835\uddf1\ud835\uddf2\ud835\uddee\ud835\uddf9\ud835\uddf2 \ud835\uddda\ud835\uddf2\ud835\ude00\ud835\uddf0\ud835\uddf5\ud835\uddf2\ud835\uddfb\ud835\uddf8 &amp; \ud835\udfee\ud835\udff0 \ud835\udde0\ud835\uddfc\ud835\uddfb\ud835\uddee\ud835\ude01\ud835\uddf2 \ud835\uddda\ud835\uddee\ud835\uddff\ud835\uddee\ud835\uddfb\ud835\ude01\ud835\uddf6\ud835\uddf2\u3011 Ob f\u00fcr Heimwerker, Auto\u2011Enthusiasten oder Profis \u2013 dieses Inspektionswerkzeug ist eine smarte Wahl. Perfekt als Geburtstags\u2011, Vatertags\u2011 oder Weihnachtsgeschenk. Mit 24 Monaten Garantie und rund um die Uhr erreichbarem Kundenservice.<\/p>\n","protected":false},"excerpt":{"rendered":"<p>Werbung<br \/>\nEndoskopkamera mit Licht, 8mm IP67 wasserdichte Inspektionskamera, 4,3 Zoll IPS Bildschirm, 1080P HD Rohrkamera mit 8 einstellbaren LEDs, 5m halbstarres Kabel \u2013 kein WLAN, Keine App<\/p>\n","protected":false},"featured_media":35449,"comment_status":"open","ping_status":"closed","template":"","meta":[],"product_cat":[15],"product_tag":[],"class_list":{"0":"post-35450","1":"product","2":"type-product","3":"status-publish","4":"has-post-thumbnail","6":"product_cat-sin-categorizar","7":"nodate","8":"item-wrap","10":"first","11":"instock","12":"shipping-taxable","13":"product-type-external"},"_links":{"self":[{"href":"https:\/\/lofimusic.com.es\/index.php\/wp-json\/wp\/v2\/product\/35450","targetHints":{"allow":["GET"]}}],"collection":[{"href":"https:\/\/lofimusic.com.es\/index.php\/wp-json\/wp\/v2\/product"}],"about":[{"href":"https:\/\/lofimusic.com.es\/index.php\/wp-json\/wp\/v2\/types\/product"}],"replies":[{"embeddable":true,"href":"https:\/\/lofimusic.com.es\/index.php\/wp-json\/wp\/v2\/comments?post=35450"}],"wp:featuredmedia":[{"embeddable":true,"href":"https:\/\/lofimusic.com.es\/index.php\/wp-json\/wp\/v2\/media\/35449"}],"wp:attachment":[{"href":"https:\/\/lofimusic.com.es\/index.php\/wp-json\/wp\/v2\/media?parent=35450"}],"wp:term":[{"taxonomy":"product_cat","embeddable":true,"href":"https:\/\/lofimusic.com.es\/index.php\/wp-json\/wp\/v2\/product_cat?post=35450"},{"taxonomy":"product_tag","embeddable":true,"href":"https:\/\/lofimusic.com.es\/index.php\/wp-json\/wp\/v2\/product_tag?post=35450"}],"curies":[{"name":"wp","href":"https:\/\/api.w.org\/{rel}","templated":true}]}}