{"id":35448,"date":"2026-04-17T18:03:00","date_gmt":"2026-04-17T18:03:00","guid":{"rendered":"https:\/\/lofimusic.com.es\/index.php\/producto\/b0gbxdlq9b_fr\/"},"modified":"2026-04-17T18:03:00","modified_gmt":"2026-04-17T18:03:00","slug":"b0gbxdlq9b_fr","status":"publish","type":"product","link":"https:\/\/lofimusic.com.es\/index.php\/producto\/b0gbxdlq9b_fr\/","title":{"rendered":"B0GBXDLQ9B_FR"},"content":{"rendered":"<p>&#8211; \u2744\ufe0f\u30103 EN 1 Multifonctionnelle\u3011- Ce climatiseur portable combine rafra\u00eechisseur d\u2019air, ventilateur et humidificateur pour satisfaire tous vos besoins en rafra\u00eechissement et ventilation. \u00c9quip\u00e9 d\u2019un ventilateur turbo et d\u2019un rideau d\u2019eau rafra\u00eechissant, il diffuse un flux d\u2019air puissant et frais pour \u00e9liminer rapidement la chaleur \u00e9touffante de l\u2019\u00e9t\u00e9. Id\u00e9al pour la maison, le bureau ou la chambre, il vous permet de rester au frais en toute simplicit\u00e9.<br \/>\n&#8211; \u2744\ufe0f\u30106 Vitesses &amp; 3 Modes \u2013 Confort Sur Mesure\u3011- Que vous souhaitiez une douce brise pour votre lecture ou un flux plus puissant apr\u00e8s une journ\u00e9e en ext\u00e9rieur, ce clim mobile vous propose 6 vitesses r\u00e9glables (F1 \u00e0 F6) pour satisfaire toutes vos envies. Trois modes de ventilation(Normal\/Naturel\/COOL) sont disponibles: Normal pour une fra\u00eecheur constante, Naturel pour une brise l\u00e9g\u00e8re qui rappelle l&#8217;air du large, et COOL pour un refroidissement renforc\u00e9. Gr\u00e2ce \u00e0 son entr\u00e9e d&#8217;air sur trois c\u00f4t\u00e9s, ce clim portable aspire davantage d&#8217;air pour une diffusion encore plus efficace.<br \/>\n&#8211; \u2744\ufe0f\u3010R\u00e9servoir 12L \u2013 Fra\u00eecheur Toute la Nuit\u3011- Ce climatiseur portable est \u00e9quip\u00e9 d\u2019un double r\u00e9servoir de 12 L. Le r\u00e9servoir sup\u00e9rieur se remplit facilement, tandis que le inf\u00e9rieur est amovible pour un nettoyage sans effort. Une seule charge suffit pour profiter de 24 heures de fra\u00eecheur continue \u2013 id\u00e9al pour des nuits paisibles ! Ajoutez des gla\u00e7ons pour un effet encore plus rafra\u00eechissant, fini les nuits \u00e9touffantes et les r\u00e9veils en pleine chaleur. Ces climatiseur mobile sans \u00e9vacuation fonctionnent sans fr\u00e9on ni \u00e9vacuation \u2013 juste de l\u2019air frais et pur.<br \/>\n&#8211; \u2744\ufe0f\u3010Silencieux &amp; Minuterie 24H\u3011- Vous est-il d\u00e9j\u00e0 arriv\u00e9 d&#8217;\u00eatre r\u00e9veill\u00e9 en pleine nuit par le bruit d&#8217;un ventilateur? Ce climatiseur mobile silencieux a \u00e9t\u00e9 con\u00e7u pour un fonctionnement ultra-discret, avec un niveau sonore inf\u00e9rieur \u00e0 50 dB \u2013 m\u00eame \u00e0 pleine puissance, il ne d\u00e9range ni votre sommeil ni vos conversations. Sa minuterie 24 heures permet de ne l&#8217;utiliser qu&#8217;en cas de besoin: des \u00e9conomies d&#8217;\u00e9nergie et une facture ma\u00eetris\u00e9e. Une fra\u00eecheur silencieuse pour des nuits vraiment paisibles. Id\u00e9al pour les chambres adultes comme pour les chambres d&#8217;enfants.<br \/>\n&#8211; \u2744\ufe0f\u3010\u00c9conomie d\u2019\u00e9nergie &amp; Large Couverture\u3011- Restez au frais sans faire exploser votre facture ! Ce climatiseur portable est \u00e9quip\u00e9 d\u2019un moteur de 45 W qui g\u00e9n\u00e8re un flux d\u2019air puissant jusqu\u2019\u00e0 8 m\/s, rafra\u00eechissant rapidement les pi\u00e8ces \u00e9touffantes. Sa technologie de refroidissement par cascade aliment\u00e9e par pompe assure un refroidissement rapide et efficace de l&#8217;air chaud. Avec oscillation auto 60\u00b0 et inclinaison manuelle 120\u00b0, l\u2019air frais se diffuse uniform\u00e9ment dans toute la pi\u00e8ce. Une puissance optimale pour une fraction du co\u00fbt d\u2019un climatiseur traditionnel.<br \/>\n&#8211; \u2744\ufe0f\u3010L\u00e9ger &amp; Facile \u00e0 D\u00e9placer\u3011- Ce rafra\u00eechisseur d&#8217;air compact ne p\u00e8se que 3,3 kg \u2013 il se d\u00e9place d\u2019une pi\u00e8ce \u00e0 l\u2019autre sans le moindre effort ! Gr\u00e2ce \u00e0 ses 4 roues multidirectionnelles, il vous suit partout sans difficult\u00e9. T\u00e9l\u00e9commande et panneau tactile permettent un r\u00e9glage confortable, directement depuis votre canap\u00e9. Parfait pour la chambre, le salon, le bureau ou la cuisine. \u2764\ufe0f Service 100% satisfait ! Une question ? Nous sommes l\u00e0 pour vous r\u00e9pondre. \u2764\ufe0f<\/p>\n","protected":false},"excerpt":{"rendered":"<p>publicit\u00e9Climatiseur Mobile Silencieux, 12L Refroidisseur d&#8217;air 3 IN 1 Climatiseurs Portables \u00c9conomie d&#8217;\u00e9nergie Ventilateur Humidificateur, 6 Vitesses, T\u00e9l\u00e9commande, 24H Minuterie, pour Maison Bureau Chambre<\/p>\n","protected":false},"featured_media":35447,"comment_status":"open","ping_status":"closed","template":"","meta":[],"product_cat":[15],"product_tag":[],"class_list":{"0":"post-35448","1":"product","2":"type-product","3":"status-publish","4":"has-post-thumbnail","6":"product_cat-sin-categorizar","7":"nodate","8":"item-wrap","10":"first","11":"instock","12":"shipping-taxable","13":"product-type-external"},"_links":{"self":[{"href":"https:\/\/lofimusic.com.es\/index.php\/wp-json\/wp\/v2\/product\/35448","targetHints":{"allow":["GET"]}}],"collection":[{"href":"https:\/\/lofimusic.com.es\/index.php\/wp-json\/wp\/v2\/product"}],"about":[{"href":"https:\/\/lofimusic.com.es\/index.php\/wp-json\/wp\/v2\/types\/product"}],"replies":[{"embeddable":true,"href":"https:\/\/lofimusic.com.es\/index.php\/wp-json\/wp\/v2\/comments?post=35448"}],"wp:featuredmedia":[{"embeddable":true,"href":"https:\/\/lofimusic.com.es\/index.php\/wp-json\/wp\/v2\/media\/35447"}],"wp:attachment":[{"href":"https:\/\/lofimusic.com.es\/index.php\/wp-json\/wp\/v2\/media?parent=35448"}],"wp:term":[{"taxonomy":"product_cat","embeddable":true,"href":"https:\/\/lofimusic.com.es\/index.php\/wp-json\/wp\/v2\/product_cat?post=35448"},{"taxonomy":"product_tag","embeddable":true,"href":"https:\/\/lofimusic.com.es\/index.php\/wp-json\/wp\/v2\/product_tag?post=35448"}],"curies":[{"name":"wp","href":"https:\/\/api.w.org\/{rel}","templated":true}]}}