{"id":35395,"date":"2026-04-16T18:40:36","date_gmt":"2026-04-16T18:40:36","guid":{"rendered":"https:\/\/lofimusic.com.es\/index.php\/producto\/b0gqtbz2cd_fr\/"},"modified":"2026-04-16T18:40:36","modified_gmt":"2026-04-16T18:40:36","slug":"b0gqtbz2cd_fr","status":"publish","type":"product","link":"https:\/\/lofimusic.com.es\/index.php\/producto\/b0gqtbz2cd_fr\/","title":{"rendered":"B0GQTBZ2CD_FR"},"content":{"rendered":"<p>&#8211; Ces bandes blanchissantes r\u00e9duisent efficacement les taches dentaires caus\u00e9es par la consommation quotidienne de caf\u00e9, de th\u00e9 et de vin rouge, contribuant ainsi \u00e0 pr\u00e9server un beau sourire.<br \/>\n&#8211; Une utilisation r\u00e9guli\u00e8re minimise la d\u00e9coloration superficielle, pr\u00e9servant ainsi un sourire \u00e9clatant jour apr\u00e8s jour et neutralisant les effets des aliments et des boissons quotidiens sur la couleur des dents.<br \/>\n&#8211; Les bandes s&#8217;adaptent parfaitement aux contours de vos dents. Elles adh\u00e8rent solidement pour \u00e9viter tout d\u00e9placement et vous permettent de poursuivre vos activit\u00e9s quotidiennes, comme parler ou boire de l&#8217;eau, en toute confiance pendant leur utilisation.<br \/>\n&#8211; Chaque bande est scell\u00e9e individuellement pour un transport pratique, et peut \u00eatre utilis\u00e9e \u00e0 la maison ou en voyage. Les int\u00e9grer \u00e0 votre routine est tr\u00e8s simple : appliquez-les, attendez 30 minutes, puis retirez-les.<br \/>\n&#8211; Contient 28 bandes blanchissantes. Apr\u00e8s utilisation, vous remarquerez un sourire visiblement plus \u00e9clatant et plus blanc, id\u00e9al pour les occasions sp\u00e9ciales telles que les s\u00e9ances photo, les \u00e9v\u00e9nements ou les r\u00e9unions o\u00f9 vous souhaitez \u00eatre \u00e0 votre avantage.<\/p>\n","protected":false},"excerpt":{"rendered":"<p>publicit\u00e914 Pi\u00e8ces Bandes Blanchissantes Violettes, Kit Bandes De Blanchiment Des Dents, Strips Blanchissant Dentaire, Aide \u00e0 Improve Caf\u00e9\/vin Tache, Antid\u00e9Rapante, Dents Blanches<\/p>\n","protected":false},"featured_media":35393,"comment_status":"open","ping_status":"closed","template":"","meta":[],"product_cat":[15],"product_tag":[],"class_list":{"0":"post-35395","1":"product","2":"type-product","3":"status-publish","4":"has-post-thumbnail","6":"product_cat-sin-categorizar","7":"nodate","8":"item-wrap","10":"first","11":"instock","12":"shipping-taxable","13":"product-type-external"},"_links":{"self":[{"href":"https:\/\/lofimusic.com.es\/index.php\/wp-json\/wp\/v2\/product\/35395","targetHints":{"allow":["GET"]}}],"collection":[{"href":"https:\/\/lofimusic.com.es\/index.php\/wp-json\/wp\/v2\/product"}],"about":[{"href":"https:\/\/lofimusic.com.es\/index.php\/wp-json\/wp\/v2\/types\/product"}],"replies":[{"embeddable":true,"href":"https:\/\/lofimusic.com.es\/index.php\/wp-json\/wp\/v2\/comments?post=35395"}],"wp:featuredmedia":[{"embeddable":true,"href":"https:\/\/lofimusic.com.es\/index.php\/wp-json\/wp\/v2\/media\/35393"}],"wp:attachment":[{"href":"https:\/\/lofimusic.com.es\/index.php\/wp-json\/wp\/v2\/media?parent=35395"}],"wp:term":[{"taxonomy":"product_cat","embeddable":true,"href":"https:\/\/lofimusic.com.es\/index.php\/wp-json\/wp\/v2\/product_cat?post=35395"},{"taxonomy":"product_tag","embeddable":true,"href":"https:\/\/lofimusic.com.es\/index.php\/wp-json\/wp\/v2\/product_tag?post=35395"}],"curies":[{"name":"wp","href":"https:\/\/api.w.org\/{rel}","templated":true}]}}