{"id":35388,"date":"2026-04-16T18:39:52","date_gmt":"2026-04-16T18:39:52","guid":{"rendered":"https:\/\/lofimusic.com.es\/index.php\/producto\/b0g5pdzl14_fr\/"},"modified":"2026-04-16T18:39:52","modified_gmt":"2026-04-16T18:39:52","slug":"b0g5pdzl14_fr","status":"publish","type":"product","link":"https:\/\/lofimusic.com.es\/index.php\/producto\/b0g5pdzl14_fr\/","title":{"rendered":"B0G5PDZL14_FR"},"content":{"rendered":"<p>&#8211; Cet embout buccal anti-ronflement est con\u00e7u pour am\u00e9liorer la respiration pendant le sommeil et r\u00e9duire le ronflement, offrant ainsi une solution bien pens\u00e9e pour un repos nocturne plus paisible.<br \/>\n&#8211; Facilement moulable \u00e0 domicile pour garantir un ajustement personnalis\u00e9 et confortable, il peut \u00eatre port\u00e9 comme une goutti\u00e8re dentaire pendant le sommeil.<br \/>\n&#8211; Durable et facile \u00e0 nettoyer, il reste bien en place pendant le sommeil et peut \u00eatre utilis\u00e9 aussi bien de jour que de nuit, ce qui permet une rotation quotidienne.<\/p>\n","protected":false},"excerpt":{"rendered":"<p>publicit\u00e9Lot De 6 Prot\u00e8Ge-Dents Anti-Ronflement Transparent, Goutti\u00e8re Dentaire Anti Ronflement, Prot\u00e8Ge-Dents Prot\u00e9Geant Les Dents, Am\u00e9liore La Qualit\u00e9 Du Sommeil, R\u00e9Utilisable<\/p>\n","protected":false},"featured_media":35387,"comment_status":"open","ping_status":"closed","template":"","meta":[],"product_cat":[15],"product_tag":[],"class_list":{"0":"post-35388","1":"product","2":"type-product","3":"status-publish","4":"has-post-thumbnail","6":"product_cat-sin-categorizar","7":"nodate","8":"item-wrap","10":"first","11":"instock","12":"shipping-taxable","13":"product-type-external"},"_links":{"self":[{"href":"https:\/\/lofimusic.com.es\/index.php\/wp-json\/wp\/v2\/product\/35388","targetHints":{"allow":["GET"]}}],"collection":[{"href":"https:\/\/lofimusic.com.es\/index.php\/wp-json\/wp\/v2\/product"}],"about":[{"href":"https:\/\/lofimusic.com.es\/index.php\/wp-json\/wp\/v2\/types\/product"}],"replies":[{"embeddable":true,"href":"https:\/\/lofimusic.com.es\/index.php\/wp-json\/wp\/v2\/comments?post=35388"}],"wp:featuredmedia":[{"embeddable":true,"href":"https:\/\/lofimusic.com.es\/index.php\/wp-json\/wp\/v2\/media\/35387"}],"wp:attachment":[{"href":"https:\/\/lofimusic.com.es\/index.php\/wp-json\/wp\/v2\/media?parent=35388"}],"wp:term":[{"taxonomy":"product_cat","embeddable":true,"href":"https:\/\/lofimusic.com.es\/index.php\/wp-json\/wp\/v2\/product_cat?post=35388"},{"taxonomy":"product_tag","embeddable":true,"href":"https:\/\/lofimusic.com.es\/index.php\/wp-json\/wp\/v2\/product_tag?post=35388"}],"curies":[{"name":"wp","href":"https:\/\/api.w.org\/{rel}","templated":true}]}}