{"id":35386,"date":"2026-04-16T18:33:16","date_gmt":"2026-04-16T18:33:16","guid":{"rendered":"https:\/\/lofimusic.com.es\/index.php\/producto\/b0flq3mxhd_de-2\/"},"modified":"2026-04-16T18:33:16","modified_gmt":"2026-04-16T18:33:16","slug":"b0flq3mxhd_de-2","status":"publish","type":"product","link":"https:\/\/lofimusic.com.es\/index.php\/producto\/b0flq3mxhd_de-2\/","title":{"rendered":"B0FLQ3MXHD_DE"},"content":{"rendered":"<p>&#8211; \u3010Google Zertifizierter Smart Tracker f\u00fcr Android\u3011Die Android-Version ist ein von Google zertifizierter Ortungstracker, der mit der \u201eFind My Device\u201c-App (Find Hub) auf Android-Smartphones funktioniert (Android 9 oder h\u00f6her, NICHT f\u00fcr iOS-Ger\u00e4te). Keine Abo-Geb\u00fchren und keine Notwendigkeit, andere unbekannte Apps herunterzuladen. Bringen Sie diesen Android Air Tracker an Gegenst\u00e4nden an, die Sie h\u00e4ufig verlegen, und lassen Sie sich dabei helfen, Ihre Schl\u00fcssel, Tasche, Koffer, Spielzeug usw. einfach und schnell zu finden.<br \/>\n&#8211; \u3010Pr\u00e4zise Ortung mit Lautem Alarm\u3011Innerhalb der Bluetooth-Reichweite (50 m) k\u00f6nnen Sie den aktuellen Standort \u00fcberpr\u00fcfen und Ihren Gegenstand leicht finden, indem Sie einen Ton \u00fcber die Google \u201eFind My Device\u201c-App (Find Hub) oder Sprachbefehle ausl\u00f6sen. Wenn Sie sich dem verlorenen Gegenstand n\u00e4hern, wird ein Kreissymbol auf Ihrem Telefonbildschirm gr\u00f6\u00dfer und der Bluetooth-Finder gibt ein lautes Piepsignal ab (bis zu 100 dB), um Gegenst\u00e4nde leicht zu lokalisieren, selbst wenn sie unter Sofakissen versteckt oder tief in einer Tasche vergraben sind.<br \/>\n&#8211; \u3010Globale Ortung &amp; Standortfreigabe f\u00fcr 10 Android-Ger\u00e4te\u3011Wenn Sie etwas drau\u00dfen verlieren, nutzt die Google Find HUB-Funktion das Bluetooth-Signalnetzwerk nahegelegener Android-Ger\u00e4te, um den verlorenen Gegenstand auf Google Maps zu lokalisieren. Der Google-zertifizierte GPS-Tracker kann mit 10 Personen geteilt werden, die ein Google-Konto haben. Nach Benutzerautorisierung k\u00f6nnen diese Ger\u00e4te den Standort verlorener Ger\u00e4te automatisch erkennen und melden. Selbst wenn das Ger\u00e4t offline ist, k\u00f6nnen Sie die Informationen mit vertrauensw\u00fcrdigen Freunden oder Familienmitgliedern teilen, die dann direkt in der App helfen k\u00f6nnen, die verlorenen Gegenst\u00e4nde (wie Gep\u00e4ck oder Schl\u00fcssel) zu finden.<br \/>\n&#8211; \u3010Datensicherheit &amp; Anti-Tracking-Funktion\u3011Ihre Privatsph\u00e4re steht an erster Stelle: Das Google \u201eFind My\u201c-Netzwerk arbeitet komplett verschl\u00fcsselt und anonym. Weder auf dem Tracker selbst noch in Google-Systemen werden Standortverl\u00e4ufe Ihrer Gegenst\u00e4nde gespeichert \u2013 nur Sie haben Zugriff auf diese Daten. Die \u201eFind My Device\u201c-App gew\u00e4hrleistet absolute Vertraulichkeit Ihrer Informationen. Zus\u00e4tzlich sch\u00fctzt Sie die integrierte Anti-Tracking-Funktion: Sollte ein unbekannter Tracker (gepaart oder nicht f\u00fcr Sie freigegeben) Ihre Bewegungen begleiten, warnt Sie die Find HUB-App sofort.<br \/>\n&#8211; \u3010Hervorragende Akkulaufzeit + IP66 Wasserschutz + Wasserdichte H\u00fclle\u3011Mit einem energieeffizienten Chip und einer wechselbaren CR2032-Batterie, die mindestens 365 Tage h\u00e4lt, sowie IP66 Wasserschutz. Zus\u00e4tzlich bieten wir eine silikonbeschichtete wasserdichte H\u00fclle f\u00fcr diesen Smart Tag, die bis zu 1 Stunde in 1 Meter Wassertiefe sch\u00fctzt. Perfekt f\u00fcr regnerische Tage, Reisen und Outdoor-Abenteuer mit Haustieren \u2013 sorgenfreies Tracking!<br \/>\n&#8211; \u3010Leicht und einfach zu transportieren\u3011Das Design des Smart Tags ist sowohl stylisch als auch funktional, mit einer L\u00e4nge und Breite von nur 3,3 cm, einer Dicke von 0,76 cm und einem Gewicht von nur 60 Gramm. Enth\u00e4lt ein Silikon-Aufh\u00e4ngeb\u00e4ndchen, das sich leicht an Schl\u00fcsselb\u00e4ndern, Taschen oder anderen Gegenst\u00e4nden befestigen l\u00e4sst, die Sie im Auge behalten m\u00f6chten. Exquisites und kompaktes Design, einfach an Schl\u00fcsselb\u00e4ndern zu befestigen, nimmt keinen Platz weg und beeintr\u00e4chtigt nicht die t\u00e4gliche Nutzung.<br \/>\n&#8211; \u3010Ein vielseitiger Android Smart Tag, den Sie verdienen\u3011Wenn Sie diesen Smart Tag Finder haben, kann er ein Schl\u00fcssel\/Brieftaschen-Finder, Gep\u00e4ck-Tracker, Haustier-Tracker sein. Er kann auch als Fahrrad-Diebstahlsicherung, Kinder-Sicherheitsarmband, f\u00fcr die Verwaltung von Werkzeugen und Ger\u00e4ten, die Ortung medizinischer Ger\u00e4te, Drohnen-Tracking, AR-Navigationsfusion und mehr dienen. Weitere Funktionen und Anwendungsszenarien warten darauf, von Ihnen entdeckt und erprobt zu werden. Wir hoffen, dass dieser Smart Tracker zu Ihrem guten Helfer im Leben wird.<\/p>\n","protected":false},"excerpt":{"rendered":"<p>Werbung<br \/>\nAir Tracker Tags 4er-Pack f\u00fcr Android \u2013 Google-zertifizierte Bluetooth Finder mit IP66 Wasserschutz. Ideal f\u00fcr Schl\u00fcssel, Gep\u00e4ck &amp; Haustiere. Inkl. sch\u00fctzender H\u00fcllen (schwarz)<\/p>\n","protected":false},"featured_media":35385,"comment_status":"open","ping_status":"closed","template":"","meta":[],"product_cat":[15],"product_tag":[],"class_list":{"0":"post-35386","1":"product","2":"type-product","3":"status-publish","4":"has-post-thumbnail","6":"product_cat-sin-categorizar","7":"nodate","8":"item-wrap","10":"first","11":"instock","12":"shipping-taxable","13":"product-type-external"},"_links":{"self":[{"href":"https:\/\/lofimusic.com.es\/index.php\/wp-json\/wp\/v2\/product\/35386","targetHints":{"allow":["GET"]}}],"collection":[{"href":"https:\/\/lofimusic.com.es\/index.php\/wp-json\/wp\/v2\/product"}],"about":[{"href":"https:\/\/lofimusic.com.es\/index.php\/wp-json\/wp\/v2\/types\/product"}],"replies":[{"embeddable":true,"href":"https:\/\/lofimusic.com.es\/index.php\/wp-json\/wp\/v2\/comments?post=35386"}],"wp:featuredmedia":[{"embeddable":true,"href":"https:\/\/lofimusic.com.es\/index.php\/wp-json\/wp\/v2\/media\/35385"}],"wp:attachment":[{"href":"https:\/\/lofimusic.com.es\/index.php\/wp-json\/wp\/v2\/media?parent=35386"}],"wp:term":[{"taxonomy":"product_cat","embeddable":true,"href":"https:\/\/lofimusic.com.es\/index.php\/wp-json\/wp\/v2\/product_cat?post=35386"},{"taxonomy":"product_tag","embeddable":true,"href":"https:\/\/lofimusic.com.es\/index.php\/wp-json\/wp\/v2\/product_tag?post=35386"}],"curies":[{"name":"wp","href":"https:\/\/api.w.org\/{rel}","templated":true}]}}