{"id":35378,"date":"2026-04-16T18:31:20","date_gmt":"2026-04-16T18:31:20","guid":{"rendered":"https:\/\/lofimusic.com.es\/index.php\/producto\/b0gpr1rm9m_fr\/"},"modified":"2026-04-16T18:31:20","modified_gmt":"2026-04-16T18:31:20","slug":"b0gpr1rm9m_fr","status":"publish","type":"product","link":"https:\/\/lofimusic.com.es\/index.php\/producto\/b0gpr1rm9m_fr\/","title":{"rendered":"B0GPR1RM9M_FR"},"content":{"rendered":"<p>&#8211; \ud83d\udd38 Patchs minceur \u00e0 base de plantes \u2013 Compos\u00e9s d\u2019extraits v\u00e9g\u00e9taux naturels, ces patchs soutiennent une sensation de l\u00e9g\u00e8ret\u00e9 et aident \u00e0 entretenir une silhouette harmonieuse jour apr\u00e8s jour.<br \/>\n&#8211; \ud83d\udd38 Utilisation simple et cibl\u00e9e \u2013 Leur format pratique s\u2019adapte facilement \u00e0 diff\u00e9rentes zones du corps : ventre, taille, bras ou cuisses. Id\u00e9al pour une application quotidienne \u00e0 domicile.<br \/>\n&#8211; \ud83d\udd38 Formule douce et non irritante \u2013 Test\u00e9s dermatologiquement, ces patchs respectent tous les types de peau et offrent un confort optimal pendant l\u2019utilisation.<br \/>\n&#8211; \ud83d\udd38 Adh\u00e9rence longue dur\u00e9e \u2013 Gr\u00e2ce \u00e0 une texture fine et un adh\u00e9sif de qualit\u00e9, le patch reste bien en place tout au long de la journ\u00e9e sans glisser ni g\u00eaner vos mouvements.<br \/>\n&#8211; \ud83d\udd38 Discrets sous les v\u00eatements \u2013 Invisibles et l\u00e9gers, les patchs minceur ventre plat peuvent \u00eatre port\u00e9s en toute discr\u00e9tion, pour une routine bien-\u00eatre naturelle et continue.<\/p>\n","protected":false},"excerpt":{"rendered":"<p>publicit\u00e9Patch Minceur 30 Pi\u00e8ces \u2013 Patchs Minceur Naturels &#8211; Formule Naturelle pour Ventre Plat &amp; Taille Affin\u00e9e<\/p>\n","protected":false},"featured_media":35377,"comment_status":"open","ping_status":"closed","template":"","meta":[],"product_cat":[15],"product_tag":[],"class_list":{"0":"post-35378","1":"product","2":"type-product","3":"status-publish","4":"has-post-thumbnail","6":"product_cat-sin-categorizar","7":"nodate","8":"item-wrap","10":"first","11":"instock","12":"shipping-taxable","13":"product-type-external"},"_links":{"self":[{"href":"https:\/\/lofimusic.com.es\/index.php\/wp-json\/wp\/v2\/product\/35378","targetHints":{"allow":["GET"]}}],"collection":[{"href":"https:\/\/lofimusic.com.es\/index.php\/wp-json\/wp\/v2\/product"}],"about":[{"href":"https:\/\/lofimusic.com.es\/index.php\/wp-json\/wp\/v2\/types\/product"}],"replies":[{"embeddable":true,"href":"https:\/\/lofimusic.com.es\/index.php\/wp-json\/wp\/v2\/comments?post=35378"}],"wp:featuredmedia":[{"embeddable":true,"href":"https:\/\/lofimusic.com.es\/index.php\/wp-json\/wp\/v2\/media\/35377"}],"wp:attachment":[{"href":"https:\/\/lofimusic.com.es\/index.php\/wp-json\/wp\/v2\/media?parent=35378"}],"wp:term":[{"taxonomy":"product_cat","embeddable":true,"href":"https:\/\/lofimusic.com.es\/index.php\/wp-json\/wp\/v2\/product_cat?post=35378"},{"taxonomy":"product_tag","embeddable":true,"href":"https:\/\/lofimusic.com.es\/index.php\/wp-json\/wp\/v2\/product_tag?post=35378"}],"curies":[{"name":"wp","href":"https:\/\/api.w.org\/{rel}","templated":true}]}}