{"id":35376,"date":"2026-04-16T18:29:37","date_gmt":"2026-04-16T18:29:37","guid":{"rendered":"https:\/\/lofimusic.com.es\/index.php\/producto\/b0ghykl7wq_de\/"},"modified":"2026-04-16T18:29:37","modified_gmt":"2026-04-16T18:29:37","slug":"b0ghykl7wq_de","status":"publish","type":"product","link":"https:\/\/lofimusic.com.es\/index.php\/producto\/b0ghykl7wq_de\/","title":{"rendered":"B0GHYKL7WQ_DE"},"content":{"rendered":"<p>&#8211; \u3010Hochleistungs-Lithium-Akku\u3011 Ausgestattet mit einem 1000-mAh-Akku und einem intelligenten Lichtempfindlichkeitserkennungssystem erm\u00f6glicht es ein vollautomatisches Energiemanagement. Bei ausreichend Sonnenschein speichert es Strom; Bei Bew\u00f6lkung unterst\u00fctzt der gespeicherte Strom die Arbeit. Der Fotosensor erfasst Ver\u00e4nderungen des Umgebungslichts pr\u00e4zise und wechselt nach Sonnenuntergang automatisch in den Ruhemodus. So wird ineffizienter Energieverbrauch vermieden.<br \/>\n&#8211; \u3010DIY Solarbrunnen Kit\u3011DIY-Solarbrunnen-Kit, sorgf\u00e4ltig gefertigt aus 2,8W Solarmodulen, Gestaltung freien Lauf lassen oder sie mit Ihrem kreativen Brunnen verwenden.Das geteilte Design tr\u00e4gt zur Gestaltung interessanter Wasserspiele bei und ist mit einem 2 Meter langen Kabel ausgestattet.<br \/>\n&#8211; \u3010Verschiedene Wasserspr\u00fcher\u3011Verschiedene D\u00fcsen k\u00f6nnen Ihre unterschiedlichen Anforderungen an die H\u00f6he der Wassers\u00e4ule oder die Form der Wassers\u00e4ule erf\u00fcllen. Die H\u00f6he und Form des Wasserstrahls kann durch Austauschen der D\u00fcsen angepasst werden, um ein \u00dcberlaufen aus dem Becken zu vermeiden. Der Austausch der D\u00fcse ist sehr einfach und bequem.<br \/>\n&#8211; \u3010Mehrere Anwendungen\u3011 Diese Solarpumpe eignet sich perfekt f\u00fcr kleine Teiche, Pools, G\u00e4rten, Wasserzirkulation und Sauerstoffversorgung. Solarwasserpumpen verleihen Ihrem Garten ein interessantes Aussehen. Ihr Garten wird mit Sicherheit die Aufmerksamkeit der Passanten auf sich ziehen.<br \/>\n&#8211; \u3010Schutzeinstellungen\u3011Die Solarbrunnen stoppt automatisch,wenn kein Wasser vorhanden ist, um ein Trockenbrennen zu verhindern, der Filter verhindert das Eindringen von Staub und Bl\u00e4ttern,Nach dem Verlassen des Werks geht das Produkt in den Ruhezustand \u00fcber,Das Produkt muss zuerst mit einer Lichtintensit\u00e4t von mehr als 10.000 LUX f\u00fcr aufgeweckt werden.<\/p>\n","protected":false},"excerpt":{"rendered":"<p>Werbung<br \/>\nAISITIN Solarbrunnen f\u00fcr Draussen Split-Design mit Batterie, Solar Font\u00e4ne Pumpe mit Verschiedene Spr\u00fch Effekten, Solar Teichpumpe, Solar Springbrunnen f\u00fcr Au\u00dfen f\u00fcr Garten,Teich, DIY Wasserspiel-2,8W<\/p>\n","protected":false},"featured_media":35375,"comment_status":"open","ping_status":"closed","template":"","meta":[],"product_cat":[15],"product_tag":[],"class_list":{"0":"post-35376","1":"product","2":"type-product","3":"status-publish","4":"has-post-thumbnail","6":"product_cat-sin-categorizar","7":"nodate","8":"item-wrap","10":"first","11":"instock","12":"shipping-taxable","13":"product-type-external"},"_links":{"self":[{"href":"https:\/\/lofimusic.com.es\/index.php\/wp-json\/wp\/v2\/product\/35376","targetHints":{"allow":["GET"]}}],"collection":[{"href":"https:\/\/lofimusic.com.es\/index.php\/wp-json\/wp\/v2\/product"}],"about":[{"href":"https:\/\/lofimusic.com.es\/index.php\/wp-json\/wp\/v2\/types\/product"}],"replies":[{"embeddable":true,"href":"https:\/\/lofimusic.com.es\/index.php\/wp-json\/wp\/v2\/comments?post=35376"}],"wp:featuredmedia":[{"embeddable":true,"href":"https:\/\/lofimusic.com.es\/index.php\/wp-json\/wp\/v2\/media\/35375"}],"wp:attachment":[{"href":"https:\/\/lofimusic.com.es\/index.php\/wp-json\/wp\/v2\/media?parent=35376"}],"wp:term":[{"taxonomy":"product_cat","embeddable":true,"href":"https:\/\/lofimusic.com.es\/index.php\/wp-json\/wp\/v2\/product_cat?post=35376"},{"taxonomy":"product_tag","embeddable":true,"href":"https:\/\/lofimusic.com.es\/index.php\/wp-json\/wp\/v2\/product_tag?post=35376"}],"curies":[{"name":"wp","href":"https:\/\/api.w.org\/{rel}","templated":true}]}}