{"id":35366,"date":"2026-04-16T05:51:08","date_gmt":"2026-04-16T05:51:08","guid":{"rendered":"https:\/\/lofimusic.com.es\/index.php\/producto\/b0c8yz4284_es\/"},"modified":"2026-04-16T05:51:08","modified_gmt":"2026-04-16T05:51:08","slug":"b0c8yz4284_es","status":"publish","type":"product","link":"https:\/\/lofimusic.com.es\/index.php\/producto\/b0c8yz4284_es\/","title":{"rendered":"B0C8YZ4284_ES"},"content":{"rendered":"<p>&#8211; Bomb\u00edn 32x32mm con 5 llaves incluidas y tarjeta seguridad. M&amp;C marca suiza de alta seguridad tecnolog\u00eda SKG *** de 3 estrellas m\u00e1xima seguridad. Bomb\u00edn que incluye 5 llaves y Tarjeta de Seguridad.<br \/>\n&#8211; Antitopolino, puente de acero inoxidable indestructible Este \u00faltimo cilindro tiene un puente especial de acero inoxidable. El acero inoxidable es un material extremadamente resistente y, adem\u00e1s, tiene una cualidad maleable que hace pr\u00e1cticamente imposible la rotura del puente.<br \/>\n&#8211; Extra flexible, a\u00fan m\u00e1s f\u00e1cil de usar. El redondeo de la entrada de la llave de este cilindro asegura una gu\u00eda de la llave a\u00fan mejor.<br \/>\n&#8211; Evita la perforaci\u00f3n y el roscado. La placa antiperforaci\u00f3n de acero duro (clip U de Trap Shark), con su forma escalonada y sus exclusivos dientes de tibur\u00f3n, proporciona una seguridad adicional contra las perforaciones y Bumping.<br \/>\n&#8211; Incluye Bomb\u00edn, 5 Llaves y Tarjeta de Seguridad.<\/p>\n","protected":false},"excerpt":{"rendered":"<p>Publicidad M&amp;C Minos Bomb\u00edn Cerradura Alta Seguridad Anti Topolino Leva Larga Doble Embrague M\u00e1xima Seguridad SKG 3 Estrellas 32x32mm Anti Bumping Resistente Taladro Tecnolog\u00eda Suiza Pleateado 5 Llaves Incluidas<\/p>\n","protected":false},"featured_media":35365,"comment_status":"open","ping_status":"closed","template":"","meta":[],"product_cat":[15],"product_tag":[],"class_list":{"0":"post-35366","1":"product","2":"type-product","3":"status-publish","4":"has-post-thumbnail","6":"product_cat-sin-categorizar","7":"nodate","8":"item-wrap","10":"first","11":"instock","12":"shipping-taxable","13":"product-type-external"},"_links":{"self":[{"href":"https:\/\/lofimusic.com.es\/index.php\/wp-json\/wp\/v2\/product\/35366","targetHints":{"allow":["GET"]}}],"collection":[{"href":"https:\/\/lofimusic.com.es\/index.php\/wp-json\/wp\/v2\/product"}],"about":[{"href":"https:\/\/lofimusic.com.es\/index.php\/wp-json\/wp\/v2\/types\/product"}],"replies":[{"embeddable":true,"href":"https:\/\/lofimusic.com.es\/index.php\/wp-json\/wp\/v2\/comments?post=35366"}],"wp:featuredmedia":[{"embeddable":true,"href":"https:\/\/lofimusic.com.es\/index.php\/wp-json\/wp\/v2\/media\/35365"}],"wp:attachment":[{"href":"https:\/\/lofimusic.com.es\/index.php\/wp-json\/wp\/v2\/media?parent=35366"}],"wp:term":[{"taxonomy":"product_cat","embeddable":true,"href":"https:\/\/lofimusic.com.es\/index.php\/wp-json\/wp\/v2\/product_cat?post=35366"},{"taxonomy":"product_tag","embeddable":true,"href":"https:\/\/lofimusic.com.es\/index.php\/wp-json\/wp\/v2\/product_tag?post=35366"}],"curies":[{"name":"wp","href":"https:\/\/api.w.org\/{rel}","templated":true}]}}