{"id":35364,"date":"2026-04-16T05:15:07","date_gmt":"2026-04-16T05:15:07","guid":{"rendered":"https:\/\/lofimusic.com.es\/index.php\/producto\/b0gtlrr7j1_de\/"},"modified":"2026-04-16T05:15:07","modified_gmt":"2026-04-16T05:15:07","slug":"b0gtlrr7j1_de","status":"publish","type":"product","link":"https:\/\/lofimusic.com.es\/index.php\/producto\/b0gtlrr7j1_de\/","title":{"rendered":"B0GTLRR7J1_DE"},"content":{"rendered":"<p>&#8211; \ud835\udfd0-\ud835\udc22\ud835\udc27-\ud835\udfcf \ud835\udc16\ud835\udc22\ud835\udc2b\ud835\udc1e\ud835\udc25\ud835\udc1e\ud835\udc2c\ud835\udc2c \ud835\udc02\ud835\udc1a\ud835\udc2b\ud835\udc0f\ud835\udc25\ud835\udc1a\ud835\udc32 &amp; \ud835\udc00\ud835\udc27\ud835\udc1d\ud835\udc2b\ud835\udc28\ud835\udc22\ud835\udc1d \ud835\udc00\ud835\udc2e\ud835\udc2d\ud835\udc28 \ud835\udc00\ud835\udc1d\ud835\udc1a\ud835\udc29\ud835\udc2d\ud835\udc1e\ud835\udc2b \u2013 Verwandeln Sie Ihr kabelgebundenes CarPlay oder Android Auto in kabellos mit nur einem kompakten Dongle. Unterst\u00fctzt sowohl iPhone als auch Android Smartphones, ideal f\u00fcr Fahrer, die flexibel bleiben wollen.<br \/>\n&#8211; \ud835\udc12\ud835\udc1c\ud835\udc21\ud835\udc27\ud835\udc1e\ud835\udc25\ud835\udc25\ud835\udc1e &amp; \ud835\udc12\ud835\udc2d\ud835\udc1a\ud835\udc1b\ud835\udc22\ud835\udc25\ud835\udc1e \ud835\udfd3.\ud835\udfd6\ud835\udc06\ud835\udc07\ud835\udc33-\ud835\udc15\ud835\udc1e\ud835\udc2b\ud835\udc1b\ud835\udc22\ud835\udc27\ud835\udc1d\ud835\udc2e\ud835\udc27\ud835\udc20 \u2013 Ausgestattet mit einem leistungsstarken Chip und 5.8GHz-WLAN-Technologie sorgt der Adapter f\u00fcr niedrige Latenz, stabile Performance und reibungsloses Streaming. Perfekt f\u00fcr Navigation mit Apple Karten, Google Maps oder Waze, Musik \u00fcber Spotify sowie Anrufe und Nachrichten.<br \/>\n&#8211; \ud835\udc04\ud835\udc22\ud835\udc27\ud835\udc1f\ud835\udc1a\ud835\udc1c\ud835\udc21\ud835\udc1e \ud835\udc0f\ud835\udc25\ud835\udc2e\ud835\udc20 &amp; \ud835\udc0f\ud835\udc25\ud835\udc1a\ud835\udc32 \ud835\udc08\ud835\udc27\ud835\udc2c\ud835\udc2d\ud835\udc1a\ud835\udc25\ud835\udc25\ud835\udc1a\ud835\udc2d\ud835\udc22\ud835\udc28\ud835\udc27 \u2013 Keine zus\u00e4tzliche App erforderlich. Stecken Sie den USB-C\/Type-C Dongle in die USB-Buchse Ihres Autos, koppeln Sie Ihr Smartphone \u00fcber Bluetooth, Daten\u00fcbertragung l\u00e4uft automatisch \u00fcber WLAN. Der Adapter speichert Ihr Ger\u00e4t und verbindet sich beim n\u00e4chsten Start automatisch erneut.<br \/>\n&#8211; \ud835\udc01\ud835\udc2b\ud835\udc1e\ud835\udc22\ud835\udc2d\ud835\udc1e \ud835\udc05\ud835\udc1a\ud835\udc21\ud835\udc2b\ud835\udc33\ud835\udc1e\ud835\udc2e\ud835\udc20\ud835\udc24\ud835\udc28\ud835\udc26\ud835\udc29\ud835\udc1a\ud835\udc2d\ud835\udc22\ud835\udc1b\ud835\udc22\ud835\udc25\ud835\udc22\ud835\udc2d\u00e4\ud835\udc2d \u2013 Funktioniert mit den meisten Fahrzeugen, die werksseitig CarPlay oder Android Auto unterst\u00fctzen: z. B. VW, Audi, BMW, Mercedes, Ford, Toyota, Honda, Volvo und viele mehr. Ein unverzichtbares Autozubeh\u00f6r f\u00fcr eine moderne, kabellose Fahrt.<br \/>\n&#8211; \ud835\udde0\ud835\uddf6\ud835\uddfb\ud835\uddf6 \ud835\uddd4\ud835\uddfb\ud835\uddf1\ud835\uddff\ud835\uddfc\ud835\uddf6\ud835\uddf1 \ud835\uddd4\ud835\ude02\ud835\ude01\ud835\uddfc &amp; \ud835\uddea\ud835\uddf6\ud835\uddff\ud835\uddf2\ud835\uddf9\ud835\uddf2\ud835\ude00\ud835\ude00 \ud835\uddd6\ud835\uddee\ud835\uddff\ud835\uddfd\ud835\uddf9\ud835\uddee\ud835\ude06 \ud835\uddd4\ud835\uddf1\ud835\uddee\ud835\uddfd\ud835\ude01\ud835\uddf2\ud835\uddff: Dieser stilvolle und klassische Autoadapter ist der perfekte Begleiter f\u00fcr Ihr Auto! Seine Mini-Gr\u00f6\u00dfe sorgt daf\u00fcr, dass der Adapter nur minimalen Platz im Auto einnimmt und das Armaturenbrett sauber h\u00e4lt, w\u00e4hrend er leistungsstarke Konnektivit\u00e4t bietet. Und er wird mit einem USB-Type-C-Adapter geliefert, der an USB- oder USB-C-Anschl\u00fcsse angeschlossen werden kann.<br \/>\n&#8211; \ud835\udc12\ud835\udc22\ud835\udc1c\ud835\udc21\ud835\udc1e\ud835\udc2b\ud835\udc1e\ud835\udc2c \ud835\udc05\ud835\udc1a\ud835\udc21\ud835\udc2b\ud835\udc1e\ud835\udc27 &amp; \ud835\udc19\ud835\udc2e\ud835\udc2f\ud835\udc1e\ud835\udc2b\ud835\udc25\u00e4\ud835\udc2c\ud835\udc2c\ud835\udc22\ud835\udc20\ud835\udc1e\ud835\udc2b \ud835\udc12\ud835\udc2e\ud835\udc29\ud835\udc29\ud835\udc28\ud835\udc2b\ud835\udc2d\u2013 Nutzen Sie Siri oder Google Assistant f\u00fcr freih\u00e4ndige Steuerung von Navigation, Musik und Anrufen, um die Sicherheit w\u00e4hrend der Fahrt zu erh\u00f6hen. Der Adapter ist CE\/FCC\/UKCA-zertifiziert und wird von einem professionellen Kundenservice sowie Garantie abgesichert.<\/p>\n","protected":false},"excerpt":{"rendered":"<p>Werbung<br \/>\n2 IN 1 Wireless CarPlay &amp; Android Auto Adapter, Kabelloser USB-Dongle f\u00fcr Autos, Kabelloses CarPlay &amp; Android Auto, Plug &amp; Play, Schnelle Stabile Verbindung, Unterst\u00fctzt iOS 10+ und An-Droid 11+<\/p>\n","protected":false},"featured_media":35363,"comment_status":"open","ping_status":"closed","template":"","meta":[],"product_cat":[15],"product_tag":[],"class_list":{"0":"post-35364","1":"product","2":"type-product","3":"status-publish","4":"has-post-thumbnail","6":"product_cat-sin-categorizar","7":"nodate","8":"item-wrap","10":"first","11":"instock","12":"shipping-taxable","13":"product-type-external"},"_links":{"self":[{"href":"https:\/\/lofimusic.com.es\/index.php\/wp-json\/wp\/v2\/product\/35364","targetHints":{"allow":["GET"]}}],"collection":[{"href":"https:\/\/lofimusic.com.es\/index.php\/wp-json\/wp\/v2\/product"}],"about":[{"href":"https:\/\/lofimusic.com.es\/index.php\/wp-json\/wp\/v2\/types\/product"}],"replies":[{"embeddable":true,"href":"https:\/\/lofimusic.com.es\/index.php\/wp-json\/wp\/v2\/comments?post=35364"}],"wp:featuredmedia":[{"embeddable":true,"href":"https:\/\/lofimusic.com.es\/index.php\/wp-json\/wp\/v2\/media\/35363"}],"wp:attachment":[{"href":"https:\/\/lofimusic.com.es\/index.php\/wp-json\/wp\/v2\/media?parent=35364"}],"wp:term":[{"taxonomy":"product_cat","embeddable":true,"href":"https:\/\/lofimusic.com.es\/index.php\/wp-json\/wp\/v2\/product_cat?post=35364"},{"taxonomy":"product_tag","embeddable":true,"href":"https:\/\/lofimusic.com.es\/index.php\/wp-json\/wp\/v2\/product_tag?post=35364"}],"curies":[{"name":"wp","href":"https:\/\/api.w.org\/{rel}","templated":true}]}}