{"id":35358,"date":"2026-04-15T21:41:50","date_gmt":"2026-04-15T21:41:50","guid":{"rendered":"https:\/\/lofimusic.com.es\/index.php\/producto\/b0g387pd51_de\/"},"modified":"2026-04-15T21:41:50","modified_gmt":"2026-04-15T21:41:50","slug":"b0g387pd51_de","status":"publish","type":"product","link":"https:\/\/lofimusic.com.es\/index.php\/producto\/b0g387pd51_de\/","title":{"rendered":"B0G387PD51_DE"},"content":{"rendered":"<p>&#8211; Das Set enth\u00e4lt unabh\u00e4ngig verpackte Fu\u00dffolien, die eine reiche Essenz enthalten und speziell f\u00fcr die Feuchtigkeit und Weichung der Haut der F\u00fc\u00dfe entwickelt wurden.<br \/>\n&#8211; Verwenden Sie ein weiches, nicht gewebtes Material, um die F\u00fc\u00dfe zu reinigen und nach etwa 30 Minuten zu massieren.<br \/>\n&#8211; Die eigenst\u00e4ndige Verpackung ist leicht und hygienisch geeignet f\u00fcr Reisen, B\u00fcro oder Heimpflege und ist eine bequeme Wahl f\u00fcr die t\u00e4gliche F\u00fc\u00dfpflege.<\/p>\n","protected":false},"excerpt":{"rendered":"<p>Werbung<br \/>\nFu\u00dfMaske, Hornhaut Socken, Feuchtigkeitsspendende Fussmaske, F\u00fc\u00dfE Und Rissige Fersen<\/p>\n","protected":false},"featured_media":35357,"comment_status":"open","ping_status":"closed","template":"","meta":[],"product_cat":[15],"product_tag":[],"class_list":{"0":"post-35358","1":"product","2":"type-product","3":"status-publish","4":"has-post-thumbnail","6":"product_cat-sin-categorizar","7":"nodate","8":"item-wrap","10":"first","11":"instock","12":"shipping-taxable","13":"product-type-external"},"_links":{"self":[{"href":"https:\/\/lofimusic.com.es\/index.php\/wp-json\/wp\/v2\/product\/35358","targetHints":{"allow":["GET"]}}],"collection":[{"href":"https:\/\/lofimusic.com.es\/index.php\/wp-json\/wp\/v2\/product"}],"about":[{"href":"https:\/\/lofimusic.com.es\/index.php\/wp-json\/wp\/v2\/types\/product"}],"replies":[{"embeddable":true,"href":"https:\/\/lofimusic.com.es\/index.php\/wp-json\/wp\/v2\/comments?post=35358"}],"wp:featuredmedia":[{"embeddable":true,"href":"https:\/\/lofimusic.com.es\/index.php\/wp-json\/wp\/v2\/media\/35357"}],"wp:attachment":[{"href":"https:\/\/lofimusic.com.es\/index.php\/wp-json\/wp\/v2\/media?parent=35358"}],"wp:term":[{"taxonomy":"product_cat","embeddable":true,"href":"https:\/\/lofimusic.com.es\/index.php\/wp-json\/wp\/v2\/product_cat?post=35358"},{"taxonomy":"product_tag","embeddable":true,"href":"https:\/\/lofimusic.com.es\/index.php\/wp-json\/wp\/v2\/product_tag?post=35358"}],"curies":[{"name":"wp","href":"https:\/\/api.w.org\/{rel}","templated":true}]}}