{"id":35354,"date":"2026-04-15T21:39:38","date_gmt":"2026-04-15T21:39:38","guid":{"rendered":"https:\/\/lofimusic.com.es\/index.php\/producto\/b0g9cjfthx_de\/"},"modified":"2026-04-15T21:39:38","modified_gmt":"2026-04-15T21:39:38","slug":"b0g9cjfthx_de","status":"publish","type":"product","link":"https:\/\/lofimusic.com.es\/index.php\/producto\/b0g9cjfthx_de\/","title":{"rendered":"B0G9CJFTHX_DE"},"content":{"rendered":"<p>&#8211; Jede Box enth\u00e4lt einen Schnarchschutz mit einer separaten versiegelten Verpackung f\u00fcr einfache Aufbewahrung und Aufbewahrung. Verstellbares Design f\u00fcr verschiedene Gr\u00f6\u00dfen<br \/>\n&#8211; Auswahl von hochwertigen Materialien, weich, ruhiger zu verwenden, nicht leicht zu verformen, wiederverwendbar, langfristig bequem zu tragen, die Schlaf-Atemqualit\u00e4t zu verbessern<br \/>\n&#8211; Reduzieren Sie die Schnarchfrequenz und die Lautst\u00e4rke und verbessern Sie die Atmungsqualit\u00e4t des Schlafes. Leicht und passend, unterst\u00fctzt manuelle Einstellung, so dass Sie die ganze Nacht schlafen k\u00f6nnen<br \/>\n&#8211; Tauchen Sie den Anti-Schnarcher vollst\u00e4ndig in hei\u00dfes Wasser ein, dr\u00fccken Sie ihn vorsichtig auf die richtige Position, schneiden Sie ihn manuell und schlafen Sie nach Abschluss<br \/>\n&#8211; Die kompakte Konstruktion und das leichte Gewicht eignen sich perfekt f\u00fcr eine Vielzahl von Szenen. T\u00e4gliches Zuhause, Gesch\u00e4ftsreisen, Handgep\u00e4ck auf der Reise, keinen Platz einnehmen<\/p>\n","protected":false},"excerpt":{"rendered":"<p>Werbung<br \/>\nSchnarchstopper Anti Schnarch, Einstellbarers Anti Schnarch Mundst\u00fcck, Waschbar &amp; Wiederverwendbar Schnarchstopper f\u00fcr nachts,Verbessert Schlafqualit\u00e4t, f\u00fcr M\u00e4nner und Frauen\uff08rosa\uff09<\/p>\n","protected":false},"featured_media":35353,"comment_status":"open","ping_status":"closed","template":"","meta":[],"product_cat":[15],"product_tag":[],"class_list":{"0":"post-35354","1":"product","2":"type-product","3":"status-publish","4":"has-post-thumbnail","6":"product_cat-sin-categorizar","7":"nodate","8":"item-wrap","10":"first","11":"instock","12":"shipping-taxable","13":"product-type-external"},"_links":{"self":[{"href":"https:\/\/lofimusic.com.es\/index.php\/wp-json\/wp\/v2\/product\/35354","targetHints":{"allow":["GET"]}}],"collection":[{"href":"https:\/\/lofimusic.com.es\/index.php\/wp-json\/wp\/v2\/product"}],"about":[{"href":"https:\/\/lofimusic.com.es\/index.php\/wp-json\/wp\/v2\/types\/product"}],"replies":[{"embeddable":true,"href":"https:\/\/lofimusic.com.es\/index.php\/wp-json\/wp\/v2\/comments?post=35354"}],"wp:featuredmedia":[{"embeddable":true,"href":"https:\/\/lofimusic.com.es\/index.php\/wp-json\/wp\/v2\/media\/35353"}],"wp:attachment":[{"href":"https:\/\/lofimusic.com.es\/index.php\/wp-json\/wp\/v2\/media?parent=35354"}],"wp:term":[{"taxonomy":"product_cat","embeddable":true,"href":"https:\/\/lofimusic.com.es\/index.php\/wp-json\/wp\/v2\/product_cat?post=35354"},{"taxonomy":"product_tag","embeddable":true,"href":"https:\/\/lofimusic.com.es\/index.php\/wp-json\/wp\/v2\/product_tag?post=35354"}],"curies":[{"name":"wp","href":"https:\/\/api.w.org\/{rel}","templated":true}]}}