{"id":35348,"date":"2026-04-15T21:36:53","date_gmt":"2026-04-15T21:36:53","guid":{"rendered":"https:\/\/lofimusic.com.es\/index.php\/producto\/b0g9p6gmx6_de-2\/"},"modified":"2026-04-15T21:36:53","modified_gmt":"2026-04-15T21:36:53","slug":"b0g9p6gmx6_de-2","status":"publish","type":"product","link":"https:\/\/lofimusic.com.es\/index.php\/producto\/b0g9p6gmx6_de-2\/","title":{"rendered":"B0G9P6GMX6_DE"},"content":{"rendered":"<p>&#8211; 10 Paar hellrosa Augenmasken, weiche Geltextur, mit feuchtigkeitsspendenden Inhaltsstoffen, geeignet f\u00fcr die Temperatur und Pflege der Augen, leicht einzeln zu verpacken.<br \/>\n&#8211; Nach der Gesichtsreinigung die Augenmaske sanft um die Augen auftragen, leicht andr\u00fccken, einen Moment einwirken lassen und dann ohne Absp\u00fclen entfernen.<br \/>\n&#8211; Geeignet f\u00fcr die t\u00e4gliche Pflege zu Hause oder auf Reisen, ist sie eine durchdachte Pflegeoption f\u00fcr M\u00e4nner und Frauen und eignet sich auch als kleines Geschenk.<\/p>\n","protected":false},"excerpt":{"rendered":"<p>Werbung<br \/>\n10paare Augenmasken F\u00fcR Die T\u00e4Gliche Pflege Der Augenpartie Mit Einer Leichten Textur, Die Schnell Einzieht. Geeignet F\u00fcR Zu Hause Und Auf Reisen. Hellrosa<\/p>\n","protected":false},"featured_media":35347,"comment_status":"open","ping_status":"closed","template":"","meta":[],"product_cat":[15],"product_tag":[],"class_list":{"0":"post-35348","1":"product","2":"type-product","3":"status-publish","4":"has-post-thumbnail","6":"product_cat-sin-categorizar","7":"nodate","8":"item-wrap","10":"first","11":"instock","12":"shipping-taxable","13":"product-type-external"},"_links":{"self":[{"href":"https:\/\/lofimusic.com.es\/index.php\/wp-json\/wp\/v2\/product\/35348","targetHints":{"allow":["GET"]}}],"collection":[{"href":"https:\/\/lofimusic.com.es\/index.php\/wp-json\/wp\/v2\/product"}],"about":[{"href":"https:\/\/lofimusic.com.es\/index.php\/wp-json\/wp\/v2\/types\/product"}],"replies":[{"embeddable":true,"href":"https:\/\/lofimusic.com.es\/index.php\/wp-json\/wp\/v2\/comments?post=35348"}],"wp:featuredmedia":[{"embeddable":true,"href":"https:\/\/lofimusic.com.es\/index.php\/wp-json\/wp\/v2\/media\/35347"}],"wp:attachment":[{"href":"https:\/\/lofimusic.com.es\/index.php\/wp-json\/wp\/v2\/media?parent=35348"}],"wp:term":[{"taxonomy":"product_cat","embeddable":true,"href":"https:\/\/lofimusic.com.es\/index.php\/wp-json\/wp\/v2\/product_cat?post=35348"},{"taxonomy":"product_tag","embeddable":true,"href":"https:\/\/lofimusic.com.es\/index.php\/wp-json\/wp\/v2\/product_tag?post=35348"}],"curies":[{"name":"wp","href":"https:\/\/api.w.org\/{rel}","templated":true}]}}