{"id":35346,"date":"2026-04-15T21:36:49","date_gmt":"2026-04-15T21:36:49","guid":{"rendered":"https:\/\/lofimusic.com.es\/index.php\/producto\/b0g9nv8g95_de-2\/"},"modified":"2026-04-15T21:36:49","modified_gmt":"2026-04-15T21:36:49","slug":"b0g9nv8g95_de-2","status":"publish","type":"product","link":"https:\/\/lofimusic.com.es\/index.php\/producto\/b0g9nv8g95_de-2\/","title":{"rendered":"B0G9NV8G95_DE"},"content":{"rendered":"<p>&#8211; Jedes Set enth\u00e4lt 10 Paar unabh\u00e4ngige grau-wei\u00dfe Augenmasken. Die Geltextur enth\u00e4lt feuchtigkeitsspendende Inhaltsstoffe, die sich sanft um die Augen legen und dazu beitragen, die Feuchtigkeit und den Glanz der Haut zu verbessern.<br \/>\n&#8211; Nach der Reinigung unter den Augen auftragen, sanft andr\u00fccken und glatt streichen, nach der Anwendung einmassieren und einziehen lassen. Unabh\u00e4ngig verpackt, hygienisch in der Anwendung.<br \/>\n&#8211; Geeignet f\u00fcr die t\u00e4gliche Pflege, hilft bei Trockenheit und M\u00fcdigkeit um die Augen, f\u00fcr die meisten Hauttypen als Hautpflege oder Entspannungsschritt geeignet und auch als Geschenk geeignet.<\/p>\n","protected":false},"excerpt":{"rendered":"<p>Werbung<br \/>\nGemischte Augenpads (10paare), Augenpflaster, Augenpflaster Gegen Augenringe, Hydratation Und Feuchtigkeitsversorgung, Grauwei\u00df<\/p>\n","protected":false},"featured_media":35345,"comment_status":"open","ping_status":"closed","template":"","meta":[],"product_cat":[15],"product_tag":[],"class_list":{"0":"post-35346","1":"product","2":"type-product","3":"status-publish","4":"has-post-thumbnail","6":"product_cat-sin-categorizar","7":"nodate","8":"item-wrap","10":"first","11":"instock","12":"shipping-taxable","13":"product-type-external"},"_links":{"self":[{"href":"https:\/\/lofimusic.com.es\/index.php\/wp-json\/wp\/v2\/product\/35346","targetHints":{"allow":["GET"]}}],"collection":[{"href":"https:\/\/lofimusic.com.es\/index.php\/wp-json\/wp\/v2\/product"}],"about":[{"href":"https:\/\/lofimusic.com.es\/index.php\/wp-json\/wp\/v2\/types\/product"}],"replies":[{"embeddable":true,"href":"https:\/\/lofimusic.com.es\/index.php\/wp-json\/wp\/v2\/comments?post=35346"}],"wp:featuredmedia":[{"embeddable":true,"href":"https:\/\/lofimusic.com.es\/index.php\/wp-json\/wp\/v2\/media\/35345"}],"wp:attachment":[{"href":"https:\/\/lofimusic.com.es\/index.php\/wp-json\/wp\/v2\/media?parent=35346"}],"wp:term":[{"taxonomy":"product_cat","embeddable":true,"href":"https:\/\/lofimusic.com.es\/index.php\/wp-json\/wp\/v2\/product_cat?post=35346"},{"taxonomy":"product_tag","embeddable":true,"href":"https:\/\/lofimusic.com.es\/index.php\/wp-json\/wp\/v2\/product_tag?post=35346"}],"curies":[{"name":"wp","href":"https:\/\/api.w.org\/{rel}","templated":true}]}}