{"id":35344,"date":"2026-04-15T21:33:14","date_gmt":"2026-04-15T21:33:14","guid":{"rendered":"https:\/\/lofimusic.com.es\/index.php\/producto\/b0gd724tqc_de\/"},"modified":"2026-04-15T21:33:14","modified_gmt":"2026-04-15T21:33:14","slug":"b0gd724tqc_de","status":"publish","type":"product","link":"https:\/\/lofimusic.com.es\/index.php\/producto\/b0gd724tqc_de\/","title":{"rendered":"B0GD724TQC_DE"},"content":{"rendered":"<p>&#8211; Schnelle Entfernung: L\u00f6sen Sie den Gel-Nagellack in 3-5 Minuten auf, warten Sie, bis die Oberfl\u00e4che nach der Anwendung faltet und entfernen Sie ihn sanft, um die Entfernung abzuschlie\u00dfen<br \/>\n&#8211; Geeignet f\u00fcr alle Arten von N\u00e4geln, ob dekorativ oder praktisch, kann es sanft behandelt werden, um die Belastung der N\u00e4gel zu reduzieren.<br \/>\n&#8211; Blaues Aussehen: Mit einem sch\u00f6nen blauen Design hat die Verpackung hohe Erkenntnis und ist einfach in Make-up-Taschen oder Lagerbereichen zu finden<\/p>\n","protected":false},"excerpt":{"rendered":"<p>Werbung<br \/>\n2 St\u00fccke Gel Nagellack Entferner, Infach Und Schnell Gel Nagellack Entfernen, Zum Aufdr\u00fccken Der K\u00fcnstliche N\u00e4gel, Nagelgabel, Grau<\/p>\n","protected":false},"featured_media":35343,"comment_status":"open","ping_status":"closed","template":"","meta":[],"product_cat":[15],"product_tag":[],"class_list":{"0":"post-35344","1":"product","2":"type-product","3":"status-publish","4":"has-post-thumbnail","6":"product_cat-sin-categorizar","7":"nodate","8":"item-wrap","10":"first","11":"instock","12":"shipping-taxable","13":"product-type-external"},"_links":{"self":[{"href":"https:\/\/lofimusic.com.es\/index.php\/wp-json\/wp\/v2\/product\/35344","targetHints":{"allow":["GET"]}}],"collection":[{"href":"https:\/\/lofimusic.com.es\/index.php\/wp-json\/wp\/v2\/product"}],"about":[{"href":"https:\/\/lofimusic.com.es\/index.php\/wp-json\/wp\/v2\/types\/product"}],"replies":[{"embeddable":true,"href":"https:\/\/lofimusic.com.es\/index.php\/wp-json\/wp\/v2\/comments?post=35344"}],"wp:featuredmedia":[{"embeddable":true,"href":"https:\/\/lofimusic.com.es\/index.php\/wp-json\/wp\/v2\/media\/35343"}],"wp:attachment":[{"href":"https:\/\/lofimusic.com.es\/index.php\/wp-json\/wp\/v2\/media?parent=35344"}],"wp:term":[{"taxonomy":"product_cat","embeddable":true,"href":"https:\/\/lofimusic.com.es\/index.php\/wp-json\/wp\/v2\/product_cat?post=35344"},{"taxonomy":"product_tag","embeddable":true,"href":"https:\/\/lofimusic.com.es\/index.php\/wp-json\/wp\/v2\/product_tag?post=35344"}],"curies":[{"name":"wp","href":"https:\/\/api.w.org\/{rel}","templated":true}]}}