{"id":35342,"date":"2026-04-15T21:33:11","date_gmt":"2026-04-15T21:33:11","guid":{"rendered":"https:\/\/lofimusic.com.es\/index.php\/producto\/b0gd6gtwd9_de\/"},"modified":"2026-04-15T21:33:11","modified_gmt":"2026-04-15T21:33:11","slug":"b0gd6gtwd9_de","status":"publish","type":"product","link":"https:\/\/lofimusic.com.es\/index.php\/producto\/b0gd6gtwd9_de\/","title":{"rendered":"B0GD6GTWD9_DE"},"content":{"rendered":"<p>&#8211; Sie erhalten 2 Flaschen 15ml Nagellackentferner, die Ihre N\u00e4gelreinigungsbed\u00fcrfnisse zu Hause oder auf Reisen erf\u00fcllen k\u00f6nnen.<br \/>\n&#8211; Einfach zu bedienen: Gel gleichm\u00e4\u00dfig auf den Nagel auftragen, warten, bis die Oberfl\u00e4che sich faltet, und dann den Nagellack vorsichtig mit einer Nagelfeile und einem Schaber entfernen<br \/>\n&#8211; Tragbares Design: Kompakte Verpackung, einfach zu tragen, f\u00fcr den t\u00e4glichen Gebrauch zu Hause geeignet und kann auch f\u00fcr Reisen, Camping oder Gesch\u00e4ftsreisen verwendet werden<\/p>\n","protected":false},"excerpt":{"rendered":"<p>Werbung<br \/>\n2 St\u00fccke Gel Nagellackentferner 15ml, Mit Nagelfeile Und Nagellackschaber, Entfernt Schnell Und Einfach Gellack, Schadet Dem Nagel Nicht, Gr\u00fcn<\/p>\n","protected":false},"featured_media":35341,"comment_status":"open","ping_status":"closed","template":"","meta":[],"product_cat":[15],"product_tag":[],"class_list":{"0":"post-35342","1":"product","2":"type-product","3":"status-publish","4":"has-post-thumbnail","6":"product_cat-sin-categorizar","7":"nodate","8":"item-wrap","10":"first","11":"instock","12":"shipping-taxable","13":"product-type-external"},"_links":{"self":[{"href":"https:\/\/lofimusic.com.es\/index.php\/wp-json\/wp\/v2\/product\/35342","targetHints":{"allow":["GET"]}}],"collection":[{"href":"https:\/\/lofimusic.com.es\/index.php\/wp-json\/wp\/v2\/product"}],"about":[{"href":"https:\/\/lofimusic.com.es\/index.php\/wp-json\/wp\/v2\/types\/product"}],"replies":[{"embeddable":true,"href":"https:\/\/lofimusic.com.es\/index.php\/wp-json\/wp\/v2\/comments?post=35342"}],"wp:featuredmedia":[{"embeddable":true,"href":"https:\/\/lofimusic.com.es\/index.php\/wp-json\/wp\/v2\/media\/35341"}],"wp:attachment":[{"href":"https:\/\/lofimusic.com.es\/index.php\/wp-json\/wp\/v2\/media?parent=35342"}],"wp:term":[{"taxonomy":"product_cat","embeddable":true,"href":"https:\/\/lofimusic.com.es\/index.php\/wp-json\/wp\/v2\/product_cat?post=35342"},{"taxonomy":"product_tag","embeddable":true,"href":"https:\/\/lofimusic.com.es\/index.php\/wp-json\/wp\/v2\/product_tag?post=35342"}],"curies":[{"name":"wp","href":"https:\/\/api.w.org\/{rel}","templated":true}]}}