{"id":35338,"date":"2026-04-15T21:29:31","date_gmt":"2026-04-15T21:29:31","guid":{"rendered":"https:\/\/lofimusic.com.es\/index.php\/producto\/b0gf22dngm_de\/"},"modified":"2026-04-15T21:29:31","modified_gmt":"2026-04-15T21:29:31","slug":"b0gf22dngm_de","status":"publish","type":"product","link":"https:\/\/lofimusic.com.es\/index.php\/producto\/b0gf22dngm_de\/","title":{"rendered":"B0GF22DNGM_DE"},"content":{"rendered":"<p>&#8211; Das Haarwuchs-Serum verbessert die Haardichte und st\u00e4rkt die Haarfasern von der Wurzel her, um einen volleren optischen Effekt zu erzielen.<br \/>\n&#8211; Bei regelm\u00e4\u00dfiger Anwendung werden die Str\u00e4hnen dicker und gl\u00e4nzender, wodurch das gesamte Erscheinungsbild des Haares verbessert wird und es lebendiger und dynamischer wirkt.<br \/>\n&#8211; Es erh\u00f6ht die Dichte und das Volumen mit einer leichten, nicht fettenden Textur und stellt das Vertrauen in die Dicke Ihres Haares wieder her, sodass Sie sich keine Sorgen mehr um die Pflege machen m\u00fcssen.<br \/>\n&#8211; Dank des Tropfendesigns l\u00e4sst es sich m\u00fchelos auftragen. Geben Sie einfach eine angemessene Menge auf die saubere Kopfhaut und massieren Sie sie einige Minuten lang sanft ein, bis sie eingezogen ist.<br \/>\n&#8211; Es eignet sich f\u00fcr die meisten Haartypen und beide Geschlechter und passt perfekt in Ihre Tasche f\u00fcr die Haarpflege unterwegs. Damit ist es die ideale t\u00e4gliche L\u00f6sung f\u00fcr gl\u00e4nzenderes, geschmeidigeres Haar.<\/p>\n","protected":false},"excerpt":{"rendered":"<p>Werbung<br \/>\n60ml Haarwachstum Serum, Haarwuchsmittel F\u00fcR M\u00e4Nner &amp; Frauen, Pflegende Kopfhautbehandlung, Verdicken Und St\u00e4Rken F\u00fcR Haarwuchs, Verdichtung Und Kr\u00e4Ftiges Haar<\/p>\n","protected":false},"featured_media":35337,"comment_status":"open","ping_status":"closed","template":"","meta":[],"product_cat":[15],"product_tag":[],"class_list":{"0":"post-35338","1":"product","2":"type-product","3":"status-publish","4":"has-post-thumbnail","6":"product_cat-sin-categorizar","7":"nodate","8":"item-wrap","10":"first","11":"instock","12":"shipping-taxable","13":"product-type-external"},"_links":{"self":[{"href":"https:\/\/lofimusic.com.es\/index.php\/wp-json\/wp\/v2\/product\/35338","targetHints":{"allow":["GET"]}}],"collection":[{"href":"https:\/\/lofimusic.com.es\/index.php\/wp-json\/wp\/v2\/product"}],"about":[{"href":"https:\/\/lofimusic.com.es\/index.php\/wp-json\/wp\/v2\/types\/product"}],"replies":[{"embeddable":true,"href":"https:\/\/lofimusic.com.es\/index.php\/wp-json\/wp\/v2\/comments?post=35338"}],"wp:featuredmedia":[{"embeddable":true,"href":"https:\/\/lofimusic.com.es\/index.php\/wp-json\/wp\/v2\/media\/35337"}],"wp:attachment":[{"href":"https:\/\/lofimusic.com.es\/index.php\/wp-json\/wp\/v2\/media?parent=35338"}],"wp:term":[{"taxonomy":"product_cat","embeddable":true,"href":"https:\/\/lofimusic.com.es\/index.php\/wp-json\/wp\/v2\/product_cat?post=35338"},{"taxonomy":"product_tag","embeddable":true,"href":"https:\/\/lofimusic.com.es\/index.php\/wp-json\/wp\/v2\/product_tag?post=35338"}],"curies":[{"name":"wp","href":"https:\/\/api.w.org\/{rel}","templated":true}]}}