{"id":35336,"date":"2026-04-15T21:29:24","date_gmt":"2026-04-15T21:29:24","guid":{"rendered":"https:\/\/lofimusic.com.es\/index.php\/producto\/b0gdth27lv_de\/"},"modified":"2026-04-15T21:29:24","modified_gmt":"2026-04-15T21:29:24","slug":"b0gdth27lv_de","status":"publish","type":"product","link":"https:\/\/lofimusic.com.es\/index.php\/producto\/b0gdth27lv_de\/","title":{"rendered":"B0GDTH27LV_DE"},"content":{"rendered":"<p>&#8211; 4er-Pack und 2 Gr\u00f6\u00dfen: Unsere knirscherschiene sind in 2 Gr\u00f6\u00dfen erh\u00e4ltlich, darunter 2 gro\u00dfe Schnarchschiene und 2 kleine Mundschutz, um den Bed\u00fcrfnissen verschiedener Menschen gerecht zu werden.<br \/>\n&#8211; Individuell anpassbares Design: Nachtschienen gegen Z\u00e4hneknirschen die sich zu Hause leicht formen lassen und eine personalisierte bequeme Passform gew\u00e4hrleisten. Ideal als Zahnschutz bei Bruxismus und Kieferpressen im Schlaf.<br \/>\n&#8211; Einfach zu Verwenden: Mundschutz besteht aus sicherem und weichem Material,das sich leicht in hei\u00dfem Wasser formen l\u00e4sst, mundschutze gegen n\u00e4chtliches Z\u00e4hneknirschen werden individuell angefertigt, damit sie genau auf Ihre Z\u00e4hne passen und Ihnen eine m\u00f6glichst angenehme Schlafumgebung bieten.<br \/>\n&#8211; Die ideale L\u00f6sung gegen zahnschiene knirschen: Unser Knirscherschiene zum zahnschiene knirschen verhindert effektiv die durch zahnschiene knirschen und Bruxismus verursachten Ger\u00e4usche und erm\u00f6glicht Ihnen einen erholsamen Schlaf in einer angenehmen Schlafumgebung.<br \/>\n&#8211; Tragbar und vielseitig: Unser knirscherschiene Z\u00e4hneknirschen wird mit einer Aufbewahrungsbox geliefert, um sicherzustellen, dass Ihr Mundschutz in gutem Zustand bleibt. Sie k\u00f6nnen es problemlos \u00fcberallhin mitnehmen. Multifunktionaler Mundschutz, geeignet zur Vorbeugung von Z\u00e4hneknirschen und zum Schutz der Z\u00e4hne.<\/p>\n","protected":false},"excerpt":{"rendered":"<p>Werbung<br \/>\n4 St\u00fcck Knirscherschiene F\u00fcr Nacht, Schnarchschiene, Zahnschutz Nachts, Wiederverwendb und Transparente, Reduziert Schnarchen, Verbessert Den Schlaf, F\u00fcr Erwachsene<\/p>\n","protected":false},"featured_media":35335,"comment_status":"open","ping_status":"closed","template":"","meta":[],"product_cat":[15],"product_tag":[],"class_list":{"0":"post-35336","1":"product","2":"type-product","3":"status-publish","4":"has-post-thumbnail","6":"product_cat-sin-categorizar","7":"nodate","8":"item-wrap","10":"first","11":"instock","12":"shipping-taxable","13":"product-type-external"},"_links":{"self":[{"href":"https:\/\/lofimusic.com.es\/index.php\/wp-json\/wp\/v2\/product\/35336","targetHints":{"allow":["GET"]}}],"collection":[{"href":"https:\/\/lofimusic.com.es\/index.php\/wp-json\/wp\/v2\/product"}],"about":[{"href":"https:\/\/lofimusic.com.es\/index.php\/wp-json\/wp\/v2\/types\/product"}],"replies":[{"embeddable":true,"href":"https:\/\/lofimusic.com.es\/index.php\/wp-json\/wp\/v2\/comments?post=35336"}],"wp:featuredmedia":[{"embeddable":true,"href":"https:\/\/lofimusic.com.es\/index.php\/wp-json\/wp\/v2\/media\/35335"}],"wp:attachment":[{"href":"https:\/\/lofimusic.com.es\/index.php\/wp-json\/wp\/v2\/media?parent=35336"}],"wp:term":[{"taxonomy":"product_cat","embeddable":true,"href":"https:\/\/lofimusic.com.es\/index.php\/wp-json\/wp\/v2\/product_cat?post=35336"},{"taxonomy":"product_tag","embeddable":true,"href":"https:\/\/lofimusic.com.es\/index.php\/wp-json\/wp\/v2\/product_tag?post=35336"}],"curies":[{"name":"wp","href":"https:\/\/api.w.org\/{rel}","templated":true}]}}