{"id":35334,"date":"2026-04-15T21:29:21","date_gmt":"2026-04-15T21:29:21","guid":{"rendered":"https:\/\/lofimusic.com.es\/index.php\/producto\/b0gdtcdjtx_de\/"},"modified":"2026-04-15T21:29:21","modified_gmt":"2026-04-15T21:29:21","slug":"b0gdtcdjtx_de","status":"publish","type":"product","link":"https:\/\/lofimusic.com.es\/index.php\/producto\/b0gdtcdjtx_de\/","title":{"rendered":"B0GDTCDJTX_DE"},"content":{"rendered":"<p>&#8211; Unser Mundschutz enth\u00e4lt 2 verschiedene Gr\u00f6\u00dfen f\u00fcr eine bequeme Passform. Die Schienen sind sehr pflegeleicht und passen sich vollst\u00e4ndig an alle Zahnpositionen an.<br \/>\n&#8211; Hergestellt aus hochwertigen Materialien, kann es ein komfortables Zahnmodell basierend auf Ihrem Biss erstellen, geeignet f\u00fcr verschiedene Mundformen und Zahngr\u00f6\u00dfen.<br \/>\n&#8211; Dieser zahnschiene knirschen ist langlebig, leicht zu reinigen und wiederverwendbar. Mundst\u00fcck sch\u00fctzt nicht nur Ihre Z\u00e4hne vor Sch\u00e4den, sondern sorgt auch f\u00fcr ein angenehmes Tragegef\u00fchl.<\/p>\n","protected":false},"excerpt":{"rendered":"<p>Werbung<br \/>\n4 St\u00fcck Schnarchschiene F\u00fcr Erwachsene, Zahnschiene Gegen Knirschen, Nachts Getragen, Bequem Und Unauff\u00e4llig<\/p>\n","protected":false},"featured_media":35333,"comment_status":"open","ping_status":"closed","template":"","meta":[],"product_cat":[15],"product_tag":[],"class_list":{"0":"post-35334","1":"product","2":"type-product","3":"status-publish","4":"has-post-thumbnail","6":"product_cat-sin-categorizar","7":"nodate","8":"item-wrap","10":"first","11":"instock","12":"shipping-taxable","13":"product-type-external"},"_links":{"self":[{"href":"https:\/\/lofimusic.com.es\/index.php\/wp-json\/wp\/v2\/product\/35334","targetHints":{"allow":["GET"]}}],"collection":[{"href":"https:\/\/lofimusic.com.es\/index.php\/wp-json\/wp\/v2\/product"}],"about":[{"href":"https:\/\/lofimusic.com.es\/index.php\/wp-json\/wp\/v2\/types\/product"}],"replies":[{"embeddable":true,"href":"https:\/\/lofimusic.com.es\/index.php\/wp-json\/wp\/v2\/comments?post=35334"}],"wp:featuredmedia":[{"embeddable":true,"href":"https:\/\/lofimusic.com.es\/index.php\/wp-json\/wp\/v2\/media\/35333"}],"wp:attachment":[{"href":"https:\/\/lofimusic.com.es\/index.php\/wp-json\/wp\/v2\/media?parent=35334"}],"wp:term":[{"taxonomy":"product_cat","embeddable":true,"href":"https:\/\/lofimusic.com.es\/index.php\/wp-json\/wp\/v2\/product_cat?post=35334"},{"taxonomy":"product_tag","embeddable":true,"href":"https:\/\/lofimusic.com.es\/index.php\/wp-json\/wp\/v2\/product_tag?post=35334"}],"curies":[{"name":"wp","href":"https:\/\/api.w.org\/{rel}","templated":true}]}}