{"id":35330,"date":"2026-04-15T21:28:06","date_gmt":"2026-04-15T21:28:06","guid":{"rendered":"https:\/\/lofimusic.com.es\/index.php\/producto\/b0gfcb1mst_de\/"},"modified":"2026-04-15T21:28:06","modified_gmt":"2026-04-15T21:28:06","slug":"b0gfcb1mst_de","status":"publish","type":"product","link":"https:\/\/lofimusic.com.es\/index.php\/producto\/b0gfcb1mst_de\/","title":{"rendered":"B0GFCB1MST_DE"},"content":{"rendered":"<p>&#8211; Zahnpflege f\u00fcr Katzen und Hunde: Unser Set enth\u00e4lt eine Kiste von 100 Gramm Haustierzahnpulver und 2 Silikon-Fingerzahnb\u00fcrsten zur Reinigung und Pflege von Haustierz\u00e4hnen.<br \/>\n&#8211; Unsere Zahnreinigungsprodukte aus nat\u00fcrlichen Zutaten sind sicher und wirksam, halten die Z\u00e4hne wei\u00df und verbessern effektiv die Mundhygiene eines Hundes oder einer Katze.<br \/>\n&#8211; effektive Entfernung von Zahnsteinen. Unser Haustier-Zahnreinigungspulver wurde optimiert, um eine st\u00e4rkere Reinigungsf\u00e4higkeit zu bieten und effektiv Zahnsteine und Zahnplatten zu entfernen.<br \/>\n&#8211; Beseitigung des Mundgeruchs. Haustierzahnreinigungspulver hilft, Atemgeruch und Mundbakterien zu beseitigen, den Atemgeruch zu verhindern und das Haustier frischer und nat\u00fcrlicher zu atmen.<br \/>\n&#8211; Verwendung: Tauchen Sie Zahnpulver mit Silikon-Fingerh\u00fclle ein, b\u00fcrsten Sie die Z\u00e4hne Ihres Haustieres f\u00fcr 30 Sekunden bis 1 Minute, ohne Mundsp\u00fclen, kann das Zahnpulver des Haustieres geschluckt werden. Halten Sie Ihre Hunde auf t\u00e4glicher Mundhygiene.<\/p>\n","protected":false},"excerpt":{"rendered":"<p>Werbung<br \/>\nCharmChic 100g Zahnpflege Pulver f\u00fcr Hunde &amp; Katzen, effektive Zahnreinigung, gegen Mundgeruch, Zahnreiniger mit 2 Silikon Finger Zahnb\u00fcrsten, Gr\u00fcn<\/p>\n","protected":false},"featured_media":35329,"comment_status":"open","ping_status":"closed","template":"","meta":[],"product_cat":[15],"product_tag":[],"class_list":{"0":"post-35330","1":"product","2":"type-product","3":"status-publish","4":"has-post-thumbnail","6":"product_cat-sin-categorizar","7":"nodate","8":"item-wrap","10":"first","11":"instock","12":"shipping-taxable","13":"product-type-external"},"_links":{"self":[{"href":"https:\/\/lofimusic.com.es\/index.php\/wp-json\/wp\/v2\/product\/35330","targetHints":{"allow":["GET"]}}],"collection":[{"href":"https:\/\/lofimusic.com.es\/index.php\/wp-json\/wp\/v2\/product"}],"about":[{"href":"https:\/\/lofimusic.com.es\/index.php\/wp-json\/wp\/v2\/types\/product"}],"replies":[{"embeddable":true,"href":"https:\/\/lofimusic.com.es\/index.php\/wp-json\/wp\/v2\/comments?post=35330"}],"wp:featuredmedia":[{"embeddable":true,"href":"https:\/\/lofimusic.com.es\/index.php\/wp-json\/wp\/v2\/media\/35329"}],"wp:attachment":[{"href":"https:\/\/lofimusic.com.es\/index.php\/wp-json\/wp\/v2\/media?parent=35330"}],"wp:term":[{"taxonomy":"product_cat","embeddable":true,"href":"https:\/\/lofimusic.com.es\/index.php\/wp-json\/wp\/v2\/product_cat?post=35330"},{"taxonomy":"product_tag","embeddable":true,"href":"https:\/\/lofimusic.com.es\/index.php\/wp-json\/wp\/v2\/product_tag?post=35330"}],"curies":[{"name":"wp","href":"https:\/\/api.w.org\/{rel}","templated":true}]}}