{"id":35328,"date":"2026-04-15T21:25:58","date_gmt":"2026-04-15T21:25:58","guid":{"rendered":"https:\/\/lofimusic.com.es\/index.php\/producto\/b0gfw7163f_de\/"},"modified":"2026-04-15T21:25:58","modified_gmt":"2026-04-15T21:25:58","slug":"b0gfw7163f_de","status":"publish","type":"product","link":"https:\/\/lofimusic.com.es\/index.php\/producto\/b0gfw7163f_de\/","title":{"rendered":"B0GFW7163F_DE"},"content":{"rendered":"<p>&#8211; Dieses Produkt verf\u00fcgt \u00fcber Vogelsilhouetten in verschiedenen Gr\u00f6\u00dfen und Formen, wodurch es sich leicht aufkleben und entfernen l\u00e4sst.<br \/>\n&#8211; Diese Fensternaufkleber sollen visuelle Hinweise f\u00fcr V\u00f6gel schaffen, damit sie Kollisionsversuche schnell erkennen und vermeiden k\u00f6nnen.<br \/>\n&#8211; F\u00fcr die Anwendung sind keine professionellen Werkzeuge erforderlich. Nachdem das Glas gereinigt wurde, die Folie einfach abziehen und fest aufkleben.<br \/>\n&#8211; Nach dem Anbringen am Fenster beeintr\u00e4chtigt es nicht die Sonneneinstrahlung, und es gibt weder Beeintr\u00e4chtigungen des Innen- noch des Au\u00dfensichtfeldes.<br \/>\n&#8211; Geeignet f\u00fcr alle Arten von Benutzern, die V\u00f6gel lieben und ihre Heimfenster schm\u00fccken m\u00f6chten, ist es f\u00fcr alle Glast\u00fcren und -fenster geeignet.<\/p>\n","protected":false},"excerpt":{"rendered":"<p>Werbung<br \/>\n12Pcs Fensteraufkleber zur vogelkollisionsvermeidung,Vogelaufkleber f\u00fcr Fenster Einfach zu Montieren,Aufkleber gegen V\u00f6gel auf T\u00fcr und Glas,Wirksam bei Verschiedenen Lichtverh\u00e4ltnissen<\/p>\n","protected":false},"featured_media":35327,"comment_status":"open","ping_status":"closed","template":"","meta":[],"product_cat":[15],"product_tag":[],"class_list":{"0":"post-35328","1":"product","2":"type-product","3":"status-publish","4":"has-post-thumbnail","6":"product_cat-sin-categorizar","7":"nodate","8":"item-wrap","10":"first","11":"instock","12":"shipping-taxable","13":"product-type-external"},"_links":{"self":[{"href":"https:\/\/lofimusic.com.es\/index.php\/wp-json\/wp\/v2\/product\/35328","targetHints":{"allow":["GET"]}}],"collection":[{"href":"https:\/\/lofimusic.com.es\/index.php\/wp-json\/wp\/v2\/product"}],"about":[{"href":"https:\/\/lofimusic.com.es\/index.php\/wp-json\/wp\/v2\/types\/product"}],"replies":[{"embeddable":true,"href":"https:\/\/lofimusic.com.es\/index.php\/wp-json\/wp\/v2\/comments?post=35328"}],"wp:featuredmedia":[{"embeddable":true,"href":"https:\/\/lofimusic.com.es\/index.php\/wp-json\/wp\/v2\/media\/35327"}],"wp:attachment":[{"href":"https:\/\/lofimusic.com.es\/index.php\/wp-json\/wp\/v2\/media?parent=35328"}],"wp:term":[{"taxonomy":"product_cat","embeddable":true,"href":"https:\/\/lofimusic.com.es\/index.php\/wp-json\/wp\/v2\/product_cat?post=35328"},{"taxonomy":"product_tag","embeddable":true,"href":"https:\/\/lofimusic.com.es\/index.php\/wp-json\/wp\/v2\/product_tag?post=35328"}],"curies":[{"name":"wp","href":"https:\/\/api.w.org\/{rel}","templated":true}]}}