{"id":35324,"date":"2026-04-15T21:24:28","date_gmt":"2026-04-15T21:24:28","guid":{"rendered":"https:\/\/lofimusic.com.es\/index.php\/producto\/b0gggc1kjn_de\/"},"modified":"2026-04-15T21:24:28","modified_gmt":"2026-04-15T21:24:28","slug":"b0gggc1kjn_de","status":"publish","type":"product","link":"https:\/\/lofimusic.com.es\/index.php\/producto\/b0gggc1kjn_de\/","title":{"rendered":"B0GGGC1KJN_DE"},"content":{"rendered":"<p>&#8211; Enth\u00e4lt 28 Whitening-Streifen, die die Helligkeit der Z\u00e4hne schrittweise verbessern und Verf\u00e4rbungen durch Kaffee, Tee, Wein oder Rauchen reduzieren, f\u00fcr ein strahlenderes L\u00e4cheln.<br \/>\n&#8211; Die Streifen bestehen aus einem flexiblen Hydrogel-Material, passen sich allen Zahnformen an und liegen eng an der Zahnoberfl\u00e4che an. W\u00e4hrend der Anwendung k\u00f6nnen Sie normal sprechen und trinken.<br \/>\n&#8211; Die Streifen werden bei Kontakt mit Feuchtigkeit weich und bieten einen bequemen, unauff\u00e4lligen Sitz, der atmungsaktiv und nicht reizend ist. Dadurch k\u00f6nnen sie m\u00fchelos w\u00e4hrend der t\u00e4glichen Aktivit\u00e4ten oder \u00fcber Nacht getragen werden.<br \/>\n&#8211; Reinigen und trocknen Sie Ihre Z\u00e4hne, entfernen Sie den Streifen, bringen Sie ihn an und streichen Sie ihn vorsichtig glatt. Entfernen Sie ihn nach etwa 30 Minuten. Es sind keine komplizierten Hilfsmittel oder Wartezeiten erforderlich.<br \/>\n&#8211; Jeder Streifen ist einzeln verpackt, sodass er bequem mitgenommen und verwendet werden kann und jede Anwendung zu einem erfrischenden Erlebnis wird. F\u00fchlen Sie sich in sozialen Situationen gelassener und selbstbewusster.<\/p>\n","protected":false},"excerpt":{"rendered":"<p>Werbung<br \/>\nProfessionelle Zahnaufhellungsstreifen 28 St\u00fcck, Bleaching Z\u00e4hne Stripes, Whitening Strips f\u00fcr sanftes Aufhellen, einfache Verwendung zu Hause oder auf Reisen, Rosa<\/p>\n","protected":false},"featured_media":35323,"comment_status":"open","ping_status":"closed","template":"","meta":[],"product_cat":[15],"product_tag":[],"class_list":{"0":"post-35324","1":"product","2":"type-product","3":"status-publish","4":"has-post-thumbnail","6":"product_cat-sin-categorizar","7":"nodate","8":"item-wrap","10":"first","11":"instock","12":"shipping-taxable","13":"product-type-external"},"_links":{"self":[{"href":"https:\/\/lofimusic.com.es\/index.php\/wp-json\/wp\/v2\/product\/35324","targetHints":{"allow":["GET"]}}],"collection":[{"href":"https:\/\/lofimusic.com.es\/index.php\/wp-json\/wp\/v2\/product"}],"about":[{"href":"https:\/\/lofimusic.com.es\/index.php\/wp-json\/wp\/v2\/types\/product"}],"replies":[{"embeddable":true,"href":"https:\/\/lofimusic.com.es\/index.php\/wp-json\/wp\/v2\/comments?post=35324"}],"wp:featuredmedia":[{"embeddable":true,"href":"https:\/\/lofimusic.com.es\/index.php\/wp-json\/wp\/v2\/media\/35323"}],"wp:attachment":[{"href":"https:\/\/lofimusic.com.es\/index.php\/wp-json\/wp\/v2\/media?parent=35324"}],"wp:term":[{"taxonomy":"product_cat","embeddable":true,"href":"https:\/\/lofimusic.com.es\/index.php\/wp-json\/wp\/v2\/product_cat?post=35324"},{"taxonomy":"product_tag","embeddable":true,"href":"https:\/\/lofimusic.com.es\/index.php\/wp-json\/wp\/v2\/product_tag?post=35324"}],"curies":[{"name":"wp","href":"https:\/\/api.w.org\/{rel}","templated":true}]}}