{"id":35322,"date":"2026-04-15T21:21:01","date_gmt":"2026-04-15T21:21:01","guid":{"rendered":"https:\/\/lofimusic.com.es\/index.php\/producto\/b0ggz358xb_de\/"},"modified":"2026-04-15T21:21:01","modified_gmt":"2026-04-15T21:21:01","slug":"b0ggz358xb_de","status":"publish","type":"product","link":"https:\/\/lofimusic.com.es\/index.php\/producto\/b0ggz358xb_de\/","title":{"rendered":"B0GGZ358XB_DE"},"content":{"rendered":"<p>&#8211; Stark und langlebig: Hochwertige Materialien f\u00fcr maximale Langlebigkeit Unsere Premium-Aluminium-Magnesium-Legierung \u00fcbertrifft Kunststoff bei Weitem \u2013 robust, bruchfest und f\u00fcr jahrelangen zuverl\u00e4ssigen Einsatz konzipiert.<br \/>\n&#8211; Einfache H\u00f6henverstellung: Der gpu grafikkarten halter ist h\u00f6henverstellbar im Bereich von 74mm bis 120mm. Diese Flexibilit\u00e4t erm\u00f6glicht es, die Grafikkartenhalterung an verschiedene Geh\u00e4usekonfigurationen anzupassen und bietet eine effektive Unterst\u00fctzung f\u00fcr High-End-Grafikkarten.<br \/>\n&#8211; Einfache Installation: Legen Sie Den Gpu-Grafikkartenhalter Einfach Direkt Unter Der Grafikkarte Oder Befestigen Sie Ihn An Der Grundplatte Des Geh\u00e4uses, Passen Sie Die L\u00e4nge An Und Sichern Sie Ihn Mit Muttern. Die Anpassung An Verschiedene Benutzerhosts Ist Kinderleicht.<br \/>\n&#8211; Sicherheitsschutz:Grafikkarten halterung rutschfeste und magnetische saugkraft. An beiden enden befinden sich rutschfeste gummipads, die f\u00fcr benutzer bequem zu installieren sind und im geh\u00e4use stehen, um ein ansto\u00dfen der grafikkarte zu vermeiden.<br \/>\n&#8211; Einfache Anpassung: Das Design der grafikkarte halterung ist mit verschiedenen herk\u00f6mmlichen Geh\u00e4usekonfigurationen kompatibel und passt sich an unterschiedliche H\u00f6hen an, um verschiedene Benutzerhosts aufzunehmen.<\/p>\n","protected":false},"excerpt":{"rendered":"<p>Werbung<br \/>\nPngaZki Grafikkarten Halterung,GPU Halterung,Aluminium Grafikkarten Halter,H\u00f6henverstellbare Grafikkartenhalter,GPU St\u00fctze Schwarz<\/p>\n","protected":false},"featured_media":35321,"comment_status":"open","ping_status":"closed","template":"","meta":[],"product_cat":[15],"product_tag":[],"class_list":{"0":"post-35322","1":"product","2":"type-product","3":"status-publish","4":"has-post-thumbnail","6":"product_cat-sin-categorizar","7":"nodate","8":"item-wrap","10":"first","11":"instock","12":"shipping-taxable","13":"product-type-external"},"_links":{"self":[{"href":"https:\/\/lofimusic.com.es\/index.php\/wp-json\/wp\/v2\/product\/35322","targetHints":{"allow":["GET"]}}],"collection":[{"href":"https:\/\/lofimusic.com.es\/index.php\/wp-json\/wp\/v2\/product"}],"about":[{"href":"https:\/\/lofimusic.com.es\/index.php\/wp-json\/wp\/v2\/types\/product"}],"replies":[{"embeddable":true,"href":"https:\/\/lofimusic.com.es\/index.php\/wp-json\/wp\/v2\/comments?post=35322"}],"wp:featuredmedia":[{"embeddable":true,"href":"https:\/\/lofimusic.com.es\/index.php\/wp-json\/wp\/v2\/media\/35321"}],"wp:attachment":[{"href":"https:\/\/lofimusic.com.es\/index.php\/wp-json\/wp\/v2\/media?parent=35322"}],"wp:term":[{"taxonomy":"product_cat","embeddable":true,"href":"https:\/\/lofimusic.com.es\/index.php\/wp-json\/wp\/v2\/product_cat?post=35322"},{"taxonomy":"product_tag","embeddable":true,"href":"https:\/\/lofimusic.com.es\/index.php\/wp-json\/wp\/v2\/product_tag?post=35322"}],"curies":[{"name":"wp","href":"https:\/\/api.w.org\/{rel}","templated":true}]}}