{"id":35320,"date":"2026-04-15T21:20:57","date_gmt":"2026-04-15T21:20:57","guid":{"rendered":"https:\/\/lofimusic.com.es\/index.php\/producto\/b0ggrfhz9p_de\/"},"modified":"2026-04-15T21:20:57","modified_gmt":"2026-04-15T21:20:57","slug":"b0ggrfhz9p_de","status":"publish","type":"product","link":"https:\/\/lofimusic.com.es\/index.php\/producto\/b0ggrfhz9p_de\/","title":{"rendered":"B0GGRFHZ9P_DE"},"content":{"rendered":"<p>&#8211; \u3010Doppelt Wandhaken Set\u3011 4 St\u00fcck Vintage Bronze Kleiderhaken und 8 St\u00fcck Schrauben. Ein Doppelhaken Mantelhaken passt gut zusammen, jede Einheit wird mit 2 Schrauben verst\u00e4rkt. Genug f\u00fcr eine lange Lebensdauer.<br \/>\n&#8211; \u3010Starkes Material\u3011 Dieser Schwerlast Metall Mantelhaken besteht aus hochwertigem Zinkdruckgussmaterial \/ Zinklegierung, stark und langlebig, wasserdicht, rostfrei und kratzfest. Die Schrauben bestehen aus Eisen, sind robust und langlebig, Kratzer sind nicht leicht zu erzeugen und haben eine lange Lebensdauer.<br \/>\n&#8211; \u3010Doppelhaken-Design\u3011 Diese robusten Kleiderhaken mit Doppelhaken-Design machen diese Haken stark genug, um zwei oder mehr Gegenst\u00e4nde aufzunehmen und Platz zu sparen. Ein Metallhaken ist mit 2 Schrauben verst\u00e4rkt, um Gegenst\u00e4nde stabil aufzuh\u00e4ngen.<br \/>\n&#8211; \u3010Retro-Design &amp; Breite Anwendungen\u3011 Der Kleiderhaken nimmt modernen Stil und Retro-Farbdesign an, im klassischen Stil von Retro-Bronze gehalten, das Ihren Freunden oder Nachbarn Ihren einzigartigen Geschmack zeigen kann. Die Kanten sind sehr glatt und besch\u00e4digen die Kleidung oder Gegenst\u00e4nde nicht. Perfekt zum Aufh\u00e4ngen von M\u00e4nteln, Jacken, H\u00fcten, Roben, Handt\u00fcchern, Taschen, Schl\u00fcsseln, Tassen, geeignet f\u00fcr Schlafzimmer, Badezimmer, Schr\u00e4nke, Eingangsbereiche, Foyer, B\u00fcro, Garage und WC.<br \/>\n&#8211; \u3010Einfach zu installieren\u3011 Der Haken ist sehr einfach zu installieren, Schrauben k\u00f6nnen die Aufh\u00e4nger Haken zur Stabilit\u00e4t tiefer in das Board schrauben. Es wird empfohlen, ihn auf Massivholz oder Holzschrauben zu installieren, da der Effekt besser ist.<\/p>\n","protected":false},"excerpt":{"rendered":"<p>Werbung<br \/>\nDikGifk 4er Set Kleiderhaken Vintage Bronze, Massive Metall Doppel-Haken Wandhaken Schwerlast, Retro Garderobenhaken mit Schrauben f\u00fcr Garderobe T\u00fcr K\u00fcche Schrank Badezimmer<\/p>\n","protected":false},"featured_media":35319,"comment_status":"open","ping_status":"closed","template":"","meta":[],"product_cat":[15],"product_tag":[],"class_list":{"0":"post-35320","1":"product","2":"type-product","3":"status-publish","4":"has-post-thumbnail","6":"product_cat-sin-categorizar","7":"nodate","8":"item-wrap","10":"first","11":"instock","12":"shipping-taxable","13":"product-type-external"},"_links":{"self":[{"href":"https:\/\/lofimusic.com.es\/index.php\/wp-json\/wp\/v2\/product\/35320","targetHints":{"allow":["GET"]}}],"collection":[{"href":"https:\/\/lofimusic.com.es\/index.php\/wp-json\/wp\/v2\/product"}],"about":[{"href":"https:\/\/lofimusic.com.es\/index.php\/wp-json\/wp\/v2\/types\/product"}],"replies":[{"embeddable":true,"href":"https:\/\/lofimusic.com.es\/index.php\/wp-json\/wp\/v2\/comments?post=35320"}],"wp:featuredmedia":[{"embeddable":true,"href":"https:\/\/lofimusic.com.es\/index.php\/wp-json\/wp\/v2\/media\/35319"}],"wp:attachment":[{"href":"https:\/\/lofimusic.com.es\/index.php\/wp-json\/wp\/v2\/media?parent=35320"}],"wp:term":[{"taxonomy":"product_cat","embeddable":true,"href":"https:\/\/lofimusic.com.es\/index.php\/wp-json\/wp\/v2\/product_cat?post=35320"},{"taxonomy":"product_tag","embeddable":true,"href":"https:\/\/lofimusic.com.es\/index.php\/wp-json\/wp\/v2\/product_tag?post=35320"}],"curies":[{"name":"wp","href":"https:\/\/api.w.org\/{rel}","templated":true}]}}