{"id":35318,"date":"2026-04-15T21:20:51","date_gmt":"2026-04-15T21:20:51","guid":{"rendered":"https:\/\/lofimusic.com.es\/index.php\/producto\/b0ggq6lnr1_de\/"},"modified":"2026-04-15T21:20:51","modified_gmt":"2026-04-15T21:20:51","slug":"b0ggq6lnr1_de","status":"publish","type":"product","link":"https:\/\/lofimusic.com.es\/index.php\/producto\/b0ggq6lnr1_de\/","title":{"rendered":"B0GGQ6LNR1_DE"},"content":{"rendered":"<p>&#8211; Diese Formel aus hochwertigen Inhaltsstoffen pflegt die Kopfhaut, st\u00e4rkt die Haarstr\u00e4hnen und schafft ideale Voraussetzungen f\u00fcr widerstandsf\u00e4higeres Haar.<br \/>\n&#8211; Das Produkt eignet sich f\u00fcr alle Haartypen \u2013 egal ob trocken, fettig oder normal \u2013 und bietet rundum Vorteile. Genie\u00dfen Sie ein angenehmes Erlebnis auf Ihrem Weg zu dichterem, ges\u00fcnderem Haar.<br \/>\n&#8211; Dank der kompakten Flasche l\u00e4sst es sich leicht mitnehmen, sodass Sie Ihre Haarpflege auch bei der Arbeit oder unterwegs fortsetzen k\u00f6nnen.<br \/>\n&#8211; Dieses Haarwuchs-Serum ist f\u00fcr alle Haartypen geeignet und somit ein durchdachtes Geschenk f\u00fcr Freunde und Familie. Sowohl f\u00fcr M\u00e4nner als auch f\u00fcr Frauen ist dieses Haarwuchs\u00f6l die ideale Wahl, um das Aussehen Ihres Haares zu verbessern.<br \/>\n&#8211; Tragen Sie einfach t\u00e4glich eine kleine Menge auf die Kopfhaut auf und massieren Sie es ein, bis es vollst\u00e4ndig eingezogen ist \u2013 ganz ohne komplizierte Schritte.<\/p>\n","protected":false},"excerpt":{"rendered":"<p>Werbung<br \/>\n60ML Haarwachstum Serum, Hair Growth Serum, Haar\u00f6l Gegen Haar &amp; Kopfhaut, Haar-Behandlung, Haare St\u00e4rken &amp; Pflegt Kopfhaut, F\u00f6rdert Dickeres Haar, F\u00fcr M\u00e4nner Frauen<\/p>\n","protected":false},"featured_media":35317,"comment_status":"open","ping_status":"closed","template":"","meta":[],"product_cat":[15],"product_tag":[],"class_list":{"0":"post-35318","1":"product","2":"type-product","3":"status-publish","4":"has-post-thumbnail","6":"product_cat-sin-categorizar","7":"nodate","8":"item-wrap","10":"first","11":"instock","12":"shipping-taxable","13":"product-type-external"},"_links":{"self":[{"href":"https:\/\/lofimusic.com.es\/index.php\/wp-json\/wp\/v2\/product\/35318","targetHints":{"allow":["GET"]}}],"collection":[{"href":"https:\/\/lofimusic.com.es\/index.php\/wp-json\/wp\/v2\/product"}],"about":[{"href":"https:\/\/lofimusic.com.es\/index.php\/wp-json\/wp\/v2\/types\/product"}],"replies":[{"embeddable":true,"href":"https:\/\/lofimusic.com.es\/index.php\/wp-json\/wp\/v2\/comments?post=35318"}],"wp:featuredmedia":[{"embeddable":true,"href":"https:\/\/lofimusic.com.es\/index.php\/wp-json\/wp\/v2\/media\/35317"}],"wp:attachment":[{"href":"https:\/\/lofimusic.com.es\/index.php\/wp-json\/wp\/v2\/media?parent=35318"}],"wp:term":[{"taxonomy":"product_cat","embeddable":true,"href":"https:\/\/lofimusic.com.es\/index.php\/wp-json\/wp\/v2\/product_cat?post=35318"},{"taxonomy":"product_tag","embeddable":true,"href":"https:\/\/lofimusic.com.es\/index.php\/wp-json\/wp\/v2\/product_tag?post=35318"}],"curies":[{"name":"wp","href":"https:\/\/api.w.org\/{rel}","templated":true}]}}