{"id":35316,"date":"2026-04-15T21:16:56","date_gmt":"2026-04-15T21:16:56","guid":{"rendered":"https:\/\/lofimusic.com.es\/index.php\/producto\/b0c2zkbgd8_fr-2\/"},"modified":"2026-04-15T21:16:56","modified_gmt":"2026-04-15T21:16:56","slug":"b0c2zkbgd8_fr-2","status":"publish","type":"product","link":"https:\/\/lofimusic.com.es\/index.php\/producto\/b0c2zkbgd8_fr-2\/","title":{"rendered":"B0C2ZKBGD8_FR"},"content":{"rendered":"<p>&#8211; Ce collier en corde de cire appartient au style simple et son aspect noir classique vous permet de l&#8217;utiliser avec la plupart des bijoux.<br \/>\n&#8211; Le produit est soigneusement fabriqu\u00e9 \u00e0 partir de corde de coton cir\u00e9 de haute qualit\u00e9, solide et durable, ce qui vous permet de faire correspondre diff\u00e9rents produits de bijouterie.<br \/>\n&#8211; La surface lisse de la corde ne blessera pas votre peau et ne suspendra pas les v\u00eatements. Et il a une bonne r\u00e9sistance \u00e0 l&#8217;eau, vous permettant de faire ce que vous voulez lorsque vous pratiquez des activit\u00e9s sous-marines (natation, surf, etc.).<br \/>\n&#8211; La corde de cire est tr\u00e8s appropri\u00e9e pour la fabrication de bijoux, bracelets, colliers et autres articles de bricolage en ajoutant des cristaux, des perles, des pendentifs, du jade ou d&#8217;autres bijoux. Associez diff\u00e9rents bijoux pour cr\u00e9er un style de d\u00e9coration plus personnel.<br \/>\n&#8211; Le cadeau parfait\uff0cC&#8217;est un cadeau pour la famille, les amis ou les amoureux pour les anniversaires, No\u00ebl, la Saint-Valentin et autres jours f\u00e9ri\u00e9s.<\/p>\n","protected":false},"excerpt":{"rendered":"<p>publicit\u00e9Cordon de Collier Wax Cordon de Collier en Cuir Artificiel Collier Mousqueton en Corde Tress\u00e9e DIY Collier Pendentif Accessoires Cordon de Collier Unisexe,10 Pcs,Noir.<\/p>\n","protected":false},"featured_media":35315,"comment_status":"open","ping_status":"closed","template":"","meta":[],"product_cat":[15],"product_tag":[],"class_list":{"0":"post-35316","1":"product","2":"type-product","3":"status-publish","4":"has-post-thumbnail","6":"product_cat-sin-categorizar","7":"nodate","8":"item-wrap","10":"first","11":"instock","12":"shipping-taxable","13":"product-type-external"},"_links":{"self":[{"href":"https:\/\/lofimusic.com.es\/index.php\/wp-json\/wp\/v2\/product\/35316","targetHints":{"allow":["GET"]}}],"collection":[{"href":"https:\/\/lofimusic.com.es\/index.php\/wp-json\/wp\/v2\/product"}],"about":[{"href":"https:\/\/lofimusic.com.es\/index.php\/wp-json\/wp\/v2\/types\/product"}],"replies":[{"embeddable":true,"href":"https:\/\/lofimusic.com.es\/index.php\/wp-json\/wp\/v2\/comments?post=35316"}],"wp:featuredmedia":[{"embeddable":true,"href":"https:\/\/lofimusic.com.es\/index.php\/wp-json\/wp\/v2\/media\/35315"}],"wp:attachment":[{"href":"https:\/\/lofimusic.com.es\/index.php\/wp-json\/wp\/v2\/media?parent=35316"}],"wp:term":[{"taxonomy":"product_cat","embeddable":true,"href":"https:\/\/lofimusic.com.es\/index.php\/wp-json\/wp\/v2\/product_cat?post=35316"},{"taxonomy":"product_tag","embeddable":true,"href":"https:\/\/lofimusic.com.es\/index.php\/wp-json\/wp\/v2\/product_tag?post=35316"}],"curies":[{"name":"wp","href":"https:\/\/api.w.org\/{rel}","templated":true}]}}