{"id":35312,"date":"2026-04-15T13:15:13","date_gmt":"2026-04-15T13:15:13","guid":{"rendered":"https:\/\/lofimusic.com.es\/index.php\/producto\/b0ghxz36sw_de\/"},"modified":"2026-04-15T13:15:13","modified_gmt":"2026-04-15T13:15:13","slug":"b0ghxz36sw_de","status":"publish","type":"product","link":"https:\/\/lofimusic.com.es\/index.php\/producto\/b0ghxz36sw_de\/","title":{"rendered":"B0GHXZ36SW_DE"},"content":{"rendered":"<p>&#8211; Die Verwendung von weichem Silikonmaterial zum Trennen der Zehen korrigiert effektiv Biegung und Verformung und reduziert die Kompression zwischen den Zehen.Lindern Sie die durch Hallux valgus verursachten Schmerzen und f\u00f6rdern Sie die Fu\u00dfgesundheit.<br \/>\n&#8211; Diese Hallux-Valgus-Socke ist sehr atmungsaktiv und kann in Schuhen, Socken oder barfu\u00df getragen werden, sodass Sie im Alltag schmerzfrei bleiben. Beide sind f\u00fcr M\u00e4nner und Frauen erh\u00e4ltlich.<br \/>\n&#8211; Die Hallux-Valgus-Socken bestehen aus hochwertigem atmungsaktivem Material und einem integrierten weichen Gel. Da sie mit Wasser gewaschen werden k\u00f6nnen, sind sie nach dem nat\u00fcrlichen Trocknen wiederverwendbar. Bei sportlicher Bet\u00e4tigung oder beim Gehen k\u00f6nnen sie sogar Schwei\u00df aufnehmen, wenn die F\u00fc\u00dfe schwitzen.<\/p>\n","protected":false},"excerpt":{"rendered":"<p>Werbung<br \/>\ngelpretty Hallux Valgus Korrektur, Wiederverwendbare Hallux Valgus Socken Trainingsband, Hammerzeh Korrektur Und Schutz, Schiene Zehenkorrektor F\u00fcr Damen Herren<\/p>\n","protected":false},"featured_media":35310,"comment_status":"open","ping_status":"closed","template":"","meta":[],"product_cat":[15],"product_tag":[],"class_list":{"0":"post-35312","1":"product","2":"type-product","3":"status-publish","4":"has-post-thumbnail","6":"product_cat-sin-categorizar","7":"nodate","8":"item-wrap","10":"first","11":"instock","12":"shipping-taxable","13":"product-type-external"},"_links":{"self":[{"href":"https:\/\/lofimusic.com.es\/index.php\/wp-json\/wp\/v2\/product\/35312","targetHints":{"allow":["GET"]}}],"collection":[{"href":"https:\/\/lofimusic.com.es\/index.php\/wp-json\/wp\/v2\/product"}],"about":[{"href":"https:\/\/lofimusic.com.es\/index.php\/wp-json\/wp\/v2\/types\/product"}],"replies":[{"embeddable":true,"href":"https:\/\/lofimusic.com.es\/index.php\/wp-json\/wp\/v2\/comments?post=35312"}],"wp:featuredmedia":[{"embeddable":true,"href":"https:\/\/lofimusic.com.es\/index.php\/wp-json\/wp\/v2\/media\/35310"}],"wp:attachment":[{"href":"https:\/\/lofimusic.com.es\/index.php\/wp-json\/wp\/v2\/media?parent=35312"}],"wp:term":[{"taxonomy":"product_cat","embeddable":true,"href":"https:\/\/lofimusic.com.es\/index.php\/wp-json\/wp\/v2\/product_cat?post=35312"},{"taxonomy":"product_tag","embeddable":true,"href":"https:\/\/lofimusic.com.es\/index.php\/wp-json\/wp\/v2\/product_tag?post=35312"}],"curies":[{"name":"wp","href":"https:\/\/api.w.org\/{rel}","templated":true}]}}