{"id":35311,"date":"2026-04-15T13:15:13","date_gmt":"2026-04-15T13:15:13","guid":{"rendered":"https:\/\/lofimusic.com.es\/index.php\/producto\/b0ghxvdn1b_de\/"},"modified":"2026-04-15T13:15:13","modified_gmt":"2026-04-15T13:15:13","slug":"b0ghxvdn1b_de","status":"publish","type":"product","link":"https:\/\/lofimusic.com.es\/index.php\/producto\/b0ghxvdn1b_de\/","title":{"rendered":"B0GHXVDN1B_DE"},"content":{"rendered":"<p>&#8211; Die Verwendung von weichem Silikonmaterial zum Trennen der Zehen korrigiert effektiv Biegung und Verformung und reduziert die Kompression zwischen den Zehen.Lindern Sie die durch Hallux valgus verursachten Schmerzen und f\u00f6rdern Sie die Fu\u00dfgesundheit.<br \/>\n&#8211; Das weiche Material verhindert Reibung und Unbehagen und ist f\u00fcr den t\u00e4glichen Langzeitgebrauch geeignet.Ob beim Gehen, beim Sport oder beim Ausruhen zu Hause, es kann bequeme Unterst\u00fctzung bieten.<br \/>\n&#8211; Das Design l\u00e4sst sich leicht mit Schuhen kombinieren, eignet sich f\u00fcr Sportschuhe, High Heels, flache Schuhe und Familienbekleidung, hat keinen Einfluss auf den Platz in den Schuhen und l\u00e4sst sich leicht in die Lebensszene integrieren.<\/p>\n","protected":false},"excerpt":{"rendered":"<p>Werbung<br \/>\ngelpretty Hallux Valgus Socken, Hallux Valgus Korrektur Bandage, Wiederverwendbare f\u00fcr Schmerzreduktion, Schiene, Zehenkorrektur, Geeignet f\u00fcr M\u00e4nner und Frauen<\/p>\n","protected":false},"featured_media":35309,"comment_status":"open","ping_status":"closed","template":"","meta":[],"product_cat":[15],"product_tag":[],"class_list":{"0":"post-35311","1":"product","2":"type-product","3":"status-publish","4":"has-post-thumbnail","6":"product_cat-sin-categorizar","7":"nodate","8":"item-wrap","10":"first","11":"instock","12":"shipping-taxable","13":"product-type-external"},"_links":{"self":[{"href":"https:\/\/lofimusic.com.es\/index.php\/wp-json\/wp\/v2\/product\/35311","targetHints":{"allow":["GET"]}}],"collection":[{"href":"https:\/\/lofimusic.com.es\/index.php\/wp-json\/wp\/v2\/product"}],"about":[{"href":"https:\/\/lofimusic.com.es\/index.php\/wp-json\/wp\/v2\/types\/product"}],"replies":[{"embeddable":true,"href":"https:\/\/lofimusic.com.es\/index.php\/wp-json\/wp\/v2\/comments?post=35311"}],"wp:featuredmedia":[{"embeddable":true,"href":"https:\/\/lofimusic.com.es\/index.php\/wp-json\/wp\/v2\/media\/35309"}],"wp:attachment":[{"href":"https:\/\/lofimusic.com.es\/index.php\/wp-json\/wp\/v2\/media?parent=35311"}],"wp:term":[{"taxonomy":"product_cat","embeddable":true,"href":"https:\/\/lofimusic.com.es\/index.php\/wp-json\/wp\/v2\/product_cat?post=35311"},{"taxonomy":"product_tag","embeddable":true,"href":"https:\/\/lofimusic.com.es\/index.php\/wp-json\/wp\/v2\/product_tag?post=35311"}],"curies":[{"name":"wp","href":"https:\/\/api.w.org\/{rel}","templated":true}]}}