{"id":35308,"date":"2026-04-15T12:51:17","date_gmt":"2026-04-15T12:51:17","guid":{"rendered":"https:\/\/lofimusic.com.es\/index.php\/producto\/b0gj81njlm_de\/"},"modified":"2026-04-15T12:51:17","modified_gmt":"2026-04-15T12:51:17","slug":"b0gj81njlm_de","status":"publish","type":"product","link":"https:\/\/lofimusic.com.es\/index.php\/producto\/b0gj81njlm_de\/","title":{"rendered":"B0GJ81NJLM_DE"},"content":{"rendered":"<p>&#8211; Mit Extrakt aus schwarzem Reis: Die Formel enth\u00e4lt Extrakt aus schwarzem Reis, um die zarte Haut rund um die Augen zu pflegen und ihre Geschmeidigkeit sowie Weichheit zu unterst\u00fctzen.<br \/>\n&#8211; Leichte, schnell einziehende Textur: Eine sanfte, hautvertr\u00e4gliche Cremeformel mit guter Verteilbarkeit \u2013 leicht aufzutragen, nicht klebrig und ideal f\u00fcr die t\u00e4gliche Pflege morgens und abends.<br \/>\n&#8211; Hilft bei Trockenheit im Augenbereich: Spendet langanhaltende Feuchtigkeit f\u00fcr die Augenpartie und lindert Unbehagen durch Umwelteinfl\u00fcsse oder t\u00e4gliche Belastungen \u2013 f\u00fcr ein angenehmeres Hautgef\u00fchl.<br \/>\n&#8211; Unterst\u00fctzt die zarte Haut um die Augen: Speziell f\u00fcr die feine Haut rund um die Augen entwickelt, um ihr Gleichgewicht zu bewahren und ein angenehmes Gef\u00fchl zu f\u00f6rdern.<br \/>\n&#8211; Kombinierbar mit verschiedenen Pflegeroutinen: Kann allein oder in Kombination mit anderen Augenpflegeprodukten verwendet werden und l\u00e4sst sich problemlos in bestehende Pflegeschritte integrieren \u2013 geeignet f\u00fcr die t\u00e4gliche Anwendung bei unterschiedlichen Hauttypen.<\/p>\n","protected":false},"excerpt":{"rendered":"<p>Werbung<br \/>\n30g Augencreme, Black Rice eye Cream, Unter den Augen Feuchtigkeitscreme, Augenpflege, Aufhellende und get\u00f6nte Augenkonturkorrektur, Augencreme mit Skincare f\u00fcr jeden Hauttyp<\/p>\n","protected":false},"featured_media":35307,"comment_status":"open","ping_status":"closed","template":"","meta":[],"product_cat":[15],"product_tag":[],"class_list":{"0":"post-35308","1":"product","2":"type-product","3":"status-publish","4":"has-post-thumbnail","6":"product_cat-sin-categorizar","7":"nodate","8":"item-wrap","10":"first","11":"instock","12":"shipping-taxable","13":"product-type-external"},"_links":{"self":[{"href":"https:\/\/lofimusic.com.es\/index.php\/wp-json\/wp\/v2\/product\/35308","targetHints":{"allow":["GET"]}}],"collection":[{"href":"https:\/\/lofimusic.com.es\/index.php\/wp-json\/wp\/v2\/product"}],"about":[{"href":"https:\/\/lofimusic.com.es\/index.php\/wp-json\/wp\/v2\/types\/product"}],"replies":[{"embeddable":true,"href":"https:\/\/lofimusic.com.es\/index.php\/wp-json\/wp\/v2\/comments?post=35308"}],"wp:featuredmedia":[{"embeddable":true,"href":"https:\/\/lofimusic.com.es\/index.php\/wp-json\/wp\/v2\/media\/35307"}],"wp:attachment":[{"href":"https:\/\/lofimusic.com.es\/index.php\/wp-json\/wp\/v2\/media?parent=35308"}],"wp:term":[{"taxonomy":"product_cat","embeddable":true,"href":"https:\/\/lofimusic.com.es\/index.php\/wp-json\/wp\/v2\/product_cat?post=35308"},{"taxonomy":"product_tag","embeddable":true,"href":"https:\/\/lofimusic.com.es\/index.php\/wp-json\/wp\/v2\/product_tag?post=35308"}],"curies":[{"name":"wp","href":"https:\/\/api.w.org\/{rel}","templated":true}]}}