{"id":35304,"date":"2026-04-15T12:46:15","date_gmt":"2026-04-15T12:46:15","guid":{"rendered":"https:\/\/lofimusic.com.es\/index.php\/producto\/b0gl7wmkc2_de\/"},"modified":"2026-04-15T12:46:15","modified_gmt":"2026-04-15T12:46:15","slug":"b0gl7wmkc2_de","status":"publish","type":"product","link":"https:\/\/lofimusic.com.es\/index.php\/producto\/b0gl7wmkc2_de\/","title":{"rendered":"B0GL7WMKC2_DE"},"content":{"rendered":"<p>&#8211; \u301015Pcs Sicherheitsnadeln\u301115 hochwertige Sicherheitsnadeln in drei Farben: Silber, Gold und Schwarz (je 5 St\u00fcck). Mit einer Gr\u00f6\u00dfe von 2 x 10 cm eignen sich diese gro\u00dfen Safety Pins.<br \/>\n&#8211; \u3010Robustes Material\u3011Die sicherheitsnadel gro\u00dfe besteht aus eisenvernickeltem material, das langlebig, gl\u00e4nzend, nicht leicht zu rosten, nicht leicht zu biegen und eine sehr gute korrosionsbest\u00e4ndigkeit aufweist.<br \/>\n&#8211; \u3010Sicher und Praktisch\u3011Unsere kiltnadeln sind glatt und lassen sich leicht durch das material stecken. Der Sicherheitsverschluss h\u00e4lt die Nadel verriegelt und die gebogenen Rillen decken den Nadelpunkt sicher ab, wodurch das Handwerk sicher an Ort und Stelle bleibt.<br \/>\n&#8211; \u3010Einfacher Stil\u3011Der stil der sicherheitsnadel ist einfach und sch\u00f6n, einfach zu bedienen.Sie k\u00f6nnen es verwenden, um Ihren schmuck, schals oder schals und andere gegenst\u00e4nde anzuzeigen.<br \/>\n&#8211; \u3010Breite Anwendung\u3011Gro\u00dfe sicherheitsnadeln k\u00f6nnen f\u00fcr kleidung kunsthandwerk, kunsthandwerk n\u00e4hen, schmuck und handarbeiten, diy fertigkeit, decken r\u00f6cke, basteln schmuckherstellung.<\/p>\n","protected":false},"excerpt":{"rendered":"<p>Werbung<br \/>\n15 St\u00fcck Sicherheitsnadeln Gro\u00df, Extragro\u00df Safety Pins 10 cm, Metall Sicherheitsnadeln, f\u00fcr Kleidung, Quilten, Kunsthandwerk, Decken, R\u00f6cke, Schal, Leder, Segeltuch(Silber Gold Schwarz)<\/p>\n","protected":false},"featured_media":35303,"comment_status":"open","ping_status":"closed","template":"","meta":[],"product_cat":[15],"product_tag":[],"class_list":{"0":"post-35304","1":"product","2":"type-product","3":"status-publish","4":"has-post-thumbnail","6":"product_cat-sin-categorizar","7":"nodate","8":"item-wrap","10":"first","11":"instock","12":"shipping-taxable","13":"product-type-external"},"_links":{"self":[{"href":"https:\/\/lofimusic.com.es\/index.php\/wp-json\/wp\/v2\/product\/35304","targetHints":{"allow":["GET"]}}],"collection":[{"href":"https:\/\/lofimusic.com.es\/index.php\/wp-json\/wp\/v2\/product"}],"about":[{"href":"https:\/\/lofimusic.com.es\/index.php\/wp-json\/wp\/v2\/types\/product"}],"replies":[{"embeddable":true,"href":"https:\/\/lofimusic.com.es\/index.php\/wp-json\/wp\/v2\/comments?post=35304"}],"wp:featuredmedia":[{"embeddable":true,"href":"https:\/\/lofimusic.com.es\/index.php\/wp-json\/wp\/v2\/media\/35303"}],"wp:attachment":[{"href":"https:\/\/lofimusic.com.es\/index.php\/wp-json\/wp\/v2\/media?parent=35304"}],"wp:term":[{"taxonomy":"product_cat","embeddable":true,"href":"https:\/\/lofimusic.com.es\/index.php\/wp-json\/wp\/v2\/product_cat?post=35304"},{"taxonomy":"product_tag","embeddable":true,"href":"https:\/\/lofimusic.com.es\/index.php\/wp-json\/wp\/v2\/product_tag?post=35304"}],"curies":[{"name":"wp","href":"https:\/\/api.w.org\/{rel}","templated":true}]}}