{"id":35302,"date":"2026-04-15T12:44:01","date_gmt":"2026-04-15T12:44:01","guid":{"rendered":"https:\/\/lofimusic.com.es\/index.php\/producto\/b0gl8bn4cs_de\/"},"modified":"2026-04-15T12:44:01","modified_gmt":"2026-04-15T12:44:01","slug":"b0gl8bn4cs_de","status":"publish","type":"product","link":"https:\/\/lofimusic.com.es\/index.php\/producto\/b0gl8bn4cs_de\/","title":{"rendered":"B0GL8BN4CS_DE"},"content":{"rendered":"<p>&#8211; \u3010Broschennadel-Set\u3011 Sie erhalten 50 Broschennadelverschl\u00fcsse in 5 verschiedenen Gr\u00f6\u00dfen (20 x 5 mm, 25 x 5 mm, 32 x 5 mm, 38 x 5 mm, 45 x 5 mm). Dass Sie gen\u00fcgend f\u00fcr den t\u00e4glichen Gebrauch und Ersatz haben.<br \/>\n&#8211; \u3010Hochwertiges Material\u3011Die R\u00fcckseiten sicherheitsnadel dieser Broschen sind aus hochwertigem Eisen Metallmaterial, robust und langlebig,Sie k\u00f6nnen sie lange verwenden.<br \/>\n&#8211; \u3010Einfach zu Bedienen\u3011Sie k\u00f6nnen perlen oder anh\u00e4nger einfach an der r\u00fcckseite der broschennadeln anbringen, einfach zu installieren, geeignet zum anbringen von perlen, anh\u00e4ngern und verschiedenen schmuckst\u00fccken, um einzigartige, personalisierte dekorationen zu schaffen.<br \/>\n&#8211; \u3010Exquisites Verschlussdesign\u3011Die Broschennadelverschl\u00fcsse verf\u00fcgen \u00fcber eine sichere Verschlussfunktion f\u00fcr einfaches \u00d6ffnen und Schlie\u00dfen. F\u00fcr sicheren Halt und ein zuverl\u00e4ssiges Tragegef\u00fchl.<br \/>\n&#8211; \u3010Weit verbreitet\u3011Diese Sicherheitsnadeln eignen sich besonders zum Herstellen von Schmuck, N\u00e4hen, Ansteckblumen, Namensschildern und anderen Handarbeiten. Diese gestreiften Broschen eignen sich besonders zum Herstellen von Broschen oder zum Ersetzen Ihrer kaputten oder verlorenen Broschen und eignen sich f\u00fcr Krawattenklammern, Abzeichen, Namensschilder und andere Anl\u00e4sse.<\/p>\n","protected":false},"excerpt":{"rendered":"<p>Werbung<br \/>\n50 St\u00fcck Broschennadeln, 5 Gr\u00f6\u00dfen Anstecker Pin Silber Sicherheitsnadeln Metall Pins, mit Brosche-Pins, f\u00fcr Kunsthandwerk Schmuckherstellung DIY Handwerk (Silber)<\/p>\n","protected":false},"featured_media":35301,"comment_status":"open","ping_status":"closed","template":"","meta":[],"product_cat":[15],"product_tag":[],"class_list":{"0":"post-35302","1":"product","2":"type-product","3":"status-publish","4":"has-post-thumbnail","6":"product_cat-sin-categorizar","7":"nodate","8":"item-wrap","10":"first","11":"instock","12":"shipping-taxable","13":"product-type-external"},"_links":{"self":[{"href":"https:\/\/lofimusic.com.es\/index.php\/wp-json\/wp\/v2\/product\/35302","targetHints":{"allow":["GET"]}}],"collection":[{"href":"https:\/\/lofimusic.com.es\/index.php\/wp-json\/wp\/v2\/product"}],"about":[{"href":"https:\/\/lofimusic.com.es\/index.php\/wp-json\/wp\/v2\/types\/product"}],"replies":[{"embeddable":true,"href":"https:\/\/lofimusic.com.es\/index.php\/wp-json\/wp\/v2\/comments?post=35302"}],"wp:featuredmedia":[{"embeddable":true,"href":"https:\/\/lofimusic.com.es\/index.php\/wp-json\/wp\/v2\/media\/35301"}],"wp:attachment":[{"href":"https:\/\/lofimusic.com.es\/index.php\/wp-json\/wp\/v2\/media?parent=35302"}],"wp:term":[{"taxonomy":"product_cat","embeddable":true,"href":"https:\/\/lofimusic.com.es\/index.php\/wp-json\/wp\/v2\/product_cat?post=35302"},{"taxonomy":"product_tag","embeddable":true,"href":"https:\/\/lofimusic.com.es\/index.php\/wp-json\/wp\/v2\/product_tag?post=35302"}],"curies":[{"name":"wp","href":"https:\/\/api.w.org\/{rel}","templated":true}]}}