{"id":35296,"date":"2026-04-15T12:01:33","date_gmt":"2026-04-15T12:01:33","guid":{"rendered":"https:\/\/lofimusic.com.es\/index.php\/producto\/b0glh1g8pp_de-2\/"},"modified":"2026-04-15T12:01:33","modified_gmt":"2026-04-15T12:01:33","slug":"b0glh1g8pp_de-2","status":"publish","type":"product","link":"https:\/\/lofimusic.com.es\/index.php\/producto\/b0glh1g8pp_de-2\/","title":{"rendered":"B0GLH1G8PP_DE"},"content":{"rendered":"<p>&#8211; \u3010Nur 150g, passt \u00fcberall hin\u3011Keine Lust mehr, auf Reisen einen elektrische Luftpumpe mitzuschleppen? Diese Luftpumpe ist so klein wie ein Ei (5,7\u00d74,2\u00d79,6 cm) \u2013 kleiner als eine Getr\u00e4nkedose \u2013 und wiegt mit Zubeh\u00f6r nur 180 g, weniger als Ihr Smartphone. Die Luftpumpe wird mit einem Haken geliefert\uff0cund m\u00fchelos in der Seitentasche Ihres Rucksacks oder sogar in der Jackentascheverschwindet . Entwickelt f\u00fcr alle, die leicht reisen wollen: ein Mini-Kompressor f\u00fcr jedes Abenteuer.<br \/>\n&#8211; \u30103-stufige Gebl\u00e4sest\u00e4rke \u2013 pr\u00e4zise Druckkontrolle\u3011Sorgen Sie sich nicht mehr, dass Ihre elektrische Luftpumpe zu langsam aufpumpt oder versehentlich ein Schwimmbad-Spielzeug aufbl\u00e4st. Mit 4,5 kPa Druck und drei einstellbaren Stufen: Im h\u00f6chsten Modus ist eine Doppelluftmatratze in ca. 1 Minuten gef\u00fcllt. Die Sicherheitsautomatik schaltet das Ger\u00e4t nach 2 Minuten Inaktivit\u00e4t ab. Ideal f\u00fcr Eltern und Camping-Anf\u00e4nger \u2013 schnell, sicher und einfach.<br \/>\n&#8211; \u30102000 mAh Akku \u2013 eine Ladung f\u00fcrs ganze Wochenende\u3011Die Luftpumpe geht mitten im Urlaub leer? Nicht mit diesem Ger\u00e4t. Der leistungsstarke 2000-mAh-Akku liefert 45 Minuten Betriebszeit\u2013 genug f\u00fcr 8 Doppelluftmatratzen, 15 Schwimmringe oder 30 Vakuumbeutel. Diese elektrische Luftpumpe h\u00e4lt ein ganzes Camping-Wochenende oder einen Strandtag durch. Dank Type-C-Anschluss laden Sie mit Powerbank, Autoladeger\u00e4t oder Laptop nach. Nie wieder nach einer Steckdose suchen.<br \/>\n&#8211; \u30104-in-1 intelligente Campingleuchte \u2013 Notfall &amp; Nacht\u3011Nach Einbruch der Dunkelheit am Lagerfeuer kochen oder die Ausr\u00fcstung suchen \u2013 und dann noch eine Taschenlampe ausgraben? Diese mini Luftpumpe bietet 4 Lichtmodi: Sanftlicht zum Lesen im Zelt, helles Licht f\u00fcrs Kochen, Hochlicht f\u00fcr den gesamten Campingplatz und SOS-Blinkmodus f\u00fcr Notf\u00e4lle. Zus\u00e4tzlich kann die Luft\u00f6ffnung gezielt ein Feuer anfachen \u2013 perfekt f\u00fcr Outdoor-Fans und Nachtlager. Eine Pumpe, die auch als Lampe und Blasebalg dient.<br \/>\n&#8211; \u30106 vielseitige D\u00fcsen \u2013 von der Luftmatratze bis zum Vakuumbeutel\u3011Keine passende D\u00fcse? Diese elektrische Pumpe f\u00fcr Luftmatratze kommt mit 6 Aufs\u00e4tzen. Die Gro\u00dfd\u00fcse f\u00fcr Luftmatratzen, die Kleind\u00fcse f\u00fcr Kissen, die Spitzd\u00fcse f\u00fcr Schwimmringe &amp; Spielzeug, die Gummid\u00fcse mit Silikonhilfsteil f\u00fcr Vakuumbeutel. Egal ob f\u00fcr Kinder, Camping oder Platzsparen \u2013 ein Ger\u00e4t, alle Anschl\u00fcsse. Perfekt f\u00fcr Familien, Reisende und alle, die gerne Platz sparen. Schnell, einfach, universell und zuverl\u00e4ssig.<\/p>\n","protected":false},"excerpt":{"rendered":"<p>WerbungElektrische Luftpumpe f\u00fcr Luftmatratze 2000mAh Akku Pumpe mit Campinglampe, 4.5 kPa Wiederaufladbare Pumpe mit 6 Luftd\u00fcsen, Tragbare Mini Luftpumpe f\u00fcr Camping, Schwimmring,Luftkissen,Vakuumbeutel<\/p>\n","protected":false},"featured_media":35295,"comment_status":"open","ping_status":"closed","template":"","meta":[],"product_cat":[15],"product_tag":[],"class_list":{"0":"post-35296","1":"product","2":"type-product","3":"status-publish","4":"has-post-thumbnail","6":"product_cat-sin-categorizar","7":"nodate","8":"item-wrap","10":"first","11":"instock","12":"shipping-taxable","13":"product-type-external"},"_links":{"self":[{"href":"https:\/\/lofimusic.com.es\/index.php\/wp-json\/wp\/v2\/product\/35296","targetHints":{"allow":["GET"]}}],"collection":[{"href":"https:\/\/lofimusic.com.es\/index.php\/wp-json\/wp\/v2\/product"}],"about":[{"href":"https:\/\/lofimusic.com.es\/index.php\/wp-json\/wp\/v2\/types\/product"}],"replies":[{"embeddable":true,"href":"https:\/\/lofimusic.com.es\/index.php\/wp-json\/wp\/v2\/comments?post=35296"}],"wp:featuredmedia":[{"embeddable":true,"href":"https:\/\/lofimusic.com.es\/index.php\/wp-json\/wp\/v2\/media\/35295"}],"wp:attachment":[{"href":"https:\/\/lofimusic.com.es\/index.php\/wp-json\/wp\/v2\/media?parent=35296"}],"wp:term":[{"taxonomy":"product_cat","embeddable":true,"href":"https:\/\/lofimusic.com.es\/index.php\/wp-json\/wp\/v2\/product_cat?post=35296"},{"taxonomy":"product_tag","embeddable":true,"href":"https:\/\/lofimusic.com.es\/index.php\/wp-json\/wp\/v2\/product_tag?post=35296"}],"curies":[{"name":"wp","href":"https:\/\/api.w.org\/{rel}","templated":true}]}}