{"id":35292,"date":"2026-04-15T05:59:15","date_gmt":"2026-04-15T05:59:15","guid":{"rendered":"https:\/\/lofimusic.com.es\/index.php\/producto\/b0bmtmbbwd_es\/"},"modified":"2026-04-15T05:59:15","modified_gmt":"2026-04-15T05:59:15","slug":"b0bmtmbbwd_es","status":"publish","type":"product","link":"https:\/\/lofimusic.com.es\/index.php\/producto\/b0bmtmbbwd_es\/","title":{"rendered":"B0BMTMBBWD_ES"},"content":{"rendered":"<p>&#8211; Tama\u00f1o: longitud de la barandilla: 80 cm, di\u00e1metro de la barandilla: 42 mm. Para un agarre c\u00f3modo y seguro y est\u00e1 cerrado con tapas ligeramente curvadas.<br \/>\n&#8211; \u3010Fijo firmemente\u3011 Con una buena instalaci\u00f3n, el pasamanos se fija firmemente, por lo que es m\u00e1s seguro para los mayores y los ni\u00f1os. Una herramienta indispensable, especialmente para ni\u00f1os, ancianos o personas que tienen dificultades para subir escaleras.<br \/>\n&#8211; Resistente a la intemperie: hecho de acero inoxidable de alta calidad, resistencia a la intemperie, fuerte resistencia a la corrosi\u00f3n, aspecto exquisito, duradero, pasamanos de pared de f\u00e1cil cuidado adecuado para uso en interiores y exteriores (se necesita un cuidado regular)<br \/>\n&#8211; F\u00e1cil de instalar: con los tornillos y tacos incluidos, el pasamanos de pared se puede fijar f\u00e1cilmente a cualquier pared, ya sea exterior o interior, con solo unos pocos pasos.<br \/>\n&#8211; Contenido del env\u00edo: 1 barandilla para escaleras y soportes de pared (dependiendo de la selecci\u00f3n de cantidad), material de montaje y tacos de metal resistentes.<\/p>\n","protected":false},"excerpt":{"rendered":"<p>Publicidad Vigevee Pasamanos de acero inoxidable, Barandilla Manos para escaleras, Baranda Montaje Soporte en Pared Barandilla Interior Exterior, Incluye soporte de pared y tapas de extremos, 80 cm<\/p>\n","protected":false},"featured_media":35291,"comment_status":"open","ping_status":"closed","template":"","meta":[],"product_cat":[15],"product_tag":[],"class_list":{"0":"post-35292","1":"product","2":"type-product","3":"status-publish","4":"has-post-thumbnail","6":"product_cat-sin-categorizar","7":"nodate","8":"item-wrap","10":"first","11":"instock","12":"shipping-taxable","13":"product-type-external"},"_links":{"self":[{"href":"https:\/\/lofimusic.com.es\/index.php\/wp-json\/wp\/v2\/product\/35292","targetHints":{"allow":["GET"]}}],"collection":[{"href":"https:\/\/lofimusic.com.es\/index.php\/wp-json\/wp\/v2\/product"}],"about":[{"href":"https:\/\/lofimusic.com.es\/index.php\/wp-json\/wp\/v2\/types\/product"}],"replies":[{"embeddable":true,"href":"https:\/\/lofimusic.com.es\/index.php\/wp-json\/wp\/v2\/comments?post=35292"}],"wp:featuredmedia":[{"embeddable":true,"href":"https:\/\/lofimusic.com.es\/index.php\/wp-json\/wp\/v2\/media\/35291"}],"wp:attachment":[{"href":"https:\/\/lofimusic.com.es\/index.php\/wp-json\/wp\/v2\/media?parent=35292"}],"wp:term":[{"taxonomy":"product_cat","embeddable":true,"href":"https:\/\/lofimusic.com.es\/index.php\/wp-json\/wp\/v2\/product_cat?post=35292"},{"taxonomy":"product_tag","embeddable":true,"href":"https:\/\/lofimusic.com.es\/index.php\/wp-json\/wp\/v2\/product_tag?post=35292"}],"curies":[{"name":"wp","href":"https:\/\/api.w.org\/{rel}","templated":true}]}}