{"id":35288,"date":"2026-04-15T05:53:33","date_gmt":"2026-04-15T05:53:33","guid":{"rendered":"https:\/\/lofimusic.com.es\/index.php\/producto\/b0fcs2yb7r_es\/"},"modified":"2026-04-15T05:53:33","modified_gmt":"2026-04-15T05:53:33","slug":"b0fcs2yb7r_es","status":"publish","type":"product","link":"https:\/\/lofimusic.com.es\/index.php\/producto\/b0fcs2yb7r_es\/","title":{"rendered":"B0FCS2YB7R_ES"},"content":{"rendered":"<p>&#8211; Nuevo Toallero Mejorado: Transforma tu ba\u00f1o con nuestro toallero montado en la pared que incluye un estante de almacenamiento funcional. El divisor central \u00fanico facilita la recuperaci\u00f3n de las toallas y asegura que se mantengan en su lugar, ofreciendo soporte mejorado para evitar cualquier percance, todo mientras ahorra espacio y mantiene un aspecto organizado.<br \/>\n&#8211; Capacidad de Almacenamiento Espaciosa: El toallero presenta un dise\u00f1o espacioso con una altura de hasta 75 cm, proporcionando espacio amplio para una multitud de toallas de ba\u00f1o y toallas. Perfectamente adecuado para familias grandes que requieren almacenamiento abundante de toallas.<br \/>\n&#8211; Dise\u00f1o Multicapa: Este toallero incluye estantes posicionados en la parte superior, media y inferior, asegurando que las toallas permanezcan seguras y organizadas. El estante superior es ideal para almacenar peque\u00f1os objetos, maximizando la usabilidad y la eficiencia en el ahorro de espacio.<br \/>\n&#8211; Ahorro de Espacio: Dise\u00f1ado para la versatilidad, este toallero acomoda toallas de varios tama\u00f1os, especialmente toallas de ba\u00f1o grandes, y est\u00e1 hecho para ahorrar espacio, adapt\u00e1ndose perfectamente a cualquier distribuci\u00f3n de ba\u00f1o.<br \/>\n&#8211; Acabado Negro Mate Duradero: Con un acabado negro mate elegante, este toallero resiste la humedad y el \u00f3xido, ofreciendo una textura hermosa que es tanto est\u00e9ticamente agradable como duradera. Construido con materiales de primera calidad, garantiza fiabilidad y robustez en entornos de ba\u00f1o.<br \/>\n&#8211; Doble Opci\u00f3n de Instalaci\u00f3n: Nuestro toallero se puede instalar taladrando o pegando. Elija entre adhesivo o tornillos para un montaje robusto y duradero que se adapte a sus necesidades. Incluye todos los herrajes necesarios.<\/p>\n","protected":false},"excerpt":{"rendered":"<p>Publicidad Samlonge 76cm Toallero de Ba\u00f1o de Pared, Toallero de Ba\u00f1o Sin Taladro con Estante y 6 Ganchos Toallero de Pared Autoadhesivo Soporte de Pared para Toallas Negro<\/p>\n","protected":false},"featured_media":35287,"comment_status":"open","ping_status":"closed","template":"","meta":[],"product_cat":[15],"product_tag":[],"class_list":{"0":"post-35288","1":"product","2":"type-product","3":"status-publish","4":"has-post-thumbnail","6":"product_cat-sin-categorizar","7":"nodate","8":"item-wrap","10":"first","11":"instock","12":"shipping-taxable","13":"product-type-external"},"_links":{"self":[{"href":"https:\/\/lofimusic.com.es\/index.php\/wp-json\/wp\/v2\/product\/35288","targetHints":{"allow":["GET"]}}],"collection":[{"href":"https:\/\/lofimusic.com.es\/index.php\/wp-json\/wp\/v2\/product"}],"about":[{"href":"https:\/\/lofimusic.com.es\/index.php\/wp-json\/wp\/v2\/types\/product"}],"replies":[{"embeddable":true,"href":"https:\/\/lofimusic.com.es\/index.php\/wp-json\/wp\/v2\/comments?post=35288"}],"wp:featuredmedia":[{"embeddable":true,"href":"https:\/\/lofimusic.com.es\/index.php\/wp-json\/wp\/v2\/media\/35287"}],"wp:attachment":[{"href":"https:\/\/lofimusic.com.es\/index.php\/wp-json\/wp\/v2\/media?parent=35288"}],"wp:term":[{"taxonomy":"product_cat","embeddable":true,"href":"https:\/\/lofimusic.com.es\/index.php\/wp-json\/wp\/v2\/product_cat?post=35288"},{"taxonomy":"product_tag","embeddable":true,"href":"https:\/\/lofimusic.com.es\/index.php\/wp-json\/wp\/v2\/product_tag?post=35288"}],"curies":[{"name":"wp","href":"https:\/\/api.w.org\/{rel}","templated":true}]}}