{"id":35276,"date":"2026-04-15T04:43:28","date_gmt":"2026-04-15T04:43:28","guid":{"rendered":"https:\/\/lofimusic.com.es\/index.php\/producto\/b0ghxtv2rn_fr-2\/"},"modified":"2026-04-15T04:43:28","modified_gmt":"2026-04-15T04:43:28","slug":"b0ghxtv2rn_fr-2","status":"publish","type":"product","link":"https:\/\/lofimusic.com.es\/index.php\/producto\/b0ghxtv2rn_fr-2\/","title":{"rendered":"B0GHXTV2RN_FR"},"content":{"rendered":"<p>&#8211; Cette attelle Hallux Valgus corrige en douceur la position de l&#8217;orteil, r\u00e9duit les frottements. Id\u00e9ale pour les cas d\u2019Hallux Valgus au quotidien \u2013 discr\u00e8te, confortable et efficace.<br \/>\n&#8211; L\u2019attelle Hallux Valgus corrige d\u00e9licatement la position naturelle du pied et r\u00e9duit la douleur. Profitez du confort de l\u2019orth\u00e8se jour et nuit pour un soulagement durable et une stabilit\u00e9 accrue.<br \/>\n&#8211; Fabriqu\u00e9e \u00e0 partir d\u2019un mat\u00e9riau hypoallerg\u00e9nique de haute qualit\u00e9, respirant, \u00e9vacuant la transpiration et s\u00e9chant rapidement, elle garde vos pieds au frais et \u00e0 l\u2019aise. Conception sans couture pour un ajustement lisse et invisible, id\u00e9al pour les activit\u00e9s quotidiennes ou le port nocturne, sans g\u00eane.<br \/>\n&#8211; Ces orth\u00e8ses Hallux sont durables et r\u00e9utilisables. Elles se lavent facilement \u00e0 la main avec un d\u00e9tergent doux et s\u00e8chent \u00e0 l\u2019air libre pour \u00eatre r\u00e9utilis\u00e9es. Faciles \u00e0 enfiler, anti-glissement, adapt\u00e9es aux hommes comme aux femmes.<br \/>\n&#8211; Con\u00e7ue aussi bien pour les hommes que pour les femmes. Son design ultra-fin et discret permet de la porter sous des chaussettes et de l\u2019adapter \u00e0 diff\u00e9rentes chaussures : chaussures de costume, sandales, baskets et bottes.<\/p>\n","protected":false},"excerpt":{"rendered":"<p>publicit\u00e92 Pi\u00e8ce Chaussettes Hallux Valgus, Correcteur Hallux Valgus, Separateur Orteil, Apaise L\u2019inconfort Articulaire Du Gros Orteil, Confortables, Tissu Et Respirant, R\u00e9Utilisable, pour Femmes Hommes<\/p>\n","protected":false},"featured_media":35275,"comment_status":"open","ping_status":"closed","template":"","meta":[],"product_cat":[15],"product_tag":[],"class_list":{"0":"post-35276","1":"product","2":"type-product","3":"status-publish","4":"has-post-thumbnail","6":"product_cat-sin-categorizar","7":"nodate","8":"item-wrap","10":"first","11":"instock","12":"shipping-taxable","13":"product-type-external"},"_links":{"self":[{"href":"https:\/\/lofimusic.com.es\/index.php\/wp-json\/wp\/v2\/product\/35276","targetHints":{"allow":["GET"]}}],"collection":[{"href":"https:\/\/lofimusic.com.es\/index.php\/wp-json\/wp\/v2\/product"}],"about":[{"href":"https:\/\/lofimusic.com.es\/index.php\/wp-json\/wp\/v2\/types\/product"}],"replies":[{"embeddable":true,"href":"https:\/\/lofimusic.com.es\/index.php\/wp-json\/wp\/v2\/comments?post=35276"}],"wp:featuredmedia":[{"embeddable":true,"href":"https:\/\/lofimusic.com.es\/index.php\/wp-json\/wp\/v2\/media\/35275"}],"wp:attachment":[{"href":"https:\/\/lofimusic.com.es\/index.php\/wp-json\/wp\/v2\/media?parent=35276"}],"wp:term":[{"taxonomy":"product_cat","embeddable":true,"href":"https:\/\/lofimusic.com.es\/index.php\/wp-json\/wp\/v2\/product_cat?post=35276"},{"taxonomy":"product_tag","embeddable":true,"href":"https:\/\/lofimusic.com.es\/index.php\/wp-json\/wp\/v2\/product_tag?post=35276"}],"curies":[{"name":"wp","href":"https:\/\/api.w.org\/{rel}","templated":true}]}}