{"id":35274,"date":"2026-04-15T04:40:23","date_gmt":"2026-04-15T04:40:23","guid":{"rendered":"https:\/\/lofimusic.com.es\/index.php\/producto\/b0gl21yrb5_de\/"},"modified":"2026-04-15T04:40:23","modified_gmt":"2026-04-15T04:40:23","slug":"b0gl21yrb5_de","status":"publish","type":"product","link":"https:\/\/lofimusic.com.es\/index.php\/producto\/b0gl21yrb5_de\/","title":{"rendered":"B0GL21YRB5_DE"},"content":{"rendered":"<p>&#8211; \ud83c\udf3f SANFT &amp; HAUTFREUNDLICH &#8211; Weiches, atmungsaktives Material \u2013 passt sich jeder K\u00f6rperstelle an, klebt zuverl\u00e4ssig und schr\u00e4nkt nicht ein. F\u00fcr alle Hauttypen, auch empfindlich.<br \/>\n&#8211; \ud83c\udf43 UNTERST\u00dcTZT DEN STOFFWECHSEL &#8211; Begleitet die nat\u00fcrlichen K\u00f6rperprozesse \u2013 ideal, wenn wenig Zeit f\u00fcr Sport bleibt oder Di\u00e4ten schwerfallen.<br \/>\n&#8211; \ud83c\udfaf F\u00dcR IHRE BED\u00dcRFNISSE &#8211; Gezielt oder allgemein anwendbar. In Kombination mit gesunder Ern\u00e4hrung &amp; Bewegung kann es zu einem ausgeglichenen K\u00f6rpergef\u00fchl beitragen.<br \/>\n&#8211; \ud83d\udca7 EINFACHE &amp; DISKRETE ANWENDUNG &#8211; Haut reinigen, trocknen, Pflaster aufkleben. 6\u20138 Stunden tragen (z.\u202fB. \u00fcber Nacht). Sicherer Halt, unsichtbar unter Kleidung.<br \/>\n&#8211; \ud83d\udce6 PRAKTISCH F\u00dcR UNTERWEGS &#8211; 30 einzeln verpackte Pflaster \u2013 kompakt f\u00fcr Tasche &amp; Reise. Hinweis: Wirkung kann individuell variieren.<\/p>\n","protected":false},"excerpt":{"rendered":"<p>Werbung<br \/>\nAbnehmpflaster, Metabalance Patch f\u00fcr M\u00e4nner &amp; Frauen, 30 St\u00fcck Kosmetisches K\u00f6rperpflege-Pflaster zur Unterst\u00fctzung des Stoffwechsels \u2013 Sanft &amp; hautfreundlich \u2013 F\u00fcr alle K\u00f6rpertypen zur \u00e4u\u00dferen<\/p>\n","protected":false},"featured_media":35273,"comment_status":"open","ping_status":"closed","template":"","meta":[],"product_cat":[15],"product_tag":[],"class_list":{"0":"post-35274","1":"product","2":"type-product","3":"status-publish","4":"has-post-thumbnail","6":"product_cat-sin-categorizar","7":"nodate","8":"item-wrap","10":"first","11":"instock","12":"shipping-taxable","13":"product-type-external"},"_links":{"self":[{"href":"https:\/\/lofimusic.com.es\/index.php\/wp-json\/wp\/v2\/product\/35274","targetHints":{"allow":["GET"]}}],"collection":[{"href":"https:\/\/lofimusic.com.es\/index.php\/wp-json\/wp\/v2\/product"}],"about":[{"href":"https:\/\/lofimusic.com.es\/index.php\/wp-json\/wp\/v2\/types\/product"}],"replies":[{"embeddable":true,"href":"https:\/\/lofimusic.com.es\/index.php\/wp-json\/wp\/v2\/comments?post=35274"}],"wp:featuredmedia":[{"embeddable":true,"href":"https:\/\/lofimusic.com.es\/index.php\/wp-json\/wp\/v2\/media\/35273"}],"wp:attachment":[{"href":"https:\/\/lofimusic.com.es\/index.php\/wp-json\/wp\/v2\/media?parent=35274"}],"wp:term":[{"taxonomy":"product_cat","embeddable":true,"href":"https:\/\/lofimusic.com.es\/index.php\/wp-json\/wp\/v2\/product_cat?post=35274"},{"taxonomy":"product_tag","embeddable":true,"href":"https:\/\/lofimusic.com.es\/index.php\/wp-json\/wp\/v2\/product_tag?post=35274"}],"curies":[{"name":"wp","href":"https:\/\/api.w.org\/{rel}","templated":true}]}}